{"id":20648,"date":"2025-09-30T16:33:18","date_gmt":"2025-09-30T08:33:18","guid":{"rendered":"https:\/\/ulpmat.com\/product\/bismut-oxid\/"},"modified":"2025-09-30T16:33:18","modified_gmt":"2025-09-30T08:33:18","slug":"bismut-oxid","status":"publish","type":"product","link":"https:\/\/ulpmat.com\/de\/produkt\/bismut-oxid\/","title":{"rendered":"Bismut-Oxid"},"content":{"rendered":"<h2><span style=\"font-size: 14pt;\">Wismutoxid-Sputtering-Target \u00dcbersicht<\/span><\/h2>\n<p><span style=\"color: #0000ff;\"><a style=\"color: #0000ff;\" href=\"https:\/\/ulpmat.com\/de\/search\/?type=name&#038;keyword=Bismuth+Oxide\">Bismut-Oxid<\/a> <\/span>Sputtertargets sind Hochleistungsmaterialien, die f\u00fcr die Abscheidung d\u00fcnner Schichten entwickelt wurden. Sie weisen eine ausgezeichnete chemische Stabilit\u00e4t und hohe Leitf\u00e4higkeit auf und finden breite Anwendung in der Optoelektronik, Thermoelektrik und Katalyse. Aufgrund ihrer hohen Reinheit und Stabilit\u00e4t sind sie ideal f\u00fcr die Herstellung hochwertiger D\u00fcnnschichten.<\/p>\n<p>Wir bieten Bismutoxid-Targets in einer Vielzahl von Formen und Gr\u00f6\u00dfen an, darunter runde, rechteckige und andere kundenspezifische Formen. Wir bieten auch einen umfassenden <span style=\"color: #0000ff;\"><a style=\"color: #0000ff;\" href=\"https:\/\/ulpmat.com\/de\/service\/service-nach-dem-verkauf\/\">after-Sales<\/a><\/span> wenn Sie Fragen zur Verwendung haben, k\u00f6nnen Sie sich gerne an <span style=\"color: #0000ff;\"><a style=\"color: #0000ff;\" href=\"https:\/\/ulpmat.com\/de\/kontakt-us\/\">kontaktieren Sie uns<\/a><\/span>.<\/p>\n<h2><span style=\"font-size: 14pt;\">Produkt-Highlights<\/span><\/h2>\n<p>Reinheit: 99,99%<br \/>\nAusgezeichnete Leitf\u00e4higkeit: Geeignet f\u00fcr die Herstellung von elektronischen und optoelektronischen Ger\u00e4ten<br \/>\nHohe Stabilit\u00e4t: Stabil bei hohen Temperaturen und in hochkorrosiven Umgebungen<br \/>\nAnpassbare Verpackung<br \/>\nAnpassbare Gr\u00f6\u00dfe und Form: Erf\u00fcllen spezifische Prozessanforderungen<\/p>\n<h2><span style=\"font-size: 14pt;\">Anwendungen von Bismutoxid-Sputter-Targets <\/span><\/h2>\n<p>Halbleiter: Bismutoxid wird in Halbleiterbauelementen als Schl\u00fcsselkomponente wie Elektrodenmaterialien und dielektrische Schichten verwendet.<br \/>\nOptoelektronische Materialien: Sie werden in Fotodetektoren, Fotovoltaikzellen und anderen optoelektronischen Anwendungen eingesetzt und haben hervorragende Lichtabsorptionseigenschaften.<br \/>\nThermoelektrische Anwendungen: Als thermoelektrisches Material kann es in der thermoelektrischen Stromerzeugung und in K\u00fchlger\u00e4ten eingesetzt werden und bietet eine hervorragende thermoelektrische Umwandlungsleistung.<br \/>\nKatalysator: Wird als Katalysator im Umweltschutz und bei der Entwicklung von gr\u00fcner Energie verwendet, insbesondere bei der Gasreinigung und Wasseraufbereitungstechnologien.<\/p>\n<h2><span style=\"font-size: 14pt;\">Berichte<\/span><\/h2>\n<p>Wir stellen Analysezertifikate (COA), Sicherheitsdatenbl\u00e4tter (MSDS) und andere relevante Berichte f\u00fcr jede Lieferung zur Verf\u00fcgung. Dar\u00fcber hinaus unterst\u00fctzen wir auch Pr\u00fcfungen durch Dritte, um die Qualit\u00e4tssicherung zu verbessern.<\/p>\n","protected":false},"excerpt":{"rendered":"<p>Wismutoxid-Sputtering-Target \u00dcbersicht Bismut-Oxid Sputtertargets sind Hochleistungsmaterialien, die f\u00fcr die Abscheidung d\u00fcnner Schichten entwickelt wurden. Sie weisen eine ausgezeichnete chemische Stabilit\u00e4t und hohe Leitf\u00e4higkeit auf und finden breite Anwendung in der Optoelektronik, Thermoelektrik und Katalyse. Aufgrund ihrer hohen Reinheit und Stabilit\u00e4t sind sie ideal f\u00fcr die Herstellung hochwertiger D\u00fcnnschichten. Wir bieten Bismutoxid-Targets in einer Vielzahl von [&hellip;]<\/p>\n","protected":false},"featured_media":13768,"template":"","meta":{"_acf_changed":false},"product_brand":[132],"product_cat":[451],"product_tag":[],"class_list":{"0":"post-20648","1":"product","2":"type-product","3":"status-publish","4":"has-post-thumbnail","6":"product_brand-ulpmat","7":"product_cat-keramisches-sputtering-target","9":"first","10":"instock","11":"shipping-taxable","12":"product-type-variable"},"acf":[],"_links":{"self":[{"href":"https:\/\/ulpmat.com\/de\/wp-json\/wp\/v2\/product\/20648","targetHints":{"allow":["GET"]}}],"collection":[{"href":"https:\/\/ulpmat.com\/de\/wp-json\/wp\/v2\/product"}],"about":[{"href":"https:\/\/ulpmat.com\/de\/wp-json\/wp\/v2\/types\/product"}],"wp:featuredmedia":[{"embeddable":true,"href":"https:\/\/ulpmat.com\/de\/wp-json\/wp\/v2\/media\/13768"}],"wp:attachment":[{"href":"https:\/\/ulpmat.com\/de\/wp-json\/wp\/v2\/media?parent=20648"}],"wp:term":[{"taxonomy":"product_brand","embeddable":true,"href":"https:\/\/ulpmat.com\/de\/wp-json\/wp\/v2\/product_brand?post=20648"},{"taxonomy":"product_cat","embeddable":true,"href":"https:\/\/ulpmat.com\/de\/wp-json\/wp\/v2\/product_cat?post=20648"},{"taxonomy":"product_tag","embeddable":true,"href":"https:\/\/ulpmat.com\/de\/wp-json\/wp\/v2\/product_tag?post=20648"}],"curies":[{"name":"wp","href":"https:\/\/api.w.org\/{rel}","templated":true}]}}