{"id":20495,"date":"2025-09-30T16:33:20","date_gmt":"2025-09-30T08:33:20","guid":{"rendered":"https:\/\/ulpmat.com\/product\/bismutiii-tellurid\/"},"modified":"2025-09-30T16:33:20","modified_gmt":"2025-09-30T08:33:20","slug":"bismutiii-tellurid","status":"publish","type":"product","link":"https:\/\/ulpmat.com\/de\/produkt\/bismutiii-tellurid\/","title":{"rendered":"Bismut(III)-Tellurid"},"content":{"rendered":"<h2><span style=\"font-size: 14pt;\">Bismut-Tellurid-Sputter-Target \u00dcbersicht<\/span><\/h2>\n<p><span style=\"color: #0000ff;\"><a style=\"color: #0000ff;\" href=\"https:\/\/ulpmat.com\/de\/search\/?type=name&#038;keyword=Bismuth+%28III%29+Telluride\">Bismut-Tellurid<\/a> <\/span>sputtertargets sind Hochleistungsmaterialien, die f\u00fcr D\u00fcnnschichtabscheidungsprozesse entwickelt wurden und im Bereich der Thermoelektrik weit verbreitet sind. Aufgrund ihrer hervorragenden thermoelektrischen Eigenschaften und ihrer m\u00e4\u00dfigen mechanischen Festigkeit eignen sie sich ideal f\u00fcr thermoelektrische Stromerzeugungs- und K\u00fchlanlagen. Bismut(III)-Tellurid-Sputtertargets gew\u00e4hrleisten eine gleichm\u00e4\u00dfige Schichtabscheidung, eine starke Haftung und einen \u00e4u\u00dferst geringen Gehalt an Verunreinigungen unter hochreinen Bedingungen.<\/p>\n<h2><span style=\"font-size: 14pt;\">Produkt-Highlights<\/span><\/h2>\n<p>Reinheit: 99,9% bis 99,999%<br \/>\nThermoelektrische Leistung: Hervorragende W\u00e4rmeleitf\u00e4higkeit f\u00fcr thermoelektrische Stromerzeugungs- und K\u00fchlanlagen<br \/>\nHohe Dichte: Gew\u00e4hrleistet die Gleichm\u00e4\u00dfigkeit des Films und eine zuverl\u00e4ssige elektrische Leistung<br \/>\n<span style=\"color: #0000ff;\"><a style=\"color: #0000ff;\" href=\"https:\/\/ulpmat.com\/de\/service\/anpassung\/\">Anpassbar<\/a> <\/span>Gr\u00f6\u00dfe und Form: Bietet eine Vielzahl von Spezifikationen, um unterschiedliche Prozessanforderungen zu erf\u00fcllen<br \/>\nTarget-Binding-Service ist verf\u00fcgbar<\/p>\n<h2><span style=\"font-size: 14pt;\">Anwendungen von Bismut-Tellurid-Sputter-Targets <\/span><\/h2>\n<p>Thermoelektrische Materialien: Bi2Te3 ist eines der am h\u00e4ufigsten verwendeten Halbleitermaterialien f\u00fcr die thermoelektrische Stromerzeugung und K\u00fchlung.<br \/>\n<span style=\"color: #0000ff;\"><a style=\"color: #0000ff;\" href=\"https:\/\/ulpmat.com\/de\/anwendung\/halbleiter-materialien\/\">Halbleiter<\/a><\/span> Ger\u00e4te: Weit verbreitet in Temperatursensoren, Fotodetektoren und Infrarotdetektoren.<br \/>\n<span style=\"color: #0000ff;\"><a style=\"color: #0000ff;\" href=\"https:\/\/ulpmat.com\/de\/anwendung\/materialien-fuer-die-optik\/\">Optische<\/a> <\/span>Beschichtungen: K\u00f6nnen zur Herstellung effizienter D\u00fcnnschichtmaterialien und zur Verbesserung der Leistung optischer Ger\u00e4te verwendet werden.<br \/>\nThermoelektrische K\u00fchlsysteme: F\u00fcr leistungsstarke thermoelektrische K\u00fchler und K\u00fchlger\u00e4te, die eine stabile Temperaturregelung erm\u00f6glichen.<\/p>\n<h2><span style=\"font-size: 14pt;\">Berichte<\/span><\/h2>\n<p>Wir stellen Analysezertifikate (COA), Sicherheitsdatenbl\u00e4tter (MSDS) und andere relevante Berichte f\u00fcr jede Charge von Bismut-Tellurid-Sputter-Targets zur Verf\u00fcgung, um sicherzustellen, dass die Produkte den internationalen Qualit\u00e4tsstandards entsprechen. Gleichzeitig unterst\u00fctzen wir auch Pr\u00fcfungen durch Dritte, um die Qualit\u00e4tssicherung weiter zu verbessern.<\/p>\n","protected":false},"excerpt":{"rendered":"<p>Bismut-Tellurid-Sputter-Target \u00dcbersicht Bismut-Tellurid sputtertargets sind Hochleistungsmaterialien, die f\u00fcr D\u00fcnnschichtabscheidungsprozesse entwickelt wurden und im Bereich der Thermoelektrik weit verbreitet sind. Aufgrund ihrer hervorragenden thermoelektrischen Eigenschaften und ihrer m\u00e4\u00dfigen mechanischen Festigkeit eignen sie sich ideal f\u00fcr thermoelektrische Stromerzeugungs- und K\u00fchlanlagen. Bismut(III)-Tellurid-Sputtertargets gew\u00e4hrleisten eine gleichm\u00e4\u00dfige Schichtabscheidung, eine starke Haftung und einen \u00e4u\u00dferst geringen Gehalt an Verunreinigungen unter hochreinen [&hellip;]<\/p>\n","protected":false},"featured_media":13803,"template":"","meta":{"_acf_changed":false},"product_brand":[132],"product_cat":[451],"product_tag":[],"class_list":{"0":"post-20495","1":"product","2":"type-product","3":"status-publish","4":"has-post-thumbnail","6":"product_brand-ulpmat","7":"product_cat-keramisches-sputtering-target","9":"first","10":"instock","11":"shipping-taxable","12":"product-type-variable"},"acf":[],"_links":{"self":[{"href":"https:\/\/ulpmat.com\/de\/wp-json\/wp\/v2\/product\/20495","targetHints":{"allow":["GET"]}}],"collection":[{"href":"https:\/\/ulpmat.com\/de\/wp-json\/wp\/v2\/product"}],"about":[{"href":"https:\/\/ulpmat.com\/de\/wp-json\/wp\/v2\/types\/product"}],"wp:featuredmedia":[{"embeddable":true,"href":"https:\/\/ulpmat.com\/de\/wp-json\/wp\/v2\/media\/13803"}],"wp:attachment":[{"href":"https:\/\/ulpmat.com\/de\/wp-json\/wp\/v2\/media?parent=20495"}],"wp:term":[{"taxonomy":"product_brand","embeddable":true,"href":"https:\/\/ulpmat.com\/de\/wp-json\/wp\/v2\/product_brand?post=20495"},{"taxonomy":"product_cat","embeddable":true,"href":"https:\/\/ulpmat.com\/de\/wp-json\/wp\/v2\/product_cat?post=20495"},{"taxonomy":"product_tag","embeddable":true,"href":"https:\/\/ulpmat.com\/de\/wp-json\/wp\/v2\/product_tag?post=20495"}],"curies":[{"name":"wp","href":"https:\/\/api.w.org\/{rel}","templated":true}]}}