{"id":20450,"date":"2025-09-30T16:33:21","date_gmt":"2025-09-30T08:33:21","guid":{"rendered":"https:\/\/ulpmat.com\/product\/bismut-germanium-oxid-bgo\/"},"modified":"2025-09-30T16:33:21","modified_gmt":"2025-09-30T08:33:21","slug":"bismut-germanium-oxid-bgo","status":"publish","type":"product","link":"https:\/\/ulpmat.com\/de\/produkt\/bismut-germanium-oxid-bgo\/","title":{"rendered":"Bismut-Germanium-Oxid (BGO)"},"content":{"rendered":"<h2><span style=\"font-size: 14pt;\">Wismut-Germanium-Oxid-Sputtering-Target \u00dcbersicht<\/span><\/h2>\n<p><span style=\"color: #0000ff;\"><a style=\"color: #0000ff;\" href=\"https:\/\/ulpmat.com\/de\/search\/?type=name&#038;keyword=Bismuth+Germanium+Oxide\">Bismut-Germanium-Oxid<\/a><\/span> sputtertargets sind Hochleistungsmaterialien, die f\u00fcr ferroelektrische, optoelektronische und funktionelle D\u00fcnnschichtabscheidungsprozesse entwickelt wurden. Das Material ist strukturell stabil, chemisch einheitlich und weist eine ausgezeichnete Dichte und Reinheit auf, was eine konsistente Schichtzusammensetzung, starke Haftung und hohe Schichtqualit\u00e4t gew\u00e4hrleistet.<\/p>\n<p>Wir bieten Sputtertargets aus Bismut-Germanium-Oxid in verschiedenen Formen und Gr\u00f6\u00dfen an, einschlie\u00dflich runder und rechteckiger Targets, die entsprechend Ihren spezifischen Anforderungen angepasst werden k\u00f6nnen. Wir bieten auch einen umfassenden Kundendienst. Wenn Sie Fragen zur Verwendung haben, k\u00f6nnen Sie sich gerne an <span style=\"color: #0000ff;\"><a style=\"color: #0000ff;\" href=\"https:\/\/ulpmat.com\/de\/kontakt-us\/\">kontaktieren Sie uns<\/a><\/span>.<\/p>\n<h2><span style=\"font-size: 14pt;\">Produkt-Highlights<\/span><\/h2>\n<p>Reinheit: 99,99%<br \/>\nKeramikstruktur mit hoher Dichte f\u00fcr eine stabile Abscheidung<br \/>\n<span style=\"color: #0000ff;\"><a style=\"color: #0000ff;\" href=\"https:\/\/ulpmat.com\/de\/service\/anpassung\/\">Anpassbar<\/a><\/span> gr\u00f6\u00dfe und Form<br \/>\nTarget-Binding-Service verf\u00fcgbar<br \/>\nHervorragende Schichtgleichm\u00e4\u00dfigkeit und Haftung<br \/>\nAnwendbar f\u00fcr eine Vielzahl von funktionalen D\u00fcnnschichtpr\u00e4paraten<\/p>\n<h2><span style=\"font-size: 14pt;\">Anwendungen von Bismut-Germanium-Oxid-Sputter-Targets<\/span><\/h2>\n<p>Ferroelektrischer Speicher: Bi\u2084Ti\u2083O\u2081\u2082 ist ein klassisches ferroelektrisches Material, das f\u00fcr die Abscheidung von ferroelektrischen Schichten in nichtfl\u00fcchtigen Speichern (FeRAM) verwendet werden kann.<br \/>\nOptoelektronische Ger\u00e4te: Zur Herstellung multifunktionaler Oxidschichten mit fotoempfindlichen Eigenschaften f\u00fcr die photoelektrische Umwandlung und Sensoren.<br \/>\nPiezoelektrische und dielektrische Materialien: k\u00f6nnen als funktionelle Schichtmaterialien in Keramikkondensatoren und mehrschichtigen Chipkomponenten mit guten dielektrischen Eigenschaften verwendet werden.<br \/>\nFilme f\u00fcr integrierte Bauelemente: Funktionsfilme, die in integrierten Schaltkreisen verwendet werden, wie z. B. selbstpolarisierende ferroelektrische Kondensatoren.<\/p>\n<h2><span style=\"font-size: 14pt;\">Berichte<\/span><\/h2>\n<p>Wir stellen f\u00fcr jede Charge von Bismut-Germaniumoxid-Sputter-Targets ein vollst\u00e4ndiges Analysezertifikat (COA), ein Materialsicherheitsdatenblatt (MSDS) und relevante Komponententestberichte zur Verf\u00fcgung. Auf Kundenwunsch k\u00f6nnen wir auch Pr\u00fcfberichte von Dritten zur Verf\u00fcgung stellen, um das Vertrauen in die Materialqualit\u00e4t zu st\u00e4rken.<\/p>\n","protected":false},"excerpt":{"rendered":"<p>Wismut-Germanium-Oxid-Sputtering-Target \u00dcbersicht Bismut-Germanium-Oxid sputtertargets sind Hochleistungsmaterialien, die f\u00fcr ferroelektrische, optoelektronische und funktionelle D\u00fcnnschichtabscheidungsprozesse entwickelt wurden. Das Material ist strukturell stabil, chemisch einheitlich und weist eine ausgezeichnete Dichte und Reinheit auf, was eine konsistente Schichtzusammensetzung, starke Haftung und hohe Schichtqualit\u00e4t gew\u00e4hrleistet. Wir bieten Sputtertargets aus Bismut-Germanium-Oxid in verschiedenen Formen und Gr\u00f6\u00dfen an, einschlie\u00dflich runder und rechteckiger [&hellip;]<\/p>\n","protected":false},"featured_media":13923,"template":"","meta":{"_acf_changed":false},"product_brand":[132],"product_cat":[451],"product_tag":[],"class_list":{"0":"post-20450","1":"product","2":"type-product","3":"status-publish","4":"has-post-thumbnail","6":"product_brand-ulpmat","7":"product_cat-keramisches-sputtering-target","9":"first","10":"instock","11":"shipping-taxable","12":"product-type-variable"},"acf":[],"_links":{"self":[{"href":"https:\/\/ulpmat.com\/de\/wp-json\/wp\/v2\/product\/20450","targetHints":{"allow":["GET"]}}],"collection":[{"href":"https:\/\/ulpmat.com\/de\/wp-json\/wp\/v2\/product"}],"about":[{"href":"https:\/\/ulpmat.com\/de\/wp-json\/wp\/v2\/types\/product"}],"wp:featuredmedia":[{"embeddable":true,"href":"https:\/\/ulpmat.com\/de\/wp-json\/wp\/v2\/media\/13923"}],"wp:attachment":[{"href":"https:\/\/ulpmat.com\/de\/wp-json\/wp\/v2\/media?parent=20450"}],"wp:term":[{"taxonomy":"product_brand","embeddable":true,"href":"https:\/\/ulpmat.com\/de\/wp-json\/wp\/v2\/product_brand?post=20450"},{"taxonomy":"product_cat","embeddable":true,"href":"https:\/\/ulpmat.com\/de\/wp-json\/wp\/v2\/product_cat?post=20450"},{"taxonomy":"product_tag","embeddable":true,"href":"https:\/\/ulpmat.com\/de\/wp-json\/wp\/v2\/product_tag?post=20450"}],"curies":[{"name":"wp","href":"https:\/\/api.w.org\/{rel}","templated":true}]}}