{"id":20435,"date":"2025-09-30T16:33:21","date_gmt":"2025-09-30T08:33:21","guid":{"rendered":"https:\/\/ulpmat.com\/product\/bismut-titanoxid-2\/"},"modified":"2025-09-30T16:33:21","modified_gmt":"2025-09-30T08:33:21","slug":"bismut-titanoxid-2","status":"publish","type":"product","link":"https:\/\/ulpmat.com\/de\/produkt\/bismut-titanoxid-2\/","title":{"rendered":"Bismut-Titanoxid"},"content":{"rendered":"<h2><span style=\"font-size: 14pt;\">Wismut-Titan-Oxid-Pulver \u00dcbersicht<\/span><\/h2>\n<p><span style=\"color: #0000ff;\"><a style=\"color: #0000ff;\" href=\"https:\/\/ulpmat.com\/de\/search\/?type=name&#038;keyword=Bismuth+titanium+oxide\">Bismut-Titanoxid<\/a> <\/span>pulver ist ein funktionelles Material, das f\u00fcr Hochleistungskeramik und D\u00fcnnschichtverfahren entwickelt wurde. Aufgrund seiner pr\u00e4zisen Zusammensetzung, hohen Reinheit, ausgezeichneten thermischen Stabilit\u00e4t und dielektrischen Eigenschaften eignet es sich f\u00fcr eine Vielzahl von elektronischen und optoelektronischen Bereichen.<\/p>\n<p>Wir bieten Wismut-Titanoxid-Pulver in einer Vielzahl von Partikelgr\u00f6\u00dfen an und k\u00f6nnen die Partikelmorphologie, die Verteilung und die Verpackungsspezifikationen Ihren spezifischen Anforderungen anpassen. Bei unseren Produkten wird der Gehalt an Verunreinigungen streng kontrolliert, um die Konsistenz von Charge zu Charge zu gew\u00e4hrleisten, und sie erf\u00fcllen die unterschiedlichen Anforderungen der wissenschaftlichen Forschung und des industriellen Ma\u00dfstabs.<\/p>\n<h2><span style=\"font-size: 14pt;\">Produkt-Highlights<\/span><\/h2>\n<p>Hohe Reinheit: 99,9%<br \/>\nGleichm\u00e4\u00dfige Partikelgr\u00f6\u00dfenverteilung, anpassbar<br \/>\nGute thermische Stabilit\u00e4t, geeignet f\u00fcr die Verarbeitung bei hohen Temperaturen<br \/>\n<span style=\"color: #0000ff;\"><a style=\"color: #0000ff;\" href=\"https:\/\/ulpmat.com\/de\/service\/anpassung\/\">Anpassbar<\/a><\/span> partikelgr\u00f6\u00dfe und Verpackung entsprechend den Kundenanforderungen<\/p>\n<h2><span style=\"font-size: 14pt;\">Anwendungen von Bismut-Titanoxid-Pulver<\/span><\/h2>\n<p>Ferroelektrische und piezoelektrische Keramikkomponenten: Als eine Art Schichtmaterial mit Perowskit-Struktur wird Bi\u2084Ti\u2083O\u2081\u2082 h\u00e4ufig f\u00fcr ferroelektrische Speicher, piezoelektrische Aktoren und Sensoren verwendet.<br \/>\nFolienkondensatoren: Es kann als dielektrisches Filmmaterial mit hoher Dielektrizit\u00e4tskonstante und geringen Verlusten verwendet werden und eignet sich f\u00fcr integrierte Schaltungen und Hochfrequenzkondensatoranwendungen.<br \/>\nPhotoelektrische Ger\u00e4te: Es hat potenzielle Anwendungen in der Photokatalyse und der photoelektrischen Umwandlung und kann zur Entwicklung neuer optischer Funktionsmaterialien verwendet werden.<br \/>\nHochtemperatur-Isoliermaterialien: Aufgrund seiner hohen Curie-Temperatur und guten Isolierung eignet es sich f\u00fcr die Herstellung von Isolierschichten unter extremen Bedingungen.<\/p>\n<h2><span style=\"font-size: 14pt;\">Bericht<\/span><\/h2>\n<p>Wir bieten detaillierte Analysezertifikate (COA), Sicherheitsdatenbl\u00e4tter (MSDS) und Pr\u00fcfberichte \u00fcber die Partikelgr\u00f6\u00dfenverteilung f\u00fcr jede Charge von Bismut-Titanoxidpulver. Wenn Sie eine Pr\u00fcfung durch einen Dritten ben\u00f6tigen, k\u00f6nnen wir Ihnen auch dabei helfen, um sicherzustellen, dass die Qualit\u00e4t nachverfolgt werden kann und die Leistung garantiert ist.<\/p>\n","protected":false},"excerpt":{"rendered":"<p>Wismut-Titan-Oxid-Pulver \u00dcbersicht Bismut-Titanoxid pulver ist ein funktionelles Material, das f\u00fcr Hochleistungskeramik und D\u00fcnnschichtverfahren entwickelt wurde. Aufgrund seiner pr\u00e4zisen Zusammensetzung, hohen Reinheit, ausgezeichneten thermischen Stabilit\u00e4t und dielektrischen Eigenschaften eignet es sich f\u00fcr eine Vielzahl von elektronischen und optoelektronischen Bereichen. Wir bieten Wismut-Titanoxid-Pulver in einer Vielzahl von Partikelgr\u00f6\u00dfen an und k\u00f6nnen die Partikelmorphologie, die Verteilung und die [&hellip;]<\/p>\n","protected":false},"featured_media":13810,"template":"","meta":{"_acf_changed":false},"product_brand":[132],"product_cat":[1185],"product_tag":[],"class_list":{"0":"post-20435","1":"product","2":"type-product","3":"status-publish","4":"has-post-thumbnail","6":"product_brand-ulpmat","7":"product_cat-andere-saeuren","9":"first","10":"instock","11":"shipping-taxable","12":"product-type-variable"},"acf":[],"_links":{"self":[{"href":"https:\/\/ulpmat.com\/de\/wp-json\/wp\/v2\/product\/20435","targetHints":{"allow":["GET"]}}],"collection":[{"href":"https:\/\/ulpmat.com\/de\/wp-json\/wp\/v2\/product"}],"about":[{"href":"https:\/\/ulpmat.com\/de\/wp-json\/wp\/v2\/types\/product"}],"wp:featuredmedia":[{"embeddable":true,"href":"https:\/\/ulpmat.com\/de\/wp-json\/wp\/v2\/media\/13810"}],"wp:attachment":[{"href":"https:\/\/ulpmat.com\/de\/wp-json\/wp\/v2\/media?parent=20435"}],"wp:term":[{"taxonomy":"product_brand","embeddable":true,"href":"https:\/\/ulpmat.com\/de\/wp-json\/wp\/v2\/product_brand?post=20435"},{"taxonomy":"product_cat","embeddable":true,"href":"https:\/\/ulpmat.com\/de\/wp-json\/wp\/v2\/product_cat?post=20435"},{"taxonomy":"product_tag","embeddable":true,"href":"https:\/\/ulpmat.com\/de\/wp-json\/wp\/v2\/product_tag?post=20435"}],"curies":[{"name":"wp","href":"https:\/\/api.w.org\/{rel}","templated":true}]}}