{"id":20399,"date":"2025-09-30T16:33:22","date_gmt":"2025-09-30T08:33:22","guid":{"rendered":"https:\/\/ulpmat.com\/product\/bismutchlorid\/"},"modified":"2025-09-30T16:33:22","modified_gmt":"2025-09-30T08:33:22","slug":"bismutchlorid","status":"publish","type":"product","link":"https:\/\/ulpmat.com\/de\/produkt\/bismutchlorid\/","title":{"rendered":"Bismutchlorid"},"content":{"rendered":"<h2><span style=\"font-size: 14pt;\">Bismutchlorid-Pulver \u00dcbersicht<\/span><\/h2>\n<p><span style=\"color: #0000ff;\"><a style=\"color: #0000ff;\" href=\"https:\/\/ulpmat.com\/de\/search\/?type=name&#038;keyword=Bismuth+Chloride\">Bismutchlorid<\/a><\/span> pulver ist ein funktionelles anorganisches Material, das in anspruchsvollen Anwendungen wie Katalyse, Synthese und Materialentwicklung eingesetzt wird. Seine Reinheit kann 99,99% erreichen, mit ausgezeichneter chemischer Stabilit\u00e4t und Reaktivit\u00e4t, besonders geeignet f\u00fcr elektronische Chemie, Feinchemikalien und funktionelle Materialien.<\/p>\n<p>Wir k\u00f6nnen Bismutchlorid-Pulver mit einer Vielzahl von Partikelgr\u00f6\u00dfenverteilungen anbieten, die je nach Kundenwunsch angepasst und verpackt werden k\u00f6nnen. Wir bieten auch einen professionellen Kundendienst. Wenn Sie w\u00e4hrend des Gebrauchs Fragen haben, k\u00f6nnen Sie sich gerne an <span style=\"color: #0000ff;\"><a style=\"color: #0000ff;\" href=\"https:\/\/ulpmat.com\/de\/kontakt-us\/\">kontaktieren<\/a><\/span> unser technisches Team.<\/p>\n<h2><span style=\"font-size: 14pt;\">Produkt-Highlights<\/span><\/h2>\n<p>Reinheit: 99,99%<br \/>\nHohe Stabilit\u00e4t, bequeme Lagerung und Transport<br \/>\n<span style=\"color: #0000ff;\"><a style=\"color: #0000ff;\" href=\"https:\/\/ulpmat.com\/de\/service\/anpassung\/\">Anpassbar<\/a><\/span> partikelgr\u00f6\u00dfe und Verpackung<\/p>\n<h2><span style=\"font-size: 14pt;\">Anwendung von Bismutchlorid-Pulver<\/span><\/h2>\n<p>Katalysatortr\u00e4ger: Es weist eine ausgezeichnete katalytische Selektivit\u00e4t und Aktivit\u00e4t bei der organischen Synthese, der Halogenierung von aromatischen Kohlenwasserstoffen, Redox- und anderen Reaktionen auf.<br \/>\nFunktionelle Materialien: Es wird zur Herstellung von Glas mit niedrigem Schmelzpunkt, optoelektronischen Materialien und thermosensitiven Materialien verwendet, um die Leistungszuverl\u00e4ssigkeit der Produkte zu verbessern.<br \/>\nPharmazeutische Zwischenprodukte: Als Zwischenprodukt f\u00fcr die Synthese bestimmter Wismut-Arzneimittel (z. B. Magenmittel) weist es eine gute Biokompatibilit\u00e4t auf.<br \/>\nElektronische Chemie: Es wird verwendet, um die Filmbildung zu regulieren und die Leistung von Galvanik-, L\u00f6t- und Batteriematerialien zu optimieren.<\/p>\n<h2><span style=\"font-size: 14pt;\">Bericht<\/span><\/h2>\n<p>Wir bieten Analysezertifikate (COA), Sicherheitsdatenbl\u00e4tter (MSDS) und andere notwendige technische Dokumente f\u00fcr jede Produktcharge. Alle Produkte werden einer strengen Qualit\u00e4tskontrolle unterzogen, bevor sie das Werk verlassen, und unterst\u00fctzen Pr\u00fcfberichte Dritter, um die Sicherheit und das Vertrauen der Kunden zu gew\u00e4hrleisten.<\/p>\n","protected":false},"excerpt":{"rendered":"<p>Bismutchlorid-Pulver \u00dcbersicht Bismutchlorid pulver ist ein funktionelles anorganisches Material, das in anspruchsvollen Anwendungen wie Katalyse, Synthese und Materialentwicklung eingesetzt wird. Seine Reinheit kann 99,99% erreichen, mit ausgezeichneter chemischer Stabilit\u00e4t und Reaktivit\u00e4t, besonders geeignet f\u00fcr elektronische Chemie, Feinchemikalien und funktionelle Materialien. Wir k\u00f6nnen Bismutchlorid-Pulver mit einer Vielzahl von Partikelgr\u00f6\u00dfenverteilungen anbieten, die je nach Kundenwunsch angepasst und [&hellip;]<\/p>\n","protected":false},"featured_media":13824,"template":"","meta":{"_acf_changed":false},"product_brand":[132],"product_cat":[318],"product_tag":[],"class_list":{"0":"post-20399","1":"product","2":"type-product","3":"status-publish","4":"has-post-thumbnail","6":"product_brand-ulpmat","7":"product_cat-halogenid-materialien","9":"first","10":"instock","11":"shipping-taxable","12":"product-type-variable"},"acf":[],"_links":{"self":[{"href":"https:\/\/ulpmat.com\/de\/wp-json\/wp\/v2\/product\/20399","targetHints":{"allow":["GET"]}}],"collection":[{"href":"https:\/\/ulpmat.com\/de\/wp-json\/wp\/v2\/product"}],"about":[{"href":"https:\/\/ulpmat.com\/de\/wp-json\/wp\/v2\/types\/product"}],"wp:featuredmedia":[{"embeddable":true,"href":"https:\/\/ulpmat.com\/de\/wp-json\/wp\/v2\/media\/13824"}],"wp:attachment":[{"href":"https:\/\/ulpmat.com\/de\/wp-json\/wp\/v2\/media?parent=20399"}],"wp:term":[{"taxonomy":"product_brand","embeddable":true,"href":"https:\/\/ulpmat.com\/de\/wp-json\/wp\/v2\/product_brand?post=20399"},{"taxonomy":"product_cat","embeddable":true,"href":"https:\/\/ulpmat.com\/de\/wp-json\/wp\/v2\/product_cat?post=20399"},{"taxonomy":"product_tag","embeddable":true,"href":"https:\/\/ulpmat.com\/de\/wp-json\/wp\/v2\/product_tag?post=20399"}],"curies":[{"name":"wp","href":"https:\/\/api.w.org\/{rel}","templated":true}]}}