{"id":20246,"date":"2025-09-30T16:33:24","date_gmt":"2025-09-30T08:33:24","guid":{"rendered":"https:\/\/ulpmat.com\/product\/bismut-antimonselenid\/"},"modified":"2025-09-30T16:33:24","modified_gmt":"2025-09-30T08:33:24","slug":"bismut-antimonselenid","status":"publish","type":"product","link":"https:\/\/ulpmat.com\/de\/produkt\/bismut-antimonselenid\/","title":{"rendered":"Bismut-Antimonselenid"},"content":{"rendered":"<h2><span style=\"font-size: 14pt;\">Wismut-Antimonselenid-Sputtering-Target \u00dcbersicht<\/span><\/h2>\n<p><span style=\"color: #0000ff;\"><a style=\"color: #0000ff;\" href=\"https:\/\/ulpmat.com\/de\/search\/?type=name&#038;keyword=Bismuth+Antimony+Selenide\">Bismut-Antimonselenid<\/a><\/span> sputtertargets sind Hochleistungsmaterialien, die f\u00fcr thermoelektrische Materialien und funktionelle D\u00fcnnschichtanwendungen entwickelt wurden. Sie eignen sich f\u00fcr fortschrittliche Abscheidungsverfahren wie Molekularstrahlepitaxie (MBE), Magnetronsputtern (PVD) und gepulste Laserabscheidung (PLD). Durch die pr\u00e4zise Steuerung der Zusammensetzung, die hohe Reinheit und die einheitliche Mikrostruktur k\u00f6nnen sie ein stabiles und wiederholbares Schichtwachstum unterst\u00fctzen und so die Anforderungen der wissenschaftlichen Forschung und der Industrie an Thermoelektrika, topologische Isolatoren und Energieumwandlungsmaterialien erf\u00fcllen.<\/p>\n<p>Wir bieten Wismut-Antimonselenid-Targets in verschiedenen Gr\u00f6\u00dfen und Verh\u00e4ltnissen an, mit ma\u00dfgeschneiderten L\u00f6sungen f\u00fcr die Zusammensetzung auf der Grundlage von Kundenanforderungen, die verschiedene Formen wie rund, rechteckig und ringf\u00f6rmig unterst\u00fctzen. Wir bieten auch umfassende technische Unterst\u00fctzung f\u00fcr den Prozess. Wenn Sie Fragen zu Prozessparametern oder Kompatibilit\u00e4t haben, k\u00f6nnen Sie sich gerne <span style=\"color: #0000ff;\"><a style=\"color: #0000ff;\" href=\"https:\/\/ulpmat.com\/de\/kontakt-us\/\">kontaktieren Sie uns<\/a><\/span>.<\/p>\n<h2><span style=\"font-size: 14pt;\">Produkt-Highlights<\/span><\/h2>\n<p>Einstellbare Zusammensetzung (typisches Verh\u00e4ltnis: Bi:Sb:Se = 1:1:2)<br \/>\nHohe Reinheit: 99,99%<br \/>\nHohe Dichte, kompakte Struktur, verbesserte Filmqualit\u00e4t<br \/>\nGr\u00f6\u00dfe, Form und Verh\u00e4ltnis k\u00f6nnen <span style=\"color: #0000ff;\"><a style=\"color: #0000ff;\" href=\"https:\/\/ulpmat.com\/de\/service\/anpassung\/\">angepasst werden<\/a> <\/span>je nach Bedarf<br \/>\nTarget-Binding-Service kann angeboten werden<br \/>\nAnwendbar f\u00fcr thermoelektrische Ger\u00e4te, topologische Isolatoren, flexible Elektronik und Infrarotdetektoren<\/p>\n<h2><span style=\"font-size: 14pt;\">Anwendungen von <\/span><span style=\"font-size: 14pt;\">Bismut-Antimonselenid-Sputter-Target <\/span><\/h2>\n<p>Thermoelektrische Materialien: BiSbSe-Legierungen sind eine wichtige Klasse von thermoelektrischen Materialien f\u00fcr niedrige Temperaturen mit ausgezeichneten thermoelektrischen Eigenschaften (hoher Seebeck-Koeffizient, niedrige W\u00e4rmeleitf\u00e4higkeit) und finden breite Anwendung bei der thermoelektrischen Stromerzeugung und der K\u00fchlung von Temperaturunterschieden.<br \/>\nForschung zu topologischen Isolatoren: Das BiSbSe-Verbundsystem weist eine topologische, nichttriviale elektronische Struktur auf, die sich ideal f\u00fcr die Erforschung neuer Quantenmaterialien eignet.<br \/>\nInfraroterkennung und Energieumwandlung: Die Folie ist gut verarbeitbar und stabil und wird in den Bereichen Infrarot-Bildgebung, Energier\u00fcckgewinnung und W\u00e4rmemanagement eingesetzt.<\/p>\n<h2><span style=\"font-size: 14pt;\">Bericht<\/span><\/h2>\n<p>Wir stellen f\u00fcr jede Produktcharge ein Analysezertifikat (COA), ein Sicherheitsdatenblatt (MSDS) und einen Bericht \u00fcber die relevanten Komponententests zur Verf\u00fcgung. Wir unterst\u00fctzen auch die Pr\u00fcfung durch Dritte gem\u00e4\u00df den Kundenanforderungen, um die Produktqualit\u00e4t und -zuverl\u00e4ssigkeit sicherzustellen.<\/p>\n","protected":false},"excerpt":{"rendered":"<p>Wismut-Antimonselenid-Sputtering-Target \u00dcbersicht Bismut-Antimonselenid sputtertargets sind Hochleistungsmaterialien, die f\u00fcr thermoelektrische Materialien und funktionelle D\u00fcnnschichtanwendungen entwickelt wurden. Sie eignen sich f\u00fcr fortschrittliche Abscheidungsverfahren wie Molekularstrahlepitaxie (MBE), Magnetronsputtern (PVD) und gepulste Laserabscheidung (PLD). Durch die pr\u00e4zise Steuerung der Zusammensetzung, die hohe Reinheit und die einheitliche Mikrostruktur k\u00f6nnen sie ein stabiles und wiederholbares Schichtwachstum unterst\u00fctzen und so die Anforderungen [&hellip;]<\/p>\n","protected":false},"featured_media":13866,"template":"","meta":{"_acf_changed":false},"product_brand":[132],"product_cat":[451],"product_tag":[],"class_list":{"0":"post-20246","1":"product","2":"type-product","3":"status-publish","4":"has-post-thumbnail","6":"product_brand-ulpmat","7":"product_cat-keramisches-sputtering-target","9":"first","10":"instock","11":"shipping-taxable","12":"product-type-variable"},"acf":[],"_links":{"self":[{"href":"https:\/\/ulpmat.com\/de\/wp-json\/wp\/v2\/product\/20246","targetHints":{"allow":["GET"]}}],"collection":[{"href":"https:\/\/ulpmat.com\/de\/wp-json\/wp\/v2\/product"}],"about":[{"href":"https:\/\/ulpmat.com\/de\/wp-json\/wp\/v2\/types\/product"}],"wp:featuredmedia":[{"embeddable":true,"href":"https:\/\/ulpmat.com\/de\/wp-json\/wp\/v2\/media\/13866"}],"wp:attachment":[{"href":"https:\/\/ulpmat.com\/de\/wp-json\/wp\/v2\/media?parent=20246"}],"wp:term":[{"taxonomy":"product_brand","embeddable":true,"href":"https:\/\/ulpmat.com\/de\/wp-json\/wp\/v2\/product_brand?post=20246"},{"taxonomy":"product_cat","embeddable":true,"href":"https:\/\/ulpmat.com\/de\/wp-json\/wp\/v2\/product_cat?post=20246"},{"taxonomy":"product_tag","embeddable":true,"href":"https:\/\/ulpmat.com\/de\/wp-json\/wp\/v2\/product_tag?post=20246"}],"curies":[{"name":"wp","href":"https:\/\/api.w.org\/{rel}","templated":true}]}}