{"id":20211,"date":"2025-09-30T16:33:24","date_gmt":"2025-09-30T08:33:24","guid":{"rendered":"https:\/\/ulpmat.com\/product\/bismut-antimon-tellurid\/"},"modified":"2025-09-30T16:33:24","modified_gmt":"2025-09-30T08:33:24","slug":"bismut-antimon-tellurid","status":"publish","type":"product","link":"https:\/\/ulpmat.com\/de\/produkt\/bismut-antimon-tellurid\/","title":{"rendered":"Bismut-Antimon-Tellurid"},"content":{"rendered":"<h2><span style=\"font-size: 14pt;\">Wismut-Antimon-Tellurid-Sputtering-Target \u00dcbersicht<\/span><\/h2>\n<p><span style=\"color: #0000ff;\"><a style=\"color: #0000ff;\" href=\"https:\/\/ulpmat.com\/de\/search\/?type=name&#038;keyword=Bismuth+Antimony+Telluride\">Bismut-Antimon-Tellurid<\/a><\/span> sputtertargets sind funktionelle Hochleistungsmaterialien, die f\u00fcr D\u00fcnnschichtanwendungen in thermoelektrischen und elektronischen Ger\u00e4ten entwickelt wurden. Ihre pr\u00e4zise Kontrolle der Zusammensetzung und ihre dichte Struktur gew\u00e4hrleisten eine stabile thermoelektrische Leistung und eine hervorragende Schichtbindung. Die hohe Reinheit des Materials erm\u00f6glicht einen Abscheidungsprozess mit geringen Defekten und hoher Konsistenz.<\/p>\n<p>Wir bieten Sputtertargets aus Wismut-Antimon-Tellurid in verschiedenen Formen und Gr\u00f6\u00dfen an, einschlie\u00dflich runder, rechteckiger und ringf\u00f6rmiger Strukturen, die entsprechend Ihren spezifischen Anforderungen angepasst werden k\u00f6nnen. Wir bieten auch umfassende technische Unterst\u00fctzung. Wenn Sie Fragen zur Verwendung oder Leistung haben, k\u00f6nnen Sie sich gerne <span style=\"color: #0000ff;\"><a style=\"color: #0000ff;\" href=\"https:\/\/ulpmat.com\/de\/kontakt-us\/\">kontaktieren Sie uns<\/a><\/span>.<\/p>\n<h2><span style=\"font-size: 14pt;\">Produkt-Highlights<\/span><\/h2>\n<p>Pr\u00e4zise Steuerung der Zusammensetzung (einstellbares Bi:Sb:Te-Atomverh\u00e4ltnis)<br \/>\nDichte Sinterung mit hoher Dichte f\u00fcr gleichm\u00e4\u00dfige Abscheidung<br \/>\n<span style=\"color: #0000ff;\"><a style=\"color: #0000ff;\" href=\"https:\/\/ulpmat.com\/de\/service\/anpassung\/\">Anpassbare<\/a><\/span> gr\u00f6\u00dfe und Formulierung (sowohl n-Typ als auch p-Typ)<br \/>\nTarget-Bonding-Service verf\u00fcgbar<br \/>\nAnwendbar f\u00fcr thermoelektrische Ger\u00e4te, mikroelektronische D\u00fcnnschichtger\u00e4te und MEMS-Systeme<\/p>\n<h2><span style=\"font-size: 14pt;\">Anwendungen von Bismut-Antimontellurid-Sputter-Targets<\/span><\/h2>\n<p>Thermoelektrische Ger\u00e4te: BiSbTe ist eines der effektivsten thermoelektrischen Materialien im Raumtemperaturbereich und kann zur Herstellung von thermoelektrischen K\u00fchlmodulen, Energier\u00fcckgewinnungsger\u00e4ten (TEGs) usw. verwendet werden.<br \/>\nMikroelektronikgeh\u00e4use: geeignet f\u00fcr die Herstellung von Temperaturdifferenzsensoren mit geringem Stromverbrauch, On-Chip-K\u00fchlung und anderen funktionellen Ger\u00e4ten.<br \/>\nMEMS-Ger\u00e4te: f\u00fcr mikrothermoelektrische Generatoren und Mikrok\u00fchler, mit guter Integrationskompatibilit\u00e4t und stabiler Filmleistung.<br \/>\nFlexible Elektronik und tragbare Ger\u00e4te: Hervorragende Folienstruktur, geeignet f\u00fcr biegbare thermoelektrische Ger\u00e4te, die den Komfort und die Energieeffizienz verbessern.<\/p>\n<h2><span style=\"font-size: 14pt;\">Bericht<\/span><\/h2>\n<p>Wir stellen detaillierte Analysezertifikate (COA), Materialsicherheitsdatenbl\u00e4tter (MSDS) und Komponententestberichte f\u00fcr jede Produktcharge zur Verf\u00fcgung. Falls eine Pr\u00fcfung durch Dritte oder eine \u00dcberpr\u00fcfung spezieller Parameter erforderlich ist, k\u00f6nnen wir auch Unterst\u00fctzung anbieten, um sicherzustellen, dass die Kunden eine zuverl\u00e4ssige Qualit\u00e4tssicherung erhalten.<\/p>\n","protected":false},"excerpt":{"rendered":"<p>Wismut-Antimon-Tellurid-Sputtering-Target \u00dcbersicht Bismut-Antimon-Tellurid sputtertargets sind funktionelle Hochleistungsmaterialien, die f\u00fcr D\u00fcnnschichtanwendungen in thermoelektrischen und elektronischen Ger\u00e4ten entwickelt wurden. Ihre pr\u00e4zise Kontrolle der Zusammensetzung und ihre dichte Struktur gew\u00e4hrleisten eine stabile thermoelektrische Leistung und eine hervorragende Schichtbindung. Die hohe Reinheit des Materials erm\u00f6glicht einen Abscheidungsprozess mit geringen Defekten und hoher Konsistenz. Wir bieten Sputtertargets aus Wismut-Antimon-Tellurid in [&hellip;]<\/p>\n","protected":false},"featured_media":14332,"template":"","meta":{"_acf_changed":false},"product_brand":[132],"product_cat":[451],"product_tag":[],"class_list":{"0":"post-20211","1":"product","2":"type-product","3":"status-publish","4":"has-post-thumbnail","6":"product_brand-ulpmat","7":"product_cat-keramisches-sputtering-target","9":"first","10":"instock","11":"shipping-taxable","12":"product-type-variable"},"acf":[],"_links":{"self":[{"href":"https:\/\/ulpmat.com\/de\/wp-json\/wp\/v2\/product\/20211","targetHints":{"allow":["GET"]}}],"collection":[{"href":"https:\/\/ulpmat.com\/de\/wp-json\/wp\/v2\/product"}],"about":[{"href":"https:\/\/ulpmat.com\/de\/wp-json\/wp\/v2\/types\/product"}],"wp:featuredmedia":[{"embeddable":true,"href":"https:\/\/ulpmat.com\/de\/wp-json\/wp\/v2\/media\/14332"}],"wp:attachment":[{"href":"https:\/\/ulpmat.com\/de\/wp-json\/wp\/v2\/media?parent=20211"}],"wp:term":[{"taxonomy":"product_brand","embeddable":true,"href":"https:\/\/ulpmat.com\/de\/wp-json\/wp\/v2\/product_brand?post=20211"},{"taxonomy":"product_cat","embeddable":true,"href":"https:\/\/ulpmat.com\/de\/wp-json\/wp\/v2\/product_cat?post=20211"},{"taxonomy":"product_tag","embeddable":true,"href":"https:\/\/ulpmat.com\/de\/wp-json\/wp\/v2\/product_tag?post=20211"}],"curies":[{"name":"wp","href":"https:\/\/api.w.org\/{rel}","templated":true}]}}