{"id":19955,"date":"2025-10-10T15:22:57","date_gmt":"2025-10-10T07:22:57","guid":{"rendered":"https:\/\/ulpmat.com\/product\/blei-jodid-2\/"},"modified":"2025-10-10T15:22:57","modified_gmt":"2025-10-10T07:22:57","slug":"blei-jodid-2","status":"publish","type":"product","link":"https:\/\/ulpmat.com\/de\/produkt\/blei-jodid-2\/","title":{"rendered":"Blei-Jodid"},"content":{"rendered":"<h2><span style=\"font-size: 14pt;\">Blei-Iodid-Pulver \u00dcbersicht<\/span><\/h2>\n<p><span style=\"color: #0000ff;\"><a style=\"color: #0000ff;\" href=\"https:\/\/ulpmat.com\/de\/search\/?type=name&#038;keyword=Lead+Iodide\">Blei-Iodid<\/a><\/span> pulver ist ein hochleistungsf\u00e4higes Bleioxidmaterial, das in der Optoelektronik, bei Solarzellen, der D\u00fcnnschichtabscheidung und in anderen chemischen Industrien weit verbreitet ist. Seine hervorragenden elektrischen und optoelektronischen Eigenschaften machen es zu einem Schl\u00fcsselmaterial in zahlreichen High-Tech-Industrien.<\/p>\n<p>Wir bieten Blei-Iodid-Pulver mit unterschiedlichen Spezifikationen und Partikelgr\u00f6\u00dfenverteilungen an, um sicherzustellen, dass die verschiedenen technischen Anforderungen erf\u00fcllt werden. Je nach Ihren spezifischen Anforderungen k\u00f6nnen wir Ihnen auch <span style=\"color: #0000ff;\"><a style=\"color: #0000ff;\" href=\"https:\/\/ulpmat.com\/de\/service\/anpassung\/\">kundenspezifische<\/a> <\/span>dienstleistungen anbieten, um die beste Leistung zu gew\u00e4hrleisten.<\/p>\n<h2><span style=\"font-size: 14pt;\">Produkt-Highlights<\/span><\/h2>\n<p>Reinheit: 99,99%<br \/>\nAusgezeichnete optoelektronische Leistung, geeignet f\u00fcr Solarzellen und optoelektronische Ger\u00e4te<br \/>\nIndividuell anpassbare Pulverpartikelgr\u00f6\u00dfe und -verteilung<br \/>\nAnpassbare Verpackung<br \/>\nAnwendbar f\u00fcr optoelektronische Materialien, elektronische Ger\u00e4te, D\u00fcnnschichtabscheidung und andere Bereiche<\/p>\n<h2><span style=\"font-size: 14pt;\">Anwendungen von Blei-Iodid-Pulver <\/span><\/h2>\n<p>Optoelektronische Materialien: Als Material f\u00fcr photovoltaische Zellen hat es gute Lichtabsorptionseigenschaften und wird h\u00e4ufig in Solarzellen und optoelektronischen Ger\u00e4ten verwendet.<br \/>\nD\u00fcnnschichtabscheidung: wird f\u00fcr die Abscheidung von optoelektronischen D\u00fcnnschichtmaterialien verwendet, die eine hohe photoelektrische Umwandlungseffizienz bieten.<br \/>\nElektronische Ger\u00e4te: wird in Halbleiterger\u00e4ten, optischen Materialien und Batterien verwendet und besitzt eine gute elektrische Leitf\u00e4higkeit.<br \/>\nKatalysatoren: f\u00fcr katalytische Reaktionen, insbesondere in der chemischen Synthese und Umweltkatalyse.<\/p>\n<h2><span style=\"font-size: 14pt;\">Berichte<\/span><\/h2>\n<p>Wir stellen Analysezertifikate (COA), Sicherheitsdatenbl\u00e4tter (MSDS) und andere relevante Berichte f\u00fcr jede Charge PbI2-Pulver zur Verf\u00fcgung. Dar\u00fcber hinaus unterst\u00fctzen wir auch Pr\u00fcfungen durch Dritte, um die Qualit\u00e4tssicherung zu verbessern und die Stabilit\u00e4t und Zuverl\u00e4ssigkeit des Produkts zu gew\u00e4hrleisten.<\/p>\n","protected":false},"excerpt":{"rendered":"<p>Blei-Iodid-Pulver \u00dcbersicht Blei-Iodid pulver ist ein hochleistungsf\u00e4higes Bleioxidmaterial, das in der Optoelektronik, bei Solarzellen, der D\u00fcnnschichtabscheidung und in anderen chemischen Industrien weit verbreitet ist. Seine hervorragenden elektrischen und optoelektronischen Eigenschaften machen es zu einem Schl\u00fcsselmaterial in zahlreichen High-Tech-Industrien. Wir bieten Blei-Iodid-Pulver mit unterschiedlichen Spezifikationen und Partikelgr\u00f6\u00dfenverteilungen an, um sicherzustellen, dass die verschiedenen technischen Anforderungen erf\u00fcllt [&hellip;]<\/p>\n","protected":false},"featured_media":14249,"template":"","meta":{"_acf_changed":false},"product_brand":[132],"product_cat":[318],"product_tag":[1598],"class_list":{"0":"post-19955","1":"product","2":"type-product","3":"status-publish","4":"has-post-thumbnail","6":"product_brand-ulpmat","7":"product_cat-halogenid-materialien","8":"product_tag-lead-iodide-pricepbi2lead-iodide-manufacturers-chinabest-lead-iodidebuy-lead-iodidechina-lead-iodidecustomized-lead-iodidelead-iodide-sup","10":"first","11":"instock","12":"shipping-taxable","13":"product-type-variable"},"acf":[],"_links":{"self":[{"href":"https:\/\/ulpmat.com\/de\/wp-json\/wp\/v2\/product\/19955","targetHints":{"allow":["GET"]}}],"collection":[{"href":"https:\/\/ulpmat.com\/de\/wp-json\/wp\/v2\/product"}],"about":[{"href":"https:\/\/ulpmat.com\/de\/wp-json\/wp\/v2\/types\/product"}],"wp:featuredmedia":[{"embeddable":true,"href":"https:\/\/ulpmat.com\/de\/wp-json\/wp\/v2\/media\/14249"}],"wp:attachment":[{"href":"https:\/\/ulpmat.com\/de\/wp-json\/wp\/v2\/media?parent=19955"}],"wp:term":[{"taxonomy":"product_brand","embeddable":true,"href":"https:\/\/ulpmat.com\/de\/wp-json\/wp\/v2\/product_brand?post=19955"},{"taxonomy":"product_cat","embeddable":true,"href":"https:\/\/ulpmat.com\/de\/wp-json\/wp\/v2\/product_cat?post=19955"},{"taxonomy":"product_tag","embeddable":true,"href":"https:\/\/ulpmat.com\/de\/wp-json\/wp\/v2\/product_tag?post=19955"}],"curies":[{"name":"wp","href":"https:\/\/api.w.org\/{rel}","templated":true}]}}