{"id":19321,"date":"2025-10-15T14:49:42","date_gmt":"2025-10-15T06:49:42","guid":{"rendered":"https:\/\/ulpmat.com\/product\/rhenium-metall-4\/"},"modified":"2025-10-15T14:49:42","modified_gmt":"2025-10-15T06:49:42","slug":"rhenium-metall-4","status":"publish","type":"product","link":"https:\/\/ulpmat.com\/de\/produkt\/rhenium-metall-4\/","title":{"rendered":"Rhenium-Metall"},"content":{"rendered":"<h2><span style=\"font-size: 14pt;\">Rhenium-Metallgranulat \u00dcbersicht<\/span><\/h2>\n<p><span style=\"color: #0000ff;\"><a style=\"color: #0000ff;\" href=\"https:\/\/ulpmat.com\/de\/search\/?type=name&#038;keyword=Rhenium+metal\"> Rhenium-Metall<\/a> <\/span>granulat ist ein hochreiner Metallrohstoff, der f\u00fcr die fortschrittliche Materialentwicklung und High-End-Anwendungen entwickelt wurde. Sein hoher Schmelzpunkt, seine ausgezeichnete Hochtemperaturfestigkeit und Korrosionsbest\u00e4ndigkeit machen es zu einem unverzichtbaren Schl\u00fcsselmaterial in der Luft- und Raumfahrt, der Elektronik, der Vakuumbeschichtung und anderen Bereichen.<\/p>\n<p>Wir bieten Rhenium-Metallgranulat in einer Vielzahl von Partikelgr\u00f6\u00dfen an, um unterschiedlichen Prozessanforderungen gerecht zu werden. Gleichzeitig unterst\u00fctzen wir die bedarfsgerechte Verpackung und Konfektionierung, um den Anforderungen verschiedener Labors oder industrieller Anwendungen gerecht zu werden.<\/p>\n<h2><span style=\"font-size: 14pt;\">Produkt-Highlights<\/span><\/h2>\n<p>Reinheit: 99,9%<br \/>\nHoher Schmelzpunkt (3186\u00b0C), geeignet f\u00fcr extreme Hochtemperaturanwendungen<br \/>\nAusgezeichnete Oxidations- und Korrosionsbest\u00e4ndigkeit<br \/>\nGleichm\u00e4\u00dfige Partikel, gute Flie\u00dff\u00e4higkeit, leicht zu dosieren<br \/>\n<span style=\"color: #0000ff;\"><a style=\"color: #0000ff;\" href=\"https:\/\/ulpmat.com\/de\/service\/anpassung\/\">Anpassbar<\/a> <\/span>partikelgr\u00f6\u00dfe und Verpackung<\/p>\n<h2><span style=\"font-size: 14pt;\">Anwendungen von Rhenium-Metallgranulat<\/span><\/h2>\n<p>Luft- und Raumfahrt und Triebwerke: zur Verst\u00e4rkung von Hochtemperaturlegierungen, zur Verbesserung der Haltbarkeit und der thermischen Stabilit\u00e4t.<br \/>\nElektronische Ger\u00e4te: hervorragende Leistung in Vakuumr\u00f6hren, Thermoelementen und mikroelektronischen Verpackungen.<br \/>\nBeschichtungen und Lacke: Als spezielles Beschichtungsadditiv verbessert es die Korrosionsbest\u00e4ndigkeit und Haftung der Beschichtung.<br \/>\nKatalysator: Beim Hydrocracken von Erd\u00f6l wird Rhenium h\u00e4ufig als hocheffiziente Katalysatorkomponente eingesetzt.<\/p>\n<h2><span style=\"font-size: 14pt;\">Berichte<\/span><\/h2>\n<p>Wir liefern detaillierte <span style=\"color: #0000ff;\"><a style=\"color: #0000ff;\" href=\"https:\/\/ulpmat.com\/de\/service\/chemische-analyse\/\">Analysezertifikat (COA)<\/a><\/span>, Materialsicherheitsdatenbl\u00e4tter (MSDS) und entsprechende Pr\u00fcfberichte f\u00fcr jede Charge von Rheniumpartikeln. Auf Kundenwunsch k\u00f6nnen wir auch Testergebnisse von Dritten zur Verf\u00fcgung stellen, um eine zuverl\u00e4ssige Qualit\u00e4t zu gew\u00e4hrleisten.<\/p>\n","protected":false},"excerpt":{"rendered":"<p>Rhenium-Metallgranulat \u00dcbersicht Rhenium-Metall granulat ist ein hochreiner Metallrohstoff, der f\u00fcr die fortschrittliche Materialentwicklung und High-End-Anwendungen entwickelt wurde. Sein hoher Schmelzpunkt, seine ausgezeichnete Hochtemperaturfestigkeit und Korrosionsbest\u00e4ndigkeit machen es zu einem unverzichtbaren Schl\u00fcsselmaterial in der Luft- und Raumfahrt, der Elektronik, der Vakuumbeschichtung und anderen Bereichen. Wir bieten Rhenium-Metallgranulat in einer Vielzahl von Partikelgr\u00f6\u00dfen an, um unterschiedlichen Prozessanforderungen [&hellip;]<\/p>\n","protected":false},"featured_media":19322,"template":"","meta":{"_acf_changed":false},"product_brand":[132],"product_cat":[299],"product_tag":[],"class_list":{"0":"post-19321","1":"product","2":"type-product","3":"status-publish","4":"has-post-thumbnail","6":"product_brand-ulpmat","7":"product_cat-verdampfen-von-materialien","9":"first","10":"instock","11":"shipping-taxable","12":"product-type-variable"},"acf":[],"_links":{"self":[{"href":"https:\/\/ulpmat.com\/de\/wp-json\/wp\/v2\/product\/19321","targetHints":{"allow":["GET"]}}],"collection":[{"href":"https:\/\/ulpmat.com\/de\/wp-json\/wp\/v2\/product"}],"about":[{"href":"https:\/\/ulpmat.com\/de\/wp-json\/wp\/v2\/types\/product"}],"wp:featuredmedia":[{"embeddable":true,"href":"https:\/\/ulpmat.com\/de\/wp-json\/wp\/v2\/media\/19322"}],"wp:attachment":[{"href":"https:\/\/ulpmat.com\/de\/wp-json\/wp\/v2\/media?parent=19321"}],"wp:term":[{"taxonomy":"product_brand","embeddable":true,"href":"https:\/\/ulpmat.com\/de\/wp-json\/wp\/v2\/product_brand?post=19321"},{"taxonomy":"product_cat","embeddable":true,"href":"https:\/\/ulpmat.com\/de\/wp-json\/wp\/v2\/product_cat?post=19321"},{"taxonomy":"product_tag","embeddable":true,"href":"https:\/\/ulpmat.com\/de\/wp-json\/wp\/v2\/product_tag?post=19321"}],"curies":[{"name":"wp","href":"https:\/\/api.w.org\/{rel}","templated":true}]}}