{"id":19285,"date":"2025-10-15T14:49:43","date_gmt":"2025-10-15T06:49:43","guid":{"rendered":"https:\/\/ulpmat.com\/product\/rhenium-metall-2\/"},"modified":"2025-10-15T14:49:43","modified_gmt":"2025-10-15T06:49:43","slug":"rhenium-metall-2","status":"publish","type":"product","link":"https:\/\/ulpmat.com\/de\/produkt\/rhenium-metall-2\/","title":{"rendered":"Rhenium-Metall"},"content":{"rendered":"<h2><span style=\"font-size: 14pt;\">Rhenium-Metallfolie \u00dcbersicht<\/span><\/h2>\n<p><span style=\"color: #0000ff;\"><a style=\"color: #0000ff;\" href=\"https:\/\/ulpmat.com\/de\/search\/?type=name&#038;keyword=Rhenium+metal\">Rhenium-Metall<\/a> <\/span>folie ist ein \u00dcbergangsmetall mit hohem Schmelzpunkt und hoher Dichte, das f\u00fcr anspruchsvolle Anwendungen in rauen Umgebungen entwickelt wurde. Mit einem Reinheitsgrad von bis zu 99,99 % verf\u00fcgt es \u00fcber eine ausgezeichnete Hitzebest\u00e4ndigkeit, Korrosionsbest\u00e4ndigkeit und mechanische Festigkeit, wodurch es sich f\u00fcr Schl\u00fcsselbereiche wie Luft- und Raumfahrt, elektronische Ger\u00e4te, Hochtemperaturkatalyse und Laborforschung eignet.<\/p>\n<p>Wir bieten Rhenium-Metallfolien in verschiedenen St\u00e4rken und Gr\u00f6\u00dfen an, um eine Vielzahl von Anforderungen zu erf\u00fcllen, von wissenschaftlichen Forschungsexperimenten bis hin zur industriellen Massenproduktion, und unterst\u00fctzen gleichzeitig<span style=\"color: #0000ff;\"> <a style=\"color: #0000ff;\" href=\"https:\/\/ulpmat.com\/de\/service\/anpassung\/\">kundenspezifische<\/a> <\/span>dienstleistungen, um eine perfekte Anpassung an Ihre Projektanforderungen zu gew\u00e4hrleisten.<\/p>\n<h2><span style=\"font-size: 14pt;\">Produkt-Highlights<\/span><\/h2>\n<p>Reinheit: 99,99%<br \/>\nDickenbereich: anpassbar<br \/>\nHoher Schmelzpunkt (3180 \u00b0C), geeignet f\u00fcr extreme Hochtemperaturanwendungen<br \/>\nAusgezeichnete mechanische Festigkeit und chemische Stabilit\u00e4t<br \/>\nHohe Oberfl\u00e4cheng\u00fcte, geeignet f\u00fcr hochpr\u00e4zise Montage und Oberfl\u00e4chenbehandlung<\/p>\n<h2><span style=\"font-size: 14pt;\">Anwendungen von Rhenium-Metallfolie<\/span><\/h2>\n<p>Luft- und Raumfahrt: Verwendung als Antriebssystem und Komponenten f\u00fcr thermische Strukturen, die auch bei hohen Temperaturen und hohem Druck stabil bleiben<br \/>\nElektronische Ger\u00e4te: Verwendung als Kontaktelemente, Elektroden und D\u00fcnnschichtwiderst\u00e4nde, stabile Leistung und Korrosionsbest\u00e4ndigkeit<br \/>\nKatalysatortr\u00e4ger: Verwendung als Katalysator oder dessen Tr\u00e4ger in der Petrochemie, Hydrierungsreaktionen und anderen Prozessen<br \/>\nWissenschaftliche Forschungsexperimente: f\u00fcr thermische Analysen, Experimente in Hochtemperatur-Vakuumumgebungen oder zur Herstellung spezieller Legierungen<\/p>\n<h2><span style=\"font-size: 14pt;\">Bericht<\/span><\/h2>\n<p>Wir bieten ein <span style=\"color: #0000ff;\"><a style=\"color: #0000ff;\" href=\"https:\/\/ulpmat.com\/de\/service\/chemische-analyse\/\">analysezertifikat (COA),<\/a><\/span> sicherheitsdatenblatt (MSDS) und einen Bericht \u00fcber die erforderliche Elementreinheit f\u00fcr jede Charge von Rheniumfolie. Dar\u00fcber hinaus unterst\u00fctzen wir die Zertifizierung durch eine unabh\u00e4ngige Pr\u00fcfstelle, um sicherzustellen, dass das Produkt den internationalen Qualit\u00e4tsstandards entspricht.<\/p>\n","protected":false},"excerpt":{"rendered":"<p>Rhenium-Metallfolie \u00dcbersicht Rhenium-Metall folie ist ein \u00dcbergangsmetall mit hohem Schmelzpunkt und hoher Dichte, das f\u00fcr anspruchsvolle Anwendungen in rauen Umgebungen entwickelt wurde. Mit einem Reinheitsgrad von bis zu 99,99 % verf\u00fcgt es \u00fcber eine ausgezeichnete Hitzebest\u00e4ndigkeit, Korrosionsbest\u00e4ndigkeit und mechanische Festigkeit, wodurch es sich f\u00fcr Schl\u00fcsselbereiche wie Luft- und Raumfahrt, elektronische Ger\u00e4te, Hochtemperaturkatalyse und Laborforschung eignet. [&hellip;]<\/p>\n","protected":false},"featured_media":19286,"template":"","meta":{"_acf_changed":false},"product_brand":[132],"product_cat":[397],"product_tag":[],"class_list":{"0":"post-19285","1":"product","2":"type-product","3":"status-publish","4":"has-post-thumbnail","6":"product_brand-ulpmat","7":"product_cat-andere-materialien","9":"first","10":"instock","11":"shipping-taxable","12":"product-type-variable"},"acf":[],"_links":{"self":[{"href":"https:\/\/ulpmat.com\/de\/wp-json\/wp\/v2\/product\/19285","targetHints":{"allow":["GET"]}}],"collection":[{"href":"https:\/\/ulpmat.com\/de\/wp-json\/wp\/v2\/product"}],"about":[{"href":"https:\/\/ulpmat.com\/de\/wp-json\/wp\/v2\/types\/product"}],"wp:featuredmedia":[{"embeddable":true,"href":"https:\/\/ulpmat.com\/de\/wp-json\/wp\/v2\/media\/19286"}],"wp:attachment":[{"href":"https:\/\/ulpmat.com\/de\/wp-json\/wp\/v2\/media?parent=19285"}],"wp:term":[{"taxonomy":"product_brand","embeddable":true,"href":"https:\/\/ulpmat.com\/de\/wp-json\/wp\/v2\/product_brand?post=19285"},{"taxonomy":"product_cat","embeddable":true,"href":"https:\/\/ulpmat.com\/de\/wp-json\/wp\/v2\/product_cat?post=19285"},{"taxonomy":"product_tag","embeddable":true,"href":"https:\/\/ulpmat.com\/de\/wp-json\/wp\/v2\/product_tag?post=19285"}],"curies":[{"name":"wp","href":"https:\/\/api.w.org\/{rel}","templated":true}]}}