{"id":17451,"date":"2025-10-20T17:39:56","date_gmt":"2025-10-20T09:39:56","guid":{"rendered":"https:\/\/ulpmat.com\/product\/tantal-hafniumkarbid\/"},"modified":"2025-10-20T17:39:56","modified_gmt":"2025-10-20T09:39:56","slug":"tantal-hafniumkarbid","status":"publish","type":"product","link":"https:\/\/ulpmat.com\/de\/produkt\/tantal-hafniumkarbid\/","title":{"rendered":"Tantal Hafniumkarbid"},"content":{"rendered":"<h2><span style=\"font-size: 14pt;\">Tantal-Hafnium-Karbid-Pulver \u00dcbersicht<\/span><\/h2>\n<p><span style=\"color: #0000ff;\"><a style=\"color: #0000ff;\" href=\"https:\/\/ulpmat.com\/de\/search\/?type=name&#038;keyword=Tantalum+Hafnium+Carbide\">Tantal-Hafnium-Karbid<\/a><\/span> pulver ist ein keramisches Ultrahochtemperaturmaterial (UHTC) auf der Grundlage eines Tantal-Hafnium-Karbid-Systems. Es zeichnet sich durch hervorragende thermische Stabilit\u00e4t, Korrosionsbest\u00e4ndigkeit und mechanische Festigkeit aus und wird daher h\u00e4ufig f\u00fcr Hochleistungsbauteile und D\u00fcnnschichtanwendungen in extremen Umgebungen verwendet.<\/p>\n<p>Wir bieten hochreines Tantal-Hafnium-Karbid-Pulver in gleichm\u00e4\u00dfiger Gr\u00f6\u00dfe an, das den unterschiedlichsten Anforderungen gerecht wird, von Forschungsexperimenten bis hin zur industriellen Produktion. <span style=\"color: #0000ff;\"><a style=\"color: #0000ff;\" href=\"https:\/\/ulpmat.com\/de\/service\/anpassung\/\">Kundenspezifische<\/a> <\/span>partikelgr\u00f6\u00dfenbereiche und -verteilungen sind ebenfalls erh\u00e4ltlich.<\/p>\n<h2><span style=\"font-size: 14pt;\">Produkt-Highlights<\/span><\/h2>\n<p>Reinheit: 99,9%<br \/>\nGleichm\u00e4\u00dfige Partikelgr\u00f6\u00dfenverteilung und hervorragende Flie\u00dff\u00e4higkeit<br \/>\nAnpassbare Verpackung<br \/>\nAusgezeichnete thermische Stabilit\u00e4t, geeignet f\u00fcr Hochtemperatur- und Hochdruckumgebungen<br \/>\nGeeignet f\u00fcr eine Vielzahl von Anwendungen, einschlie\u00dflich Verbundwerkstoffe auf Keramikbasis und PVD\/CVD-Beschichtungen<\/p>\n<h2><span style=\"font-size: 14pt;\">Anwendungen von Tantal-Hafnium-Karbid-Pulver <\/span><\/h2>\n<p>Luft- und Raumfahrt: Verwendung als W\u00e4rmed\u00e4mmschichten oder W\u00e4rmeschutzsysteme in Umgebungen mit extremem W\u00e4rmefluss, z. B. in Raketenspitzen und Triebwerksd\u00fcsen.<br \/>\nHochtemperatur-Strukturkeramiken: Zusatz zu keramischen Verbundwerkstoffen zur Verbesserung der mechanischen Eigenschaften und der Temperaturwechselbest\u00e4ndigkeit.<br \/>\nD\u00fcnnschichtabscheidung: Verwendung als Beschichtungsziele oder Pulvertargets zur Abscheidung hochtemperaturbest\u00e4ndiger, verschlei\u00dffester D\u00fcnnschichten in CVD\/PVD-Anlagen. Nuklearindustrie: Es weist eine hervorragende Neutronenabsorption und Strahlungsbest\u00e4ndigkeit auf, was es zu einem potenziellen Material f\u00fcr die Umh\u00fcllung von Kernbrennstoffen macht.<\/p>\n<h2><span style=\"font-size: 14pt;\">Bericht<\/span><\/h2>\n<p>Jede Charge von Ta4HfC5-Pulver wird mit einem <span style=\"color: #0000ff;\"><a style=\"color: #0000ff;\" href=\"https:\/\/ulpmat.com\/de\/service\/chemische-analyse\/\">Analysezertifikat (COA)<\/a><\/span>, Sicherheitsdatenblatt (MSDS) und relevanten Testdaten. Wir unterst\u00fctzen Inspektionen durch Dritte und bieten technische Beratung vor dem Verkauf sowie Benutzerberatung nach dem Verkauf, um Ihnen bei der Optimierung von Prozessparametern und Anwendungsl\u00f6sungen zu helfen.<\/p>\n","protected":false},"excerpt":{"rendered":"<p>Tantal-Hafnium-Karbid-Pulver \u00dcbersicht Tantal-Hafnium-Karbid pulver ist ein keramisches Ultrahochtemperaturmaterial (UHTC) auf der Grundlage eines Tantal-Hafnium-Karbid-Systems. Es zeichnet sich durch hervorragende thermische Stabilit\u00e4t, Korrosionsbest\u00e4ndigkeit und mechanische Festigkeit aus und wird daher h\u00e4ufig f\u00fcr Hochleistungsbauteile und D\u00fcnnschichtanwendungen in extremen Umgebungen verwendet. Wir bieten hochreines Tantal-Hafnium-Karbid-Pulver in gleichm\u00e4\u00dfiger Gr\u00f6\u00dfe an, das den unterschiedlichsten Anforderungen gerecht wird, von Forschungsexperimenten bis [&hellip;]<\/p>\n","protected":false},"featured_media":17452,"template":"","meta":{"_acf_changed":false},"product_brand":[132],"product_cat":[712,1203],"product_tag":[],"class_list":{"0":"post-17451","1":"product","2":"type-product","3":"status-publish","4":"has-post-thumbnail","6":"product_brand-ulpmat","7":"product_cat-feuerfeste-materialien","8":"product_cat-mxen-vorlaufer-max-phasen-materialien","10":"first","11":"instock","12":"shipping-taxable","13":"product-type-variable"},"acf":[],"_links":{"self":[{"href":"https:\/\/ulpmat.com\/de\/wp-json\/wp\/v2\/product\/17451","targetHints":{"allow":["GET"]}}],"collection":[{"href":"https:\/\/ulpmat.com\/de\/wp-json\/wp\/v2\/product"}],"about":[{"href":"https:\/\/ulpmat.com\/de\/wp-json\/wp\/v2\/types\/product"}],"wp:featuredmedia":[{"embeddable":true,"href":"https:\/\/ulpmat.com\/de\/wp-json\/wp\/v2\/media\/17452"}],"wp:attachment":[{"href":"https:\/\/ulpmat.com\/de\/wp-json\/wp\/v2\/media?parent=17451"}],"wp:term":[{"taxonomy":"product_brand","embeddable":true,"href":"https:\/\/ulpmat.com\/de\/wp-json\/wp\/v2\/product_brand?post=17451"},{"taxonomy":"product_cat","embeddable":true,"href":"https:\/\/ulpmat.com\/de\/wp-json\/wp\/v2\/product_cat?post=17451"},{"taxonomy":"product_tag","embeddable":true,"href":"https:\/\/ulpmat.com\/de\/wp-json\/wp\/v2\/product_tag?post=17451"}],"curies":[{"name":"wp","href":"https:\/\/api.w.org\/{rel}","templated":true}]}}