{"id":17229,"date":"2025-10-20T17:39:58","date_gmt":"2025-10-20T09:39:58","guid":{"rendered":"https:\/\/ulpmat.com\/product\/tantal-phosphid\/"},"modified":"2025-10-20T17:39:58","modified_gmt":"2025-10-20T09:39:58","slug":"tantal-phosphid","status":"publish","type":"product","link":"https:\/\/ulpmat.com\/de\/produkt\/tantal-phosphid\/","title":{"rendered":"Tantal-Phosphid"},"content":{"rendered":"<h2><span style=\"font-size: 14pt;\">Tantalphosphidpulver \u00dcbersicht<\/span><\/h2>\n<p><span style=\"color: #0000ff;\"><a style=\"color: #0000ff;\" href=\"https:\/\/ulpmat.com\/de\/search\/?type=name&#038;keyword=Tantalum+Phosphide\">Tantal-Phosphid<\/a><\/span> pulver ist ein hochleistungsf\u00e4higes Funktionsmaterial mit hervorragenden elektrischen Eigenschaften und chemischer Stabilit\u00e4t. Es hat eine hohe Reinheit und einheitliche Partikel und eignet sich f\u00fcr elektronische Ger\u00e4te, Hartmetall und hochtemperaturbest\u00e4ndige Materialien.<\/p>\n<p>Wir bieten Tantalphosphidpulver in verschiedenen Partikelgr\u00f6\u00dfen an, um unterschiedlichen Prozessanforderungen gerecht zu werden, und k\u00f6nnen die Verpackung und den technischen Support entsprechend den Kundenanforderungen anpassen. Wir bieten auch einen umfassenden Kundendienst. Wenn Sie Fragen haben, z\u00f6gern Sie bitte nicht, uns zu<span style=\"color: #0000ff;\"><a style=\"color: #0000ff;\" href=\"https:\/\/ulpmat.com\/de\/kontakt-us\/\">kontaktieren Sie uns.<\/a><\/span><\/p>\n<h2><span style=\"font-size: 14pt;\">Produkt-Highlights<\/span><\/h2>\n<p>Reinheit: 99,9%<br \/>\nHohe Dichte, einheitliche Partikel, leicht gleichm\u00e4\u00dfig zu dispergieren<br \/>\n<span style=\"color: #0000ff;\"><a style=\"color: #0000ff;\" href=\"https:\/\/ulpmat.com\/de\/service\/anpassung\/\">Anpassbar<\/a><\/span> partikelgr\u00f6\u00dfenverteilung und Verpackungsspezifikationen<br \/>\nGeeignet f\u00fcr die Herstellung von elektronischen Ger\u00e4ten, Hartmetallpr\u00e4paraten und verschlei\u00dffesten Beschichtungen bei hohen Temperaturen<\/p>\n<h2><span style=\"font-size: 14pt;\">Anwendungen von Tantalphosphidpulver<\/span><\/h2>\n<p>Elektronische Ger\u00e4te: wird als Schl\u00fcsselkomponente in Halbleitern und supraleitenden Materialien verwendet und weist eine gute Leitf\u00e4higkeit und thermische Stabilit\u00e4t auf.<br \/>\nZementiertes Karbid: Als wichtiges Rohmaterial f\u00fcr Sinterkarbid auf Tantalbasis verbessert es die H\u00e4rte und Verschlei\u00dffestigkeit des Materials.<br \/>\nHochtemperaturbeschichtung: wird f\u00fcr Schutzbeschichtungen in Hochtemperaturumgebungen verwendet, um die Lebensdauer und Stabilit\u00e4t von Ger\u00e4ten zu verbessern.<br \/>\nKatalytisches Material: ein Tr\u00e4ger f\u00fcr einige synthetische Katalysatoren, der eine gute chemische Stabilit\u00e4t und katalytische Aktivit\u00e4t aufweist.<\/p>\n<h2><span style=\"font-size: 14pt;\">Berichte<\/span><\/h2>\n<p>Wir liefern detaillierte <span style=\"color: #0000ff;\"><a style=\"color: #0000ff;\" href=\"https:\/\/ulpmat.com\/de\/service\/chemische-analyse\/\">Analysezertifikat (COA)<\/a><\/span>, Materialsicherheitsdatenbl\u00e4tter (MSDS) und zugeh\u00f6rige Pr\u00fcfberichte f\u00fcr jede Warenpartie, um eine stabile und zuverl\u00e4ssige Produktqualit\u00e4t zu gew\u00e4hrleisten. Wir unterst\u00fctzen auch die Pr\u00fcfung durch Dritte, um unseren Kunden mehr Vertrauen zu geben.<\/p>\n","protected":false},"excerpt":{"rendered":"<p>Tantalphosphidpulver \u00dcbersicht Tantal-Phosphid pulver ist ein hochleistungsf\u00e4higes Funktionsmaterial mit hervorragenden elektrischen Eigenschaften und chemischer Stabilit\u00e4t. Es hat eine hohe Reinheit und einheitliche Partikel und eignet sich f\u00fcr elektronische Ger\u00e4te, Hartmetall und hochtemperaturbest\u00e4ndige Materialien. Wir bieten Tantalphosphidpulver in verschiedenen Partikelgr\u00f6\u00dfen an, um unterschiedlichen Prozessanforderungen gerecht zu werden, und k\u00f6nnen die Verpackung und den technischen Support entsprechend [&hellip;]<\/p>\n","protected":false},"featured_media":17230,"template":"","meta":{"_acf_changed":false},"product_brand":[132],"product_cat":[1191],"product_tag":[],"class_list":{"0":"post-17229","1":"product","2":"type-product","3":"status-publish","4":"has-post-thumbnail","6":"product_brand-ulpmat","7":"product_cat-phosphorhaltige-materialien","9":"first","10":"instock","11":"shipping-taxable","12":"product-type-variable"},"acf":[],"_links":{"self":[{"href":"https:\/\/ulpmat.com\/de\/wp-json\/wp\/v2\/product\/17229","targetHints":{"allow":["GET"]}}],"collection":[{"href":"https:\/\/ulpmat.com\/de\/wp-json\/wp\/v2\/product"}],"about":[{"href":"https:\/\/ulpmat.com\/de\/wp-json\/wp\/v2\/types\/product"}],"wp:featuredmedia":[{"embeddable":true,"href":"https:\/\/ulpmat.com\/de\/wp-json\/wp\/v2\/media\/17230"}],"wp:attachment":[{"href":"https:\/\/ulpmat.com\/de\/wp-json\/wp\/v2\/media?parent=17229"}],"wp:term":[{"taxonomy":"product_brand","embeddable":true,"href":"https:\/\/ulpmat.com\/de\/wp-json\/wp\/v2\/product_brand?post=17229"},{"taxonomy":"product_cat","embeddable":true,"href":"https:\/\/ulpmat.com\/de\/wp-json\/wp\/v2\/product_cat?post=17229"},{"taxonomy":"product_tag","embeddable":true,"href":"https:\/\/ulpmat.com\/de\/wp-json\/wp\/v2\/product_tag?post=17229"}],"curies":[{"name":"wp","href":"https:\/\/api.w.org\/{rel}","templated":true}]}}