{"id":16804,"date":"2025-10-21T14:25:46","date_gmt":"2025-10-21T06:25:46","guid":{"rendered":"https:\/\/ulpmat.com\/product\/hafniumborid-2\/"},"modified":"2025-10-21T14:25:46","modified_gmt":"2025-10-21T06:25:46","slug":"hafniumborid-2","status":"publish","type":"product","link":"https:\/\/ulpmat.com\/de\/produkt\/hafniumborid-2\/","title":{"rendered":"Hafniumborid"},"content":{"rendered":"<h2><span style=\"font-size: 14pt;\">Hafniumborid-Pulver \u00dcbersicht<\/span><\/h2>\n<p><span style=\"color: #0000ff;\"><a style=\"color: #0000ff;\" href=\"https:\/\/ulpmat.com\/de\/search\/?type=name&#038;keyword=Hafnium+Boride\">Hafnium-Borid<\/a><\/span> pulver ist ein fortschrittliches Material, das f\u00fcr die Hochleistungs-D\u00fcnnschichtabscheidung und Hochtemperaturanwendungen entwickelt wurde. Mit einem Reinheitsgrad von 99 % bietet es eine hervorragende H\u00e4rte, Dichte und Hochtemperaturbest\u00e4ndigkeit und eignet sich daher f\u00fcr D\u00fcnnschichtabscheidungsprozesse in einer Vielzahl extremer Umgebungen.<\/p>\n<p>Wir bieten Hafniumborid-Pulver in verschiedenen Partikelgr\u00f6\u00dfen an, die an Ihre spezifischen Anforderungen angepasst werden k\u00f6nnen. Wir bieten auch einen umfassenden Kundendienst; bitte z\u00f6gern Sie nicht <span style=\"color: #0000ff;\"><a style=\"color: #0000ff;\" href=\"https:\/\/ulpmat.com\/de\/kontakt-us\/\">kontaktieren Sie uns<\/a> <\/span>wenn Sie irgendwelche Fragen haben.<\/p>\n<h2><span style=\"font-size: 14pt;\">Produkt-Highlights<\/span><\/h2>\n<p>99%ige Reinheit<br \/>\nHohe H\u00e4rte und Dichte, geeignet f\u00fcr extreme Umgebungen<br \/>\nAnpassbare Partikelgr\u00f6\u00dfe und Spezifikationen<br \/>\nAnpassbare Verpackung<br \/>\nGeeignet f\u00fcr Halbleiter, optische Beschichtungen, Hochtemperaturbeschichtungen und elektronische Hochleistungsger\u00e4te<\/p>\n<h2><span style=\"font-size: 14pt;\">Anwendungen von Hafniumborid-Pulver<\/span><\/h2>\n<p><span style=\"color: #0000ff;\"><a style=\"color: #0000ff;\" href=\"https:\/\/ulpmat.com\/de\/anwendung\/halbleiter-materialien\/\">Halbleiter:<\/a><\/span> Geeignet f\u00fcr die Abscheidung leistungsstarker, thermisch stabiler d\u00fcnner Schichten wie Elektroden, Kontakte und leitende Schichten.<br \/>\nOptische Beschichtungen: Geeignet f\u00fcr optische Beschichtungen mit hoher H\u00e4rte und hohem Reflexionsverm\u00f6gen, die in optischen Komponenten, Spiegeln und anderen Anwendungen weit verbreitet sind.<br \/>\nHochtemperatur-Beschichtungen: Geeignet f\u00fcr Schutzbeschichtungen in der Luft- und Raumfahrt, Metallurgie und anderen Hochtemperaturumgebungen.<br \/>\nLeistungsstarke elektronische Ger\u00e4te: Aufgrund seiner hohen Leitf\u00e4higkeit und ausgezeichneten thermischen Stabilit\u00e4t wird es h\u00e4ufig f\u00fcr die D\u00fcnnschichtabscheidung in Leistungshalbleitern und elektronischen Ger\u00e4ten verwendet.<\/p>\n<h2><span style=\"font-size: 14pt;\">Bericht<\/span><\/h2>\n<p>Wir bieten ein <span style=\"color: #0000ff;\"><a style=\"color: #0000ff;\" href=\"https:\/\/ulpmat.com\/de\/service\/chemische-analyse\/\">Analysezertifikat (COA),<\/a><\/span> Materialsicherheitsdatenblatt (MSDS) und andere relevante Berichte mit jeder Lieferung. Wir unterst\u00fctzen auch Tests durch Dritte, um die Qualit\u00e4t und Zuverl\u00e4ssigkeit unserer Produkte zu gew\u00e4hrleisten.<\/p>\n","protected":false},"excerpt":{"rendered":"<p>Hafniumborid-Pulver \u00dcbersicht Hafnium-Borid pulver ist ein fortschrittliches Material, das f\u00fcr die Hochleistungs-D\u00fcnnschichtabscheidung und Hochtemperaturanwendungen entwickelt wurde. Mit einem Reinheitsgrad von 99 % bietet es eine hervorragende H\u00e4rte, Dichte und Hochtemperaturbest\u00e4ndigkeit und eignet sich daher f\u00fcr D\u00fcnnschichtabscheidungsprozesse in einer Vielzahl extremer Umgebungen. Wir bieten Hafniumborid-Pulver in verschiedenen Partikelgr\u00f6\u00dfen an, die an Ihre spezifischen Anforderungen angepasst werden [&hellip;]<\/p>\n","protected":false},"featured_media":16805,"template":"","meta":{"_acf_changed":false},"product_brand":[132],"product_cat":[712],"product_tag":[],"class_list":{"0":"post-16804","1":"product","2":"type-product","3":"status-publish","4":"has-post-thumbnail","6":"product_brand-ulpmat","7":"product_cat-feuerfeste-materialien","9":"first","10":"instock","11":"shipping-taxable","12":"product-type-variable"},"acf":[],"_links":{"self":[{"href":"https:\/\/ulpmat.com\/de\/wp-json\/wp\/v2\/product\/16804","targetHints":{"allow":["GET"]}}],"collection":[{"href":"https:\/\/ulpmat.com\/de\/wp-json\/wp\/v2\/product"}],"about":[{"href":"https:\/\/ulpmat.com\/de\/wp-json\/wp\/v2\/types\/product"}],"wp:featuredmedia":[{"embeddable":true,"href":"https:\/\/ulpmat.com\/de\/wp-json\/wp\/v2\/media\/16805"}],"wp:attachment":[{"href":"https:\/\/ulpmat.com\/de\/wp-json\/wp\/v2\/media?parent=16804"}],"wp:term":[{"taxonomy":"product_brand","embeddable":true,"href":"https:\/\/ulpmat.com\/de\/wp-json\/wp\/v2\/product_brand?post=16804"},{"taxonomy":"product_cat","embeddable":true,"href":"https:\/\/ulpmat.com\/de\/wp-json\/wp\/v2\/product_cat?post=16804"},{"taxonomy":"product_tag","embeddable":true,"href":"https:\/\/ulpmat.com\/de\/wp-json\/wp\/v2\/product_tag?post=16804"}],"curies":[{"name":"wp","href":"https:\/\/api.w.org\/{rel}","templated":true}]}}