{"id":16749,"date":"2025-10-21T14:25:46","date_gmt":"2025-10-21T06:25:46","guid":{"rendered":"https:\/\/ulpmat.com\/product\/hafniumbromid\/"},"modified":"2025-10-21T14:25:46","modified_gmt":"2025-10-21T06:25:46","slug":"hafniumbromid","status":"publish","type":"product","link":"https:\/\/ulpmat.com\/de\/produkt\/hafniumbromid\/","title":{"rendered":"Hafniumbromid"},"content":{"rendered":"<h2><span style=\"font-size: 14pt;\">Hafniumbromid-Pulver \u00dcbersicht<\/span><\/h2>\n<p><span style=\"color: #0000ff;\"><a style=\"color: #0000ff;\" href=\"https:\/\/ulpmat.com\/de\/search\/?type=name&#038;keyword=Hafnium+Bromide\"> Hafniumbromid<\/a> <\/span>pulver ist ein hochleistungsf\u00e4higes chemisches Material, das in verschiedenen High-Tech-Bereichen weit verbreitet ist. Sein Reinheitsgrad betr\u00e4gt bis zu 99,5 %, und seine ausgezeichneten physikalischen und chemischen Eigenschaften gew\u00e4hrleisten eine hervorragende Leistung in einem breiten Spektrum von Anwendungen.<\/p>\n<p>Wir bieten Hafniumbromid-Pulver in verschiedenen Spezifikationen an und k\u00f6nnen es an spezifische Anforderungen anpassen. Unser umfassendes Kundendienstteam ist in der Lage, alle technischen Probleme zu l\u00f6sen <span style=\"color: #0000ff;\"><a style=\"color: #0000ff;\" href=\"https:\/\/ulpmat.com\/de\/service\/technische-unterstuetzung\/\">technischen<\/a> <\/span>probleme zu l\u00f6sen.<\/p>\n<h2><span style=\"font-size: 14pt;\">Produkt-Highlights<\/span><\/h2>\n<p>Reinheit: 99,5%<br \/>\nHohe Stabilit\u00e4t und L\u00f6slichkeit<br \/>\nHohe Reaktivit\u00e4t, geeignet f\u00fcr eine Vielzahl von chemischen Reaktionen<br \/>\nIndividuell anpassbare Spezifikationen zur Erf\u00fcllung spezifischer Anforderungen<br \/>\nAnpassbare Verpackung<br \/>\nGeeignet f\u00fcr Hochtemperaturumgebungen und komplexe chemische Prozesse<\/p>\n<h2><span style=\"font-size: 14pt;\">Anwendungen von Hafniumbromid-Pulver<\/span><\/h2>\n<p>Elektronische Materialien: Verwendung als Ausgangsmaterial bei der chemischen Gasphasenabscheidung (CVD) f\u00fcr die Abscheidung d\u00fcnner Schichten und die Verbesserung der elektrischen Leistung.<br \/>\nHalbleiterherstellung: Verwendung bei Dotierungs- und \u00c4tzprozessen in Halbleiterger\u00e4ten.<br \/>\n<span style=\"color: #0000ff;\"><a style=\"color: #0000ff;\" href=\"https:\/\/ulpmat.com\/de\/anwendung\/materialien-fuer-die-optik\/\">Optische Beschichtungen<\/a><\/span>: F\u00fcr die Herstellung von optischen D\u00fcnnfilmbeschichtungen und reflektierenden Filmen, die sich durch hervorragende Stabilit\u00e4t auszeichnen.<br \/>\nKatalysatoren: Werden in katalytischen Reaktionen verwendet und bieten effiziente katalytische Effekte.<\/p>\n<h2><span style=\"font-size: 14pt;\">Bericht<\/span><\/h2>\n<p>Wir bieten detaillierte <span style=\"color: #0000ff;\"><a style=\"color: #0000ff;\" href=\"https:\/\/ulpmat.com\/de\/service\/chemische-analyse\/\">Analysezertifikat (COA),<\/a><\/span> Materialsicherheitsdatenblatt (MSDS) und andere relevante Berichte f\u00fcr jede Lieferung. Wir unterst\u00fctzen auch Tests durch Dritte, um sicherzustellen, dass die Produktqualit\u00e4t den h\u00f6chsten Standards entspricht.<\/p>\n","protected":false},"excerpt":{"rendered":"<p>Hafniumbromid-Pulver \u00dcbersicht Hafniumbromid pulver ist ein hochleistungsf\u00e4higes chemisches Material, das in verschiedenen High-Tech-Bereichen weit verbreitet ist. Sein Reinheitsgrad betr\u00e4gt bis zu 99,5 %, und seine ausgezeichneten physikalischen und chemischen Eigenschaften gew\u00e4hrleisten eine hervorragende Leistung in einem breiten Spektrum von Anwendungen. Wir bieten Hafniumbromid-Pulver in verschiedenen Spezifikationen an und k\u00f6nnen es an spezifische Anforderungen anpassen. Unser [&hellip;]<\/p>\n","protected":false},"featured_media":16750,"template":"","meta":{"_acf_changed":false},"product_brand":[132],"product_cat":[318],"product_tag":[],"class_list":{"0":"post-16749","1":"product","2":"type-product","3":"status-publish","4":"has-post-thumbnail","6":"product_brand-ulpmat","7":"product_cat-halogenid-materialien","9":"first","10":"instock","11":"shipping-taxable","12":"product-type-variable"},"acf":[],"_links":{"self":[{"href":"https:\/\/ulpmat.com\/de\/wp-json\/wp\/v2\/product\/16749","targetHints":{"allow":["GET"]}}],"collection":[{"href":"https:\/\/ulpmat.com\/de\/wp-json\/wp\/v2\/product"}],"about":[{"href":"https:\/\/ulpmat.com\/de\/wp-json\/wp\/v2\/types\/product"}],"wp:featuredmedia":[{"embeddable":true,"href":"https:\/\/ulpmat.com\/de\/wp-json\/wp\/v2\/media\/16750"}],"wp:attachment":[{"href":"https:\/\/ulpmat.com\/de\/wp-json\/wp\/v2\/media?parent=16749"}],"wp:term":[{"taxonomy":"product_brand","embeddable":true,"href":"https:\/\/ulpmat.com\/de\/wp-json\/wp\/v2\/product_brand?post=16749"},{"taxonomy":"product_cat","embeddable":true,"href":"https:\/\/ulpmat.com\/de\/wp-json\/wp\/v2\/product_cat?post=16749"},{"taxonomy":"product_tag","embeddable":true,"href":"https:\/\/ulpmat.com\/de\/wp-json\/wp\/v2\/product_tag?post=16749"}],"curies":[{"name":"wp","href":"https:\/\/api.w.org\/{rel}","templated":true}]}}