{"id":16642,"date":"2025-10-21T14:25:47","date_gmt":"2025-10-21T06:25:47","guid":{"rendered":"https:\/\/ulpmat.com\/product\/hafniumchlorid\/"},"modified":"2025-10-21T14:25:47","modified_gmt":"2025-10-21T06:25:47","slug":"hafniumchlorid","status":"publish","type":"product","link":"https:\/\/ulpmat.com\/de\/produkt\/hafniumchlorid\/","title":{"rendered":"Hafniumchlorid"},"content":{"rendered":"<h2><span style=\"font-size: 14pt;\">Hafniumchlorid-Pulver \u00dcbersicht<\/span><\/h2>\n<p><span style=\"color: #0000ff;\"><a style=\"color: #0000ff;\" href=\"https:\/\/ulpmat.com\/de\/search\/?type=name&#038;keyword=Hafnium+chloride\"> Hafniumchlorid<\/a><\/span> pulver ist ein hochreines anorganisches Salz, das h\u00e4ufig in der Elektronik-, Chemie- und Werkstoffindustrie verwendet wird, insbesondere bei der Atomlagenabscheidung (ALD) und der Herstellung von Hochleistungskeramiken. Aufgrund seiner hohen Fl\u00fcchtigkeit und ausgezeichneten chemischen Reaktivit\u00e4t eignet es sich f\u00fcr Prozesse, die h\u00f6chste Reinheit und kontrollierbare Reaktionsbedingungen erfordern.<\/p>\n<p>Wir bieten Hafniumchlorid-Pulver in verschiedenen Partikelgr\u00f6\u00dfen und Verpackungsspezifikationen an und k\u00f6nnen es an Ihre speziellen Anforderungen anpassen. Unser technisches Team bietet au\u00dferdem Anwendungsberatung und <span style=\"color: #0000ff;\"><a style=\"color: #0000ff;\" href=\"https:\/\/ulpmat.com\/de\/service\/service-nach-dem-verkauf\/\">after-Sales-Unterst\u00fctzung<\/a><\/span> um effiziente und stabile Versuchs- und Produktionsprozesse zu gew\u00e4hrleisten.<\/p>\n<h2><span style=\"font-size: 14pt;\">Produkt-Highlights<\/span><\/h2>\n<p>Reinheit: 99,8% bis 99,9%<br \/>\nFl\u00fcchtig und hochreaktiv, geeignet f\u00fcr die Gasphasenabscheidung oder Hochtemperatur-Reaktionssysteme<br \/>\nKontrolle der Partikelgr\u00f6\u00dfe auf Anfrage erh\u00e4ltlich<br \/>\nKundenspezifische Verpackungen auf Anfrage erh\u00e4ltlich<\/p>\n<h2><span style=\"font-size: 14pt;\">Anwendungen von Hafniumchloridpulver <\/span><\/h2>\n<p>Atomare Schichtabscheidung (ALD): Weit verbreitet als Vorl\u00e4ufer f\u00fcr High-k-Materialien (wie HfO\u2082) bei der Herstellung von Halbleitertransistor-Gate-Dielektrika.<br \/>\nHochleistungskeramik: Zur Herstellung von hochschmelzenden Keramiken auf Hafniumbasis mit ausgezeichneter thermischer Stabilit\u00e4t und mechanischer Festigkeit. Katalysatortr\u00e4ger und Additive: Wird als Chlorierungsquelle oder Metallzusatz in bestimmten speziellen katalytischen Reaktionen verwendet, um die katalytische Effizienz zu verbessern.<br \/>\nF&amp;E: Einsatz in fortgeschrittenen Forschungsprojekten wie der Materialchemie und der metallorganischen Vorl\u00e4ufersynthese.<\/p>\n<h2><span style=\"font-size: 14pt;\">Berichte<\/span><\/h2>\n<p>Wir liefern ein <span style=\"color: #0000ff;\"><a style=\"color: #0000ff;\" href=\"https:\/\/ulpmat.com\/de\/service\/chemische-analyse\/\">Analysezertifikat (COA)<\/a><\/span>, Sicherheitsdatenblatt (MSDS) und andere relevante Berichte mit jeder Lieferung. Wir unterst\u00fctzen auch die Pr\u00fcfung durch Dritte, um die Qualit\u00e4t zu sichern.<\/p>\n","protected":false},"excerpt":{"rendered":"<p>Hafniumchlorid-Pulver \u00dcbersicht Hafniumchlorid pulver ist ein hochreines anorganisches Salz, das h\u00e4ufig in der Elektronik-, Chemie- und Werkstoffindustrie verwendet wird, insbesondere bei der Atomlagenabscheidung (ALD) und der Herstellung von Hochleistungskeramiken. Aufgrund seiner hohen Fl\u00fcchtigkeit und ausgezeichneten chemischen Reaktivit\u00e4t eignet es sich f\u00fcr Prozesse, die h\u00f6chste Reinheit und kontrollierbare Reaktionsbedingungen erfordern. Wir bieten Hafniumchlorid-Pulver in verschiedenen Partikelgr\u00f6\u00dfen [&hellip;]<\/p>\n","protected":false},"featured_media":16643,"template":"","meta":{"_acf_changed":false},"product_brand":[132],"product_cat":[318],"product_tag":[],"class_list":{"0":"post-16642","1":"product","2":"type-product","3":"status-publish","4":"has-post-thumbnail","6":"product_brand-ulpmat","7":"product_cat-halogenid-materialien","9":"first","10":"instock","11":"shipping-taxable","12":"product-type-variable"},"acf":[],"_links":{"self":[{"href":"https:\/\/ulpmat.com\/de\/wp-json\/wp\/v2\/product\/16642","targetHints":{"allow":["GET"]}}],"collection":[{"href":"https:\/\/ulpmat.com\/de\/wp-json\/wp\/v2\/product"}],"about":[{"href":"https:\/\/ulpmat.com\/de\/wp-json\/wp\/v2\/types\/product"}],"wp:featuredmedia":[{"embeddable":true,"href":"https:\/\/ulpmat.com\/de\/wp-json\/wp\/v2\/media\/16643"}],"wp:attachment":[{"href":"https:\/\/ulpmat.com\/de\/wp-json\/wp\/v2\/media?parent=16642"}],"wp:term":[{"taxonomy":"product_brand","embeddable":true,"href":"https:\/\/ulpmat.com\/de\/wp-json\/wp\/v2\/product_brand?post=16642"},{"taxonomy":"product_cat","embeddable":true,"href":"https:\/\/ulpmat.com\/de\/wp-json\/wp\/v2\/product_cat?post=16642"},{"taxonomy":"product_tag","embeddable":true,"href":"https:\/\/ulpmat.com\/de\/wp-json\/wp\/v2\/product_tag?post=16642"}],"curies":[{"name":"wp","href":"https:\/\/api.w.org\/{rel}","templated":true}]}}