{"id":16623,"date":"2025-10-21T14:25:47","date_gmt":"2025-10-21T06:25:47","guid":{"rendered":"https:\/\/ulpmat.com\/product\/hafniumfluorid\/"},"modified":"2025-10-21T14:25:47","modified_gmt":"2025-10-21T06:25:47","slug":"hafniumfluorid","status":"publish","type":"product","link":"https:\/\/ulpmat.com\/de\/produkt\/hafniumfluorid\/","title":{"rendered":"Hafniumfluorid"},"content":{"rendered":"<h2><span style=\"font-size: 14pt;\">Hafniumfluoridpulver \u00dcbersicht<\/span><\/h2>\n<p><span style=\"color: #0000ff;\"><a style=\"color: #0000ff;\" href=\"https:\/\/ulpmat.com\/de\/search\/?type=name&#038;keyword=Hafnium+fluoride\">Hafniumfluorid<\/a> <\/span>pulver ist ein hochreines, chemisch stabiles anorganisches Fluorid, das in optischen Beschichtungen, Infrarot-Fenstermaterialien, Lasern und als Zwischenprodukt bei der Herstellung anderer hochwertiger Hafniumverbindungen verwendet wird.<\/p>\n<p>Wir bieten HfF4-Pulver in verschiedenen Partikelgr\u00f6\u00dfen an und k\u00f6nnen die Verpackungsspezifikationen und Reinheitsgrade an die Kundenbed\u00fcrfnisse anpassen. Alle Produkte erf\u00fcllen strenge Qualit\u00e4tskontrollstandards und werden von Dritten gepr\u00fcft.<\/p>\n<h2><span style=\"font-size: 14pt;\">Produkt-Highlights<\/span><\/h2>\n<p>Reinheit: 99,9%<br \/>\nPartikelgr\u00f6\u00dfe: <span style=\"color: #0000ff;\"><a style=\"color: #0000ff;\" href=\"https:\/\/ulpmat.com\/de\/service\/anpassung\/\">Anpassbar<\/a><\/span><br \/>\nVerpackung: Individuell anpassbar<br \/>\nGeringer Gehalt an Verunreinigungen und ausgezeichnete thermische Stabilit\u00e4t<br \/>\nHoher Brechungsindex und geringe Hygroskopizit\u00e4t, geeignet f\u00fcr optische Anwendungen<\/p>\n<h2><span style=\"font-size: 14pt;\">Anwendungen von Hafniumfluoridpulver<\/span><\/h2>\n<p><span style=\"color: #0000ff;\"><a style=\"color: #0000ff;\" href=\"https:\/\/ulpmat.com\/de\/anwendung\/materialien-fuer-die-optik\/\">Optische Beschichtung<\/a><\/span> Werkstoffe: HfF\u2084 hat eine hohe Lichtdurchl\u00e4ssigkeit und eine geringe Hygroskopizit\u00e4t, weshalb es h\u00e4ufig f\u00fcr Beschichtungen von Infrarotfenstern, optischen Laserkomponenten und Schutzfolien verwendet wird.<br \/>\nFaseroptische Kommunikation: Es wird bei der Herstellung von fluorierten Glasfasern (z. B. ZBLAN-Fasern) verwendet, da es einen geringen optischen Verlust und eine gro\u00dfe \u00dcbertragungsbandbreite aufweist.<br \/>\nChemische Synthese: Es ist ein wichtiger Vorl\u00e4ufer f\u00fcr die Herstellung von hochreinem Hafniummetall und anderen hafniumhaltigen Verbindungen. Laser-Materialien: Als Matrixmaterial in bestimmten Dotierungssystemen f\u00fcr seltene Erden verbessert es die Laserleistung.<\/p>\n<h2><span style=\"font-size: 14pt;\">Berichte<\/span><\/h2>\n<p>Wir liefern ein vollst\u00e4ndiges <span style=\"color: #0000ff;\"><a style=\"color: #0000ff;\" href=\"https:\/\/ulpmat.com\/de\/service\/chemische-analyse\/\">Analysezertifikat (COA),<\/a><\/span> Sicherheitsdatenblatt (MSDS) und andere relevante Berichte mit jeder Charge Hafniumtetrafluoridpulver, um ein umfassendes Verst\u00e4ndnis des Produkts zu gew\u00e4hrleisten. Wir unterst\u00fctzen auch ma\u00dfgebliche Pr\u00fcfdienste Dritter, um die Zuverl\u00e4ssigkeit des Materials zu erh\u00f6hen.<\/p>\n","protected":false},"excerpt":{"rendered":"<p>Hafniumfluoridpulver \u00dcbersicht Hafniumfluorid pulver ist ein hochreines, chemisch stabiles anorganisches Fluorid, das in optischen Beschichtungen, Infrarot-Fenstermaterialien, Lasern und als Zwischenprodukt bei der Herstellung anderer hochwertiger Hafniumverbindungen verwendet wird. Wir bieten HfF4-Pulver in verschiedenen Partikelgr\u00f6\u00dfen an und k\u00f6nnen die Verpackungsspezifikationen und Reinheitsgrade an die Kundenbed\u00fcrfnisse anpassen. Alle Produkte erf\u00fcllen strenge Qualit\u00e4tskontrollstandards und werden von Dritten gepr\u00fcft. [&hellip;]<\/p>\n","protected":false},"featured_media":16624,"template":"","meta":{"_acf_changed":false},"product_brand":[132],"product_cat":[318],"product_tag":[],"class_list":{"0":"post-16623","1":"product","2":"type-product","3":"status-publish","4":"has-post-thumbnail","6":"product_brand-ulpmat","7":"product_cat-halogenid-materialien","9":"first","10":"instock","11":"shipping-taxable","12":"product-type-variable"},"acf":[],"_links":{"self":[{"href":"https:\/\/ulpmat.com\/de\/wp-json\/wp\/v2\/product\/16623","targetHints":{"allow":["GET"]}}],"collection":[{"href":"https:\/\/ulpmat.com\/de\/wp-json\/wp\/v2\/product"}],"about":[{"href":"https:\/\/ulpmat.com\/de\/wp-json\/wp\/v2\/types\/product"}],"wp:featuredmedia":[{"embeddable":true,"href":"https:\/\/ulpmat.com\/de\/wp-json\/wp\/v2\/media\/16624"}],"wp:attachment":[{"href":"https:\/\/ulpmat.com\/de\/wp-json\/wp\/v2\/media?parent=16623"}],"wp:term":[{"taxonomy":"product_brand","embeddable":true,"href":"https:\/\/ulpmat.com\/de\/wp-json\/wp\/v2\/product_brand?post=16623"},{"taxonomy":"product_cat","embeddable":true,"href":"https:\/\/ulpmat.com\/de\/wp-json\/wp\/v2\/product_cat?post=16623"},{"taxonomy":"product_tag","embeddable":true,"href":"https:\/\/ulpmat.com\/de\/wp-json\/wp\/v2\/product_tag?post=16623"}],"curies":[{"name":"wp","href":"https:\/\/api.w.org\/{rel}","templated":true}]}}