{"id":16537,"date":"2025-10-21T14:25:47","date_gmt":"2025-10-21T06:25:47","guid":{"rendered":"https:\/\/ulpmat.com\/product\/hafniumnitrid-2\/"},"modified":"2025-10-21T14:25:47","modified_gmt":"2025-10-21T06:25:47","slug":"hafniumnitrid-2","status":"publish","type":"product","link":"https:\/\/ulpmat.com\/de\/produkt\/hafniumnitrid-2\/","title":{"rendered":"Hafniumnitrid"},"content":{"rendered":"<h2><span style=\"font-size: 14pt;\">Hafniumnitrid-Pulver \u00dcbersicht<\/span><\/h2>\n<p><span style=\"color: #0000ff;\"><a style=\"color: #0000ff;\" href=\"https:\/\/ulpmat.com\/de\/search\/?type=name&#038;keyword=Hafnium+nitride\">Hafniumnitrid<\/a><\/span> pulver ist ein grau-schwarzes keramisches Material, das aufgrund seines hohen Schmelzpunkts, seiner ausgezeichneten chemischen Stabilit\u00e4t und seiner au\u00dfergew\u00f6hnlichen H\u00e4rte h\u00e4ufig in Hochtemperaturbeschichtungen, Hartmetallen und elektronischen Ger\u00e4ten verwendet wird. Seine kubisch-fl\u00e4chenzentrierte Kristallstruktur bietet eine ausgezeichnete elektrische und thermische Leitf\u00e4higkeit und erf\u00fcllt die technischen Anforderungen einer Vielzahl extremer Betriebsbedingungen.<\/p>\n<p>Wir bieten eine Vielzahl von Spezifikationen f\u00fcr Hafniumnitrid-Pulver an und k\u00f6nnen es an Ihre spezifischen Anwendungsanforderungen anpassen. Wir bieten auch umfassende <span style=\"color: #0000ff;\"><a style=\"color: #0000ff;\" href=\"https:\/\/ulpmat.com\/de\/service\/technische-unterstuetzung\/\">technische Unterst\u00fctzung<\/a><\/span> und Produktverfolgungsdienste, um die Zuverl\u00e4ssigkeit und Konsistenz des Materials zu gew\u00e4hrleisten.<\/p>\n<h2><span style=\"font-size: 14pt;\">Produkt-Highlights<\/span><\/h2>\n<p>Reinheit: 99% bis 99,5%<br \/>\nAnpassbare durchschnittliche Partikelgr\u00f6\u00dfe<br \/>\nAnpassbare Verpackung<br \/>\nHoher Schmelzpunkt (ca. 3310\u00b0C) und hohe H\u00e4rte (&gt;16 GPa)<br \/>\nHohe chemische Stabilit\u00e4t, Oxidationsbest\u00e4ndigkeit und Korrosionsbest\u00e4ndigkeit<br \/>\nAusgezeichnete thermische und elektrische Leitf\u00e4higkeit<\/p>\n<h2><span style=\"font-size: 14pt;\">Anwendungen von Hafniumnitridpulver <\/span><\/h2>\n<p>Keramische Beschichtungen: Geeignet f\u00fcr Hochtemperatur-Schutzschichten und zur Verbesserung der Hitze- und Korrosionsbest\u00e4ndigkeit von W\u00e4rmed\u00e4mmschichten.<br \/>\nHarte Werkstoffe: Als Zusatz zu Karbid- oder Nitridverbundwerkstoffen verbessert es die H\u00e4rte und thermische Stabilit\u00e4t. Elektronische Werkstoffe: Geeignet f\u00fcr Hochfrequenzger\u00e4te, Elektrodenmaterialien und andere Anwendungen, die hohe Leitf\u00e4higkeit und Hochtemperaturstabilit\u00e4t erfordern.<br \/>\nPlasmaspray: Es wird als Beschichtungsvorl\u00e4ufer verwendet und weist eine ausgezeichnete Stabilit\u00e4t in hochenergetischen Plasmaumgebungen auf.<\/p>\n<h2><span style=\"font-size: 14pt;\">Berichte<\/span><\/h2>\n<p>Wir liefern jede Charge Hafniumnitridpulver mit einem <span style=\"color: #0000ff;\"><a style=\"color: #0000ff;\" href=\"https:\/\/ulpmat.com\/de\/service\/chemische-analyse\/\">Analysezertifikat (COA)<\/a><\/span>, Sicherheitsdatenblatt (MSDS) und relevante technische Unterlagen wie XRD, Partikelgr\u00f6\u00dfenverteilung und EDS-Zusammensetzungsspektren. Wir unterst\u00fctzen auch Pr\u00fcfungen durch Dritte und spezielle Pr\u00fcfanforderungen, um die vielf\u00e4ltigen Anforderungen der wissenschaftlichen Forschung und der industriellen Qualit\u00e4tskontrolle zu erf\u00fcllen.<\/p>\n","protected":false},"excerpt":{"rendered":"<p>Hafniumnitrid-Pulver \u00dcbersicht Hafniumnitrid pulver ist ein grau-schwarzes keramisches Material, das aufgrund seines hohen Schmelzpunkts, seiner ausgezeichneten chemischen Stabilit\u00e4t und seiner au\u00dfergew\u00f6hnlichen H\u00e4rte h\u00e4ufig in Hochtemperaturbeschichtungen, Hartmetallen und elektronischen Ger\u00e4ten verwendet wird. Seine kubisch-fl\u00e4chenzentrierte Kristallstruktur bietet eine ausgezeichnete elektrische und thermische Leitf\u00e4higkeit und erf\u00fcllt die technischen Anforderungen einer Vielzahl extremer Betriebsbedingungen. Wir bieten eine Vielzahl von [&hellip;]<\/p>\n","protected":false},"featured_media":16538,"template":"","meta":{"_acf_changed":false},"product_brand":[132],"product_cat":[712],"product_tag":[],"class_list":{"0":"post-16537","1":"product","2":"type-product","3":"status-publish","4":"has-post-thumbnail","6":"product_brand-ulpmat","7":"product_cat-feuerfeste-materialien","9":"first","10":"instock","11":"shipping-taxable","12":"product-type-variable"},"acf":[],"_links":{"self":[{"href":"https:\/\/ulpmat.com\/de\/wp-json\/wp\/v2\/product\/16537","targetHints":{"allow":["GET"]}}],"collection":[{"href":"https:\/\/ulpmat.com\/de\/wp-json\/wp\/v2\/product"}],"about":[{"href":"https:\/\/ulpmat.com\/de\/wp-json\/wp\/v2\/types\/product"}],"wp:featuredmedia":[{"embeddable":true,"href":"https:\/\/ulpmat.com\/de\/wp-json\/wp\/v2\/media\/16538"}],"wp:attachment":[{"href":"https:\/\/ulpmat.com\/de\/wp-json\/wp\/v2\/media?parent=16537"}],"wp:term":[{"taxonomy":"product_brand","embeddable":true,"href":"https:\/\/ulpmat.com\/de\/wp-json\/wp\/v2\/product_brand?post=16537"},{"taxonomy":"product_cat","embeddable":true,"href":"https:\/\/ulpmat.com\/de\/wp-json\/wp\/v2\/product_cat?post=16537"},{"taxonomy":"product_tag","embeddable":true,"href":"https:\/\/ulpmat.com\/de\/wp-json\/wp\/v2\/product_tag?post=16537"}],"curies":[{"name":"wp","href":"https:\/\/api.w.org\/{rel}","templated":true}]}}