{"id":16297,"date":"2025-10-21T14:25:49","date_gmt":"2025-10-21T06:25:49","guid":{"rendered":"https:\/\/ulpmat.com\/product\/hafnium-silicid-2\/"},"modified":"2025-10-21T14:25:49","modified_gmt":"2025-10-21T06:25:49","slug":"hafnium-silicid-2","status":"publish","type":"product","link":"https:\/\/ulpmat.com\/de\/produkt\/hafnium-silicid-2\/","title":{"rendered":"Hafnium-Silicid"},"content":{"rendered":"<h2><span style=\"font-size: 14pt;\">Hafniumsilicid-Pulver \u00dcbersicht<\/span><\/h2>\n<p><span style=\"color: #0000ff;\"><a style=\"color: #0000ff;\" href=\"https:\/\/ulpmat.com\/de\/search\/?type=name&#038;keyword=Hafnium+Silicide\">Hafnium-Silicid<\/a> <\/span>pulver ist ein Hochleistungsmaterial, das f\u00fcr elektronische Materialien, Beschichtungsverfahren, Pulvermetallurgie und die Entwicklung funktioneller D\u00fcnnschichten entwickelt wurde. Mit einem Reinheitsgrad von 99,5 % weist es eine ausgezeichnete thermische Stabilit\u00e4t, elektrische Leitf\u00e4higkeit und Oxidationsbest\u00e4ndigkeit auf und wird daher h\u00e4ufig f\u00fcr Hochtemperatur-Strukturmaterialien und intermetallische Hochleistungsverbindungen verwendet.<\/p>\n<p>Wir bieten Hafniumsilicid-Pulver in einer Vielzahl von Partikelgr\u00f6\u00dfen an und k\u00f6nnen die Partikelgr\u00f6\u00dfenabstufung und die Oberfl\u00e4chenbehandlung an die Kundenanforderungen anpassen. Wir bieten auch umfassende Unterst\u00fctzung nach dem Verkauf &#8211; bitte z\u00f6gern Sie nicht, uns zu <span style=\"color: #0000ff;\"><a style=\"color: #0000ff;\" href=\"https:\/\/ulpmat.com\/de\/kontakt-us\/\">kontaktieren Sie uns<\/a><\/span> wenn Sie irgendwelche Fragen haben.<\/p>\n<h2><span style=\"font-size: 14pt;\">Produkt-Highlights<\/span><\/h2>\n<p>Reinheit: 99,5%<\/p>\n<p>Intermetallische Verbindung mit hohem Schmelzpunkt und hoher Stabilit\u00e4t<\/p>\n<p>Ausgezeichnete elektrische und thermische Leitf\u00e4higkeit, geeignet f\u00fcr elektronische Funktionsmaterialien<\/p>\n<p>Anpassbare Partikelgr\u00f6\u00dfe und Oberfl\u00e4chenbehandlung<\/p>\n<p>Geeignet f\u00fcr eine Vielzahl von Prozessen, einschlie\u00dflich elektronischer Komponenten, W\u00e4rmed\u00e4mmschichten und Metallkeramiken<\/p>\n<h2><span style=\"font-size: 14pt;\">Anwendungen von Hafniumsilicid-Pulver<\/span><\/h2>\n<p>Elektronische Materialien: Geeignet f\u00fcr Metallgates, Elektrodenpufferschichten und Verbindungsstrukturen.<\/p>\n<p>Pulvermetallurgie: Zur Verbesserung der Leistung von Hochtemperaturlegierungen, Strukturkeramiken und Verbundwerkstoffen.<\/p>\n<p>Beschichtungstechnologien: Geeignet f\u00fcr oxidationsbest\u00e4ndige Hochtemperaturbeschichtungen, W\u00e4rmed\u00e4mmschichten und Schutzfilme. Forschung und Entwicklung: F\u00fcr die Spitzenforschung bei der Herstellung von intermetallischen Verbindungen, superharten Werkstoffen, D\u00fcnnschicht-Funktionswerkstoffen und anderen Spitzenthemen.<\/p>\n<h2><span style=\"font-size: 14pt;\">Berichte<\/span><\/h2>\n<p>Wir bieten ein <span style=\"color: #0000ff;\"><a style=\"color: #0000ff;\" href=\"https:\/\/ulpmat.com\/de\/service\/chemische-analyse\/\">Analysezertifikat (COA)<\/a><\/span>, ein Sicherheitsdatenblatt (MSDS) und relevante Berichte \u00fcber physikalische und chemische Leistungstests f\u00fcr jede Lieferung. Wir bieten auch Tests durch Dritte an, um sicherzustellen, dass die Materialien den Standards f\u00fcr wissenschaftliche Forschung oder industrielle Anwendungen entsprechen.<\/p>\n","protected":false},"excerpt":{"rendered":"<p>Hafniumsilicid-Pulver \u00dcbersicht Hafnium-Silicid pulver ist ein Hochleistungsmaterial, das f\u00fcr elektronische Materialien, Beschichtungsverfahren, Pulvermetallurgie und die Entwicklung funktioneller D\u00fcnnschichten entwickelt wurde. Mit einem Reinheitsgrad von 99,5 % weist es eine ausgezeichnete thermische Stabilit\u00e4t, elektrische Leitf\u00e4higkeit und Oxidationsbest\u00e4ndigkeit auf und wird daher h\u00e4ufig f\u00fcr Hochtemperatur-Strukturmaterialien und intermetallische Hochleistungsverbindungen verwendet. Wir bieten Hafniumsilicid-Pulver in einer Vielzahl von Partikelgr\u00f6\u00dfen [&hellip;]<\/p>\n","protected":false},"featured_media":16298,"template":"","meta":{"_acf_changed":false},"product_brand":[132],"product_cat":[712],"product_tag":[],"class_list":{"0":"post-16297","1":"product","2":"type-product","3":"status-publish","4":"has-post-thumbnail","6":"product_brand-ulpmat","7":"product_cat-feuerfeste-materialien","9":"first","10":"instock","11":"shipping-taxable","12":"product-type-variable"},"acf":[],"_links":{"self":[{"href":"https:\/\/ulpmat.com\/de\/wp-json\/wp\/v2\/product\/16297","targetHints":{"allow":["GET"]}}],"collection":[{"href":"https:\/\/ulpmat.com\/de\/wp-json\/wp\/v2\/product"}],"about":[{"href":"https:\/\/ulpmat.com\/de\/wp-json\/wp\/v2\/types\/product"}],"wp:featuredmedia":[{"embeddable":true,"href":"https:\/\/ulpmat.com\/de\/wp-json\/wp\/v2\/media\/16298"}],"wp:attachment":[{"href":"https:\/\/ulpmat.com\/de\/wp-json\/wp\/v2\/media?parent=16297"}],"wp:term":[{"taxonomy":"product_brand","embeddable":true,"href":"https:\/\/ulpmat.com\/de\/wp-json\/wp\/v2\/product_brand?post=16297"},{"taxonomy":"product_cat","embeddable":true,"href":"https:\/\/ulpmat.com\/de\/wp-json\/wp\/v2\/product_cat?post=16297"},{"taxonomy":"product_tag","embeddable":true,"href":"https:\/\/ulpmat.com\/de\/wp-json\/wp\/v2\/product_tag?post=16297"}],"curies":[{"name":"wp","href":"https:\/\/api.w.org\/{rel}","templated":true}]}}