{"id":16188,"date":"2025-10-29T15:05:07","date_gmt":"2025-10-29T07:05:07","guid":{"rendered":"https:\/\/ulpmat.com\/product\/bariumborid\/"},"modified":"2025-10-29T15:05:07","modified_gmt":"2025-10-29T07:05:07","slug":"bariumborid","status":"publish","type":"product","link":"https:\/\/ulpmat.com\/de\/produkt\/bariumborid\/","title":{"rendered":"Bariumborid"},"content":{"rendered":"<h2><span style=\"font-family: georgia, palatino, serif; font-size: 14pt;\">Bariumboridpulver \u00dcbersicht<\/span><\/h2>\n<p><span style=\"font-family: georgia, palatino, serif;\"><span style=\"color: #0000ff;\"><a style=\"color: #0000ff;\" href=\"https:\/\/ulpmat.com\/de\/search\/?type=name&#038;keyword=Barium+Boride\">Bariumborid<\/a><\/span> pulver ist ein hochreines Pulver, das speziell f\u00fcr die Herstellung von Hochleistungswerkstoffen und funktionellen Beschichtungen entwickelt wurde. Mit einem Reinheitsgrad von 99,9 %, gleichm\u00e4\u00dfigen und dichten Partikeln bietet es eine ausgezeichnete thermische Stabilit\u00e4t und elektrische Leitf\u00e4higkeit und gew\u00e4hrleistet eine hervorragende Leistung in einer Vielzahl von High-End-Anwendungen.<\/span><\/p>\n<p><span style=\"font-family: georgia, palatino, serif;\">Wir bieten eine Vielzahl von Bariumborid-Pulverspezifikationen an und k\u00f6nnen diese an Ihre spezifischen Anforderungen anpassen. Au\u00dferdem bieten wir umfassenden technischen Support und Kundendienst. Wenn Sie w\u00e4hrend des Gebrauchs Fragen haben, k\u00f6nnen Sie sich gerne an <span style=\"color: #0000ff;\"><a style=\"color: #0000ff;\" href=\"https:\/\/ulpmat.com\/de\/kontakt-us\/\">kontaktieren Sie uns.<\/a><\/span><\/span><\/p>\n<h2><span style=\"font-family: georgia, palatino, serif; font-size: 14pt;\">Produkt-Highlights<\/span><\/h2>\n<p><span style=\"font-family: georgia, palatino, serif;\">Reinheit: 99,9%<\/span><br \/>\n<span style=\"font-family: georgia, palatino, serif;\">Gleichm\u00e4\u00dfige und dichte Partikel mit ausgezeichneter thermischer Stabilit\u00e4t<\/span><br \/>\n<span style=\"font-family: georgia, palatino, serif;\">Ausgezeichnete elektrische Leitf\u00e4higkeit und mechanische Eigenschaften<\/span><br \/>\n<span style=\"font-family: georgia, palatino, serif;\"><span style=\"color: #0000ff;\"><a style=\"color: #0000ff;\" href=\"https:\/\/ulpmat.com\/de\/service\/anpassung\/\">Anpassbar<\/a><\/span> partikelgr\u00f6\u00dfe und Verpackungsspezifikationen, um verschiedene Prozessanforderungen zu erf\u00fcllen<\/span><\/p>\n<h2><span style=\"font-family: georgia, palatino, serif; font-size: 14pt;\">Anwendungen von Buy Barium Carbonate Powder<\/span><\/h2>\n<p><span style=\"font-family: georgia, palatino, serif;\">Elektronische Materialien: F\u00fcr die Herstellung von elektronischen Ger\u00e4ten und leitf\u00e4higen Materialien<\/span><br \/>\n<span style=\"font-family: georgia, palatino, serif;\">Funktionelle Beschichtungen: Ein wichtiger Rohstoff f\u00fcr verschlei\u00dffeste und korrosionsbest\u00e4ndige Beschichtungen<\/span><br \/>\n<span style=\"font-family: georgia, palatino, serif;\">Hochtemperaturwerkstoffe: Geeignet f\u00fcr Hochtemperatur-Strukturbauteile und die Herstellung von Spezialkeramiken<\/span><br \/>\n<span style=\"font-family: georgia, palatino, serif;\">Magnetische Werkstoffe: F\u00fcr die Herstellung bestimmter magnetischer Verbundwerkstoffe<\/span><\/p>\n<h2><span style=\"font-family: georgia, palatino, serif; font-size: 14pt;\">Berichte<\/span><\/h2>\n<p><span style=\"font-family: georgia, palatino, serif;\">Wir liefern ein detailliertes<span style=\"color: #0000ff;\"><a style=\"color: #0000ff;\" href=\"https:\/\/ulpmat.com\/de\/service\/chemische-analyse\/\"> Analysezertifikat (COA<\/a><\/span>), ein Sicherheitsdatenblatt (MSDS) und andere relevante Pr\u00fcfberichte mit jeder BaB\u2086-Pulvercharge. Wir unterst\u00fctzen die Pr\u00fcfung durch Dritte, um eine gleichbleibende und zuverl\u00e4ssige Produktqualit\u00e4t zu gew\u00e4hrleisten.<\/span><\/p>\n","protected":false},"excerpt":{"rendered":"<p>Bariumboridpulver \u00dcbersicht Bariumborid pulver ist ein hochreines Pulver, das speziell f\u00fcr die Herstellung von Hochleistungswerkstoffen und funktionellen Beschichtungen entwickelt wurde. Mit einem Reinheitsgrad von 99,9 %, gleichm\u00e4\u00dfigen und dichten Partikeln bietet es eine ausgezeichnete thermische Stabilit\u00e4t und elektrische Leitf\u00e4higkeit und gew\u00e4hrleistet eine hervorragende Leistung in einer Vielzahl von High-End-Anwendungen. Wir bieten eine Vielzahl von Bariumborid-Pulverspezifikationen [&hellip;]<\/p>\n","protected":false},"featured_media":16189,"template":"","meta":{"_acf_changed":false},"product_brand":[132],"product_cat":[712],"product_tag":[],"class_list":{"0":"post-16188","1":"product","2":"type-product","3":"status-publish","4":"has-post-thumbnail","6":"product_brand-ulpmat","7":"product_cat-feuerfeste-materialien","9":"first","10":"instock","11":"shipping-taxable","12":"product-type-variable"},"acf":[],"_links":{"self":[{"href":"https:\/\/ulpmat.com\/de\/wp-json\/wp\/v2\/product\/16188","targetHints":{"allow":["GET"]}}],"collection":[{"href":"https:\/\/ulpmat.com\/de\/wp-json\/wp\/v2\/product"}],"about":[{"href":"https:\/\/ulpmat.com\/de\/wp-json\/wp\/v2\/types\/product"}],"wp:featuredmedia":[{"embeddable":true,"href":"https:\/\/ulpmat.com\/de\/wp-json\/wp\/v2\/media\/16189"}],"wp:attachment":[{"href":"https:\/\/ulpmat.com\/de\/wp-json\/wp\/v2\/media?parent=16188"}],"wp:term":[{"taxonomy":"product_brand","embeddable":true,"href":"https:\/\/ulpmat.com\/de\/wp-json\/wp\/v2\/product_brand?post=16188"},{"taxonomy":"product_cat","embeddable":true,"href":"https:\/\/ulpmat.com\/de\/wp-json\/wp\/v2\/product_cat?post=16188"},{"taxonomy":"product_tag","embeddable":true,"href":"https:\/\/ulpmat.com\/de\/wp-json\/wp\/v2\/product_tag?post=16188"}],"curies":[{"name":"wp","href":"https:\/\/api.w.org\/{rel}","templated":true}]}}