{"id":16105,"date":"2025-10-29T15:05:09","date_gmt":"2025-10-29T07:05:09","guid":{"rendered":"https:\/\/ulpmat.com\/product\/bariumfluorid-2\/"},"modified":"2025-10-29T15:05:09","modified_gmt":"2025-10-29T07:05:09","slug":"bariumfluorid-2","status":"publish","type":"product","link":"https:\/\/ulpmat.com\/de\/produkt\/bariumfluorid-2\/","title":{"rendered":"Bariumfluorid"},"content":{"rendered":"<h2><span style=\"font-family: georgia, palatino, serif; font-size: 14pt;\">Bariumfluoridpulver \u00dcbersicht<\/span><\/h2>\n<p><span style=\"font-family: georgia, palatino, serif;\"><span style=\"color: #0000ff;\"><a style=\"color: #0000ff;\" href=\"https:\/\/ulpmat.com\/de\/search\/?type=name&#038;keyword=Barium+Fluoride\">Bariumfluorid<\/a><\/span> pulver ist ein hochreines Material, das speziell f\u00fcr die Vorbereitung optischer Materialien und funktionelle Beschichtungsverfahren entwickelt wurde. Mit einem Reinheitsgrad von bis zu 99,99 % bieten die feinen, gleichm\u00e4\u00dfigen Partikel eine ausgezeichnete thermische und chemische Stabilit\u00e4t und gew\u00e4hrleisten eine gleichbleibende und zuverl\u00e4ssige Materialleistung.<\/span><\/p>\n<p><span style=\"font-family: georgia, palatino, serif;\">Wir bieten Bariumfluoridpulver in einer Vielzahl von Partikelgr\u00f6\u00dfen und Verpackungsspezifikationen an und k\u00f6nnen es an Ihre speziellen Anforderungen anpassen. Wir bieten auch umfassende technische Unterst\u00fctzung und Kundendienst &#8211; wenn Sie w\u00e4hrend der Verwendung Fragen haben, k\u00f6nnen Sie sich gerne an <span style=\"color: #0000ff;\"><a style=\"color: #0000ff;\" href=\"https:\/\/ulpmat.com\/de\/kontakt-us\/\">kontaktieren Sie uns.<\/a><\/span><\/span><\/p>\n<h2><span style=\"font-family: georgia, palatino, serif; font-size: 14pt;\">Produkt-Highlights<\/span><\/h2>\n<p><span style=\"font-family: georgia, palatino, serif;\">Reinheit: 99% bis 99,99%<\/span><br \/>\n<span style=\"font-family: georgia, palatino, serif;\">Gleichm\u00e4\u00dfige Partikelgr\u00f6\u00dfe f\u00fcr einfache Dispersion und Verarbeitung<\/span><br \/>\n<span style=\"font-family: georgia, palatino, serif;\">Ausgezeichnete thermische und chemische Stabilit\u00e4t<\/span><br \/>\n<span style=\"font-family: georgia, palatino, serif;\">Anpassbare Partikelgr\u00f6\u00dfe und Verpackungsspezifikationen f\u00fcr unterschiedliche Prozessanforderungen<\/span><\/p>\n<h2><span style=\"font-family: georgia, palatino, serif; font-size: 14pt;\">Anwendungen von Bariumfluoridpulver <\/span><\/h2>\n<p><span style=\"font-family: georgia, palatino, serif;\"><span style=\"color: #0000ff;\"><a style=\"color: #0000ff;\" href=\"https:\/\/ulpmat.com\/de\/anwendung\/materialien-fuer-die-optik\/\">Optische Materialien:<\/a><\/span> Zur Herstellung von optischen Komponenten im UV- bis IR-Bereich, wie z. B. Linsen und Fenster<\/span><br \/>\n<span style=\"font-family: georgia, palatino, serif;\">D\u00fcnnschichtabscheidung: Dient als hochwertiges Rohmaterial f\u00fcr Verfahren wie Sputtern und chemische Gasphasenabscheidung (CVD)<\/span><br \/>\n<span style=\"font-family: georgia, palatino, serif;\">Lasertechnik: Wird bei der Herstellung von Lasern und verwandten optischen Ger\u00e4ten verwendet<\/span><br \/>\n<span style=\"font-family: georgia, palatino, serif;\">Funktionelle Beschichtungen: F\u00fcr die Herstellung von hochleistungsf\u00e4higen, verschlei\u00dffesten und korrosionsbest\u00e4ndigen Beschichtungen<\/span><\/p>\n<h2><span style=\"font-family: georgia, palatino, serif; font-size: 14pt;\">Berichte<\/span><\/h2>\n<p><span style=\"font-family: georgia, palatino, serif;\">Wir liefern ein detailliertes <span style=\"color: #0000ff;\"><a style=\"color: #0000ff;\" href=\"https:\/\/ulpmat.com\/de\/service\/chemische-analyse\/\">Analysezertifikat (COA)<\/a><\/span>, Sicherheitsdatenblatt (MSDS) und andere relevante Pr\u00fcfberichte f\u00fcr jede Charge BaF\u2082-Pulver. Wir unterst\u00fctzen Pr\u00fcfungen durch Dritte, um eine gleichbleibende und zuverl\u00e4ssige Produktqualit\u00e4t zu gew\u00e4hrleisten.<\/span><\/p>\n","protected":false},"excerpt":{"rendered":"<p>Bariumfluoridpulver \u00dcbersicht Bariumfluorid pulver ist ein hochreines Material, das speziell f\u00fcr die Vorbereitung optischer Materialien und funktionelle Beschichtungsverfahren entwickelt wurde. Mit einem Reinheitsgrad von bis zu 99,99 % bieten die feinen, gleichm\u00e4\u00dfigen Partikel eine ausgezeichnete thermische und chemische Stabilit\u00e4t und gew\u00e4hrleisten eine gleichbleibende und zuverl\u00e4ssige Materialleistung. Wir bieten Bariumfluoridpulver in einer Vielzahl von Partikelgr\u00f6\u00dfen und [&hellip;]<\/p>\n","protected":false},"featured_media":16106,"template":"","meta":{"_acf_changed":false},"product_brand":[132],"product_cat":[318],"product_tag":[],"class_list":{"0":"post-16105","1":"product","2":"type-product","3":"status-publish","4":"has-post-thumbnail","6":"product_brand-ulpmat","7":"product_cat-halogenid-materialien","9":"first","10":"instock","11":"shipping-taxable","12":"product-type-variable"},"acf":[],"_links":{"self":[{"href":"https:\/\/ulpmat.com\/de\/wp-json\/wp\/v2\/product\/16105","targetHints":{"allow":["GET"]}}],"collection":[{"href":"https:\/\/ulpmat.com\/de\/wp-json\/wp\/v2\/product"}],"about":[{"href":"https:\/\/ulpmat.com\/de\/wp-json\/wp\/v2\/types\/product"}],"wp:featuredmedia":[{"embeddable":true,"href":"https:\/\/ulpmat.com\/de\/wp-json\/wp\/v2\/media\/16106"}],"wp:attachment":[{"href":"https:\/\/ulpmat.com\/de\/wp-json\/wp\/v2\/media?parent=16105"}],"wp:term":[{"taxonomy":"product_brand","embeddable":true,"href":"https:\/\/ulpmat.com\/de\/wp-json\/wp\/v2\/product_brand?post=16105"},{"taxonomy":"product_cat","embeddable":true,"href":"https:\/\/ulpmat.com\/de\/wp-json\/wp\/v2\/product_cat?post=16105"},{"taxonomy":"product_tag","embeddable":true,"href":"https:\/\/ulpmat.com\/de\/wp-json\/wp\/v2\/product_tag?post=16105"}],"curies":[{"name":"wp","href":"https:\/\/api.w.org\/{rel}","templated":true}]}}