{"id":15948,"date":"2025-10-29T15:05:11","date_gmt":"2025-10-29T07:05:11","guid":{"rendered":"https:\/\/ulpmat.com\/product\/barium-oxid-2\/"},"modified":"2025-10-29T15:05:11","modified_gmt":"2025-10-29T07:05:11","slug":"barium-oxid-2","status":"publish","type":"product","link":"https:\/\/ulpmat.com\/de\/produkt\/barium-oxid-2\/","title":{"rendered":"Barium-Oxid"},"content":{"rendered":"<h2><span style=\"font-family: georgia, palatino, serif; font-size: 14pt;\">Bariumoxidpulver \u00dcbersicht<\/span><\/h2>\n<p><span style=\"font-family: georgia, palatino, serif;\"><span style=\"color: #0000ff;\"><a style=\"color: #0000ff;\" href=\"https:\/\/ulpmat.com\/de\/search\/?type=name&#038;keyword=Barium+Oxide\">Bariumoxid<\/a><\/span> pulver ist ein hochreiner chemischer Rohstoff, der speziell f\u00fcr fortschrittliche Materialvorbereitungs- und D\u00fcnnschichtabscheidungsprozesse entwickelt wurde. Sein Reinheitsgrad betr\u00e4gt 99,5 %, seine Partikelgr\u00f6\u00dfe ist einheitlich und seine ausgezeichnete chemische und thermische Stabilit\u00e4t gew\u00e4hrleistet eine hohe Qualit\u00e4t und Leistungsf\u00e4higkeit w\u00e4hrend des Aufbereitungsprozesses.<\/span><\/p>\n<p><span style=\"font-family: georgia, palatino, serif;\">Wir bieten eine Vielzahl von Bariumoxid-Pulvergr\u00f6\u00dfen und -Verpackungsspezifikationen an und k\u00f6nnen es an Ihre speziellen Anforderungen anpassen. Wir bieten auch umfassende <span style=\"color: #0000ff;\"><a style=\"color: #0000ff;\" href=\"https:\/\/ulpmat.com\/de\/service\/technische-unterstuetzung\/\">technische Unterst\u00fctzung<\/a> <\/span>und <span style=\"color: #0000ff;\"><a style=\"color: #0000ff;\" href=\"https:\/\/ulpmat.com\/de\/service\/service-nach-dem-verkauf\/\">after-Sales-Service<\/a><\/span>. Wenn Sie w\u00e4hrend der Nutzung Fragen haben, k\u00f6nnen Sie sich gerne <span style=\"color: #0000ff;\"><a style=\"color: #0000ff;\" href=\"https:\/\/ulpmat.com\/de\/kontakt-us\/\">kontaktieren Sie uns.<\/a><\/span><\/span><\/p>\n<h2><span style=\"font-family: georgia, palatino, serif; font-size: 14pt;\">Produkt-Highlights<\/span><\/h2>\n<p><span style=\"font-family: georgia, palatino, serif;\">Reinheit: 99,5%<\/span><br \/>\n<span style=\"font-family: georgia, palatino, serif;\">Gleichm\u00e4\u00dfige Partikelgr\u00f6\u00dfe f\u00fcr einfaches Dispergieren und Mischen<\/span><br \/>\n<span style=\"font-family: georgia, palatino, serif;\">Ausgezeichnete chemische Stabilit\u00e4t, geeignet f\u00fcr Hochtemperatur- und Vakuumumgebungen<\/span><br \/>\n<span style=\"font-family: georgia, palatino, serif;\">Individuell anpassbare Partikelgr\u00f6\u00dfe und Verpackungsspezifikationen zur Erf\u00fcllung verschiedener Prozessanforderungen<\/span><\/p>\n<h2><span style=\"font-family: georgia, palatino, serif; font-size: 14pt;\">Anwendungen von Bariumoxidpulver<\/span><\/h2>\n<p><span style=\"font-family: georgia, palatino, serif;\">Keramik- und Glasherstellung: Als Additiv zur Verbesserung der mechanischen Eigenschaften und der thermischen Stabilit\u00e4t von Materialien<\/span><br \/>\n<span style=\"font-family: georgia, palatino, serif;\">Optoelektronische Materialien: Zur Herstellung von optischen D\u00fcnnschichten und funktionellen Beschichtungen<\/span><br \/>\n<span style=\"font-family: georgia, palatino, serif;\">Katalysatortr\u00e4ger: Hervorragende Tr\u00e4gereigenschaften bei chemischen Reaktionen<\/span><br \/>\n<span style=\"font-family: georgia, palatino, serif;\">D\u00fcnnschichtabscheidung: Wird als Schl\u00fcsselrohstoff in Verfahren wie Sputtern und chemischer Gasphasenabscheidung (CVD) verwendet<\/span><\/p>\n<h2><span style=\"font-family: georgia, palatino, serif; font-size: 14pt;\">Berichte<\/span><\/h2>\n<p><span style=\"font-family: georgia, palatino, serif;\">Wir liefern ein detailliertes <span style=\"color: #0000ff;\"><a style=\"color: #0000ff;\" href=\"https:\/\/ulpmat.com\/de\/service\/chemische-analyse\/\">Analysezertifikat (COA),<\/a><\/span> Sicherheitsdatenblatt (MSDS) und andere relevante Pr\u00fcfberichte mit jeder BaO-Pulvercharge. Wir unterst\u00fctzen Tests durch Dritte, um die hohe Qualit\u00e4t und Zuverl\u00e4ssigkeit unserer Produkte zu gew\u00e4hrleisten.<\/span><\/p>\n","protected":false},"excerpt":{"rendered":"<p>Bariumoxidpulver \u00dcbersicht Bariumoxid pulver ist ein hochreiner chemischer Rohstoff, der speziell f\u00fcr fortschrittliche Materialvorbereitungs- und D\u00fcnnschichtabscheidungsprozesse entwickelt wurde. Sein Reinheitsgrad betr\u00e4gt 99,5 %, seine Partikelgr\u00f6\u00dfe ist einheitlich und seine ausgezeichnete chemische und thermische Stabilit\u00e4t gew\u00e4hrleistet eine hohe Qualit\u00e4t und Leistungsf\u00e4higkeit w\u00e4hrend des Aufbereitungsprozesses. Wir bieten eine Vielzahl von Bariumoxid-Pulvergr\u00f6\u00dfen und -Verpackungsspezifikationen an und k\u00f6nnen es [&hellip;]<\/p>\n","protected":false},"featured_media":15949,"template":"","meta":{"_acf_changed":false},"product_brand":[132],"product_cat":[336],"product_tag":[],"class_list":{"0":"post-15948","1":"product","2":"type-product","3":"status-publish","4":"has-post-thumbnail","6":"product_brand-ulpmat","7":"product_cat-oxide","9":"first","10":"instock","11":"shipping-taxable","12":"product-type-variable"},"acf":[],"_links":{"self":[{"href":"https:\/\/ulpmat.com\/de\/wp-json\/wp\/v2\/product\/15948","targetHints":{"allow":["GET"]}}],"collection":[{"href":"https:\/\/ulpmat.com\/de\/wp-json\/wp\/v2\/product"}],"about":[{"href":"https:\/\/ulpmat.com\/de\/wp-json\/wp\/v2\/types\/product"}],"wp:featuredmedia":[{"embeddable":true,"href":"https:\/\/ulpmat.com\/de\/wp-json\/wp\/v2\/media\/15949"}],"wp:attachment":[{"href":"https:\/\/ulpmat.com\/de\/wp-json\/wp\/v2\/media?parent=15948"}],"wp:term":[{"taxonomy":"product_brand","embeddable":true,"href":"https:\/\/ulpmat.com\/de\/wp-json\/wp\/v2\/product_brand?post=15948"},{"taxonomy":"product_cat","embeddable":true,"href":"https:\/\/ulpmat.com\/de\/wp-json\/wp\/v2\/product_cat?post=15948"},{"taxonomy":"product_tag","embeddable":true,"href":"https:\/\/ulpmat.com\/de\/wp-json\/wp\/v2\/product_tag?post=15948"}],"curies":[{"name":"wp","href":"https:\/\/api.w.org\/{rel}","templated":true}]}}