{"id":15906,"date":"2025-10-29T15:05:11","date_gmt":"2025-10-29T07:05:11","guid":{"rendered":"https:\/\/ulpmat.com\/product\/barium-sulfid\/"},"modified":"2025-10-29T15:05:11","modified_gmt":"2025-10-29T07:05:11","slug":"barium-sulfid","status":"publish","type":"product","link":"https:\/\/ulpmat.com\/de\/produkt\/barium-sulfid\/","title":{"rendered":"Barium-Sulfid"},"content":{"rendered":"<h2><span style=\"font-family: georgia, palatino, serif; font-size: 14pt;\">Bariumsulfidpulver \u00dcbersicht<\/span><\/h2>\n<p><span style=\"font-family: georgia, palatino, serif;\"><span style=\"color: #0000ff;\"><a style=\"color: #0000ff;\" href=\"https:\/\/ulpmat.com\/de\/search\/?type=name&#038;keyword=Barium+sulfide\">Bariumsulfid<\/a><\/span> pulver ist eine stabile anorganische Verbindung mit ausgezeichneter thermischer Stabilit\u00e4t und elektronischen Eigenschaften. Es wird h\u00e4ufig in optoelektronischen Ger\u00e4ten, Leuchtstoffen, keramischen Materialien und in der chemischen Synthese verwendet.<\/span><\/p>\n<p><span style=\"font-family: georgia, palatino, serif;\">Wir bieten Bariumsulfidpulver in verschiedenen Partikelgr\u00f6\u00dfen an und unterst\u00fctzen die Kundenanpassung. Au\u00dferdem bieten wir umfassende technische Unterst\u00fctzung und<span style=\"color: #0000ff;\"><a style=\"color: #0000ff;\" href=\"https:\/\/ulpmat.com\/de\/service\/service-nach-dem-verkauf\/\"> after-Sales-Service<\/a><\/span> um eine sorgenfreie Nutzung unserer Materialien zu gew\u00e4hrleisten.<\/span><\/p>\n<h2><span style=\"font-family: georgia, palatino, serif; font-size: 14pt;\">Produkt-Highlights<\/span><\/h2>\n<p><span style=\"font-family: georgia, palatino, serif;\">Reinheit: 99,9%<\/span><br \/>\n<span style=\"font-family: georgia, palatino, serif;\">Kontrollierbare und gleichm\u00e4\u00dfige Partikelgr\u00f6\u00dfenverteilung<\/span><br \/>\n<span style=\"font-family: georgia, palatino, serif;\">Ausgezeichnete thermische Stabilit\u00e4t und chemische Inertheit<\/span><br \/>\n<span style=\"font-family: georgia, palatino, serif;\">Individuell anpassbare Verpackung und Partikelgr\u00f6\u00dfenspezifikationen<\/span><\/p>\n<h2><span style=\"font-family: georgia, palatino, serif; font-size: 14pt;\">Anwendungen von Bariumsulfidpulver<\/span><\/h2>\n<p><span style=\"font-family: georgia, palatino, serif;\">Optoelektronische Materialien: Wird als Leuchtstoffvorl\u00e4ufer f\u00fcr optische Anzeigen und Detektionsger\u00e4te verwendet.<\/span><br \/>\n<span style=\"font-family: georgia, palatino, serif;\">Keramiken: Wird als Rohstoff f\u00fcr Funktionskeramiken verwendet, um die dielektrischen Eigenschaften zu verbessern.<\/span><br \/>\n<span style=\"font-family: georgia, palatino, serif;\">Materialien f\u00fcr Infrarotfenster: Aufgrund seiner ausgezeichneten Infrarot-Durchl\u00e4ssigkeit ist es f\u00fcr spezielle optische Fenster geeignet.<\/span><br \/>\n<span style=\"font-family: georgia, palatino, serif;\">Chemische Synthese: Wird als reduzierende Schwefelquelle bei Hochtemperaturreaktionen und der Herstellung von Verbundwerkstoffen verwendet.<\/span><\/p>\n<h2><span style=\"font-family: georgia, palatino, serif; font-size: 14pt;\">Berichte<\/span><\/h2>\n<p><span style=\"font-family: georgia, palatino, serif;\">Wir liefern ein <span style=\"color: #0000ff;\"><a style=\"color: #0000ff;\" href=\"https:\/\/ulpmat.com\/de\/service\/chemische-analyse\/\">Zertifikat der Analyse (COA),<\/a><\/span> Sicherheitsdatenblatt (MSDS) und relevante Pr\u00fcfberichte f\u00fcr jede Charge von BaS-Pulver, um die Einhaltung von Normen zu gew\u00e4hrleisten. Auf Wunsch k\u00f6nnen wir auch bei der Pr\u00fcfung durch Dritte behilflich sein, um die Zuverl\u00e4ssigkeit und Transparenz des Produkts zu erh\u00f6hen.<\/span><\/p>\n","protected":false},"excerpt":{"rendered":"<p>Bariumsulfidpulver \u00dcbersicht Bariumsulfid pulver ist eine stabile anorganische Verbindung mit ausgezeichneter thermischer Stabilit\u00e4t und elektronischen Eigenschaften. Es wird h\u00e4ufig in optoelektronischen Ger\u00e4ten, Leuchtstoffen, keramischen Materialien und in der chemischen Synthese verwendet. Wir bieten Bariumsulfidpulver in verschiedenen Partikelgr\u00f6\u00dfen an und unterst\u00fctzen die Kundenanpassung. Au\u00dferdem bieten wir umfassende technische Unterst\u00fctzung und after-Sales-Service um eine sorgenfreie Nutzung unserer [&hellip;]<\/p>\n","protected":false},"featured_media":15907,"template":"","meta":{"_acf_changed":false},"product_brand":[132],"product_cat":[670,1090],"product_tag":[],"class_list":{"0":"post-15906","1":"product","2":"type-product","3":"status-publish","4":"has-post-thumbnail","6":"product_brand-ulpmat","7":"product_cat-chalkogenid-materialien","8":"product_cat-chalkogenid-materialien-de","10":"first","11":"instock","12":"shipping-taxable","13":"product-type-variable"},"acf":[],"_links":{"self":[{"href":"https:\/\/ulpmat.com\/de\/wp-json\/wp\/v2\/product\/15906","targetHints":{"allow":["GET"]}}],"collection":[{"href":"https:\/\/ulpmat.com\/de\/wp-json\/wp\/v2\/product"}],"about":[{"href":"https:\/\/ulpmat.com\/de\/wp-json\/wp\/v2\/types\/product"}],"wp:featuredmedia":[{"embeddable":true,"href":"https:\/\/ulpmat.com\/de\/wp-json\/wp\/v2\/media\/15907"}],"wp:attachment":[{"href":"https:\/\/ulpmat.com\/de\/wp-json\/wp\/v2\/media?parent=15906"}],"wp:term":[{"taxonomy":"product_brand","embeddable":true,"href":"https:\/\/ulpmat.com\/de\/wp-json\/wp\/v2\/product_brand?post=15906"},{"taxonomy":"product_cat","embeddable":true,"href":"https:\/\/ulpmat.com\/de\/wp-json\/wp\/v2\/product_cat?post=15906"},{"taxonomy":"product_tag","embeddable":true,"href":"https:\/\/ulpmat.com\/de\/wp-json\/wp\/v2\/product_tag?post=15906"}],"curies":[{"name":"wp","href":"https:\/\/api.w.org\/{rel}","templated":true}]}}