{"id":15798,"date":"2025-10-29T15:05:12","date_gmt":"2025-10-29T07:05:12","guid":{"rendered":"https:\/\/ulpmat.com\/product\/barium-strontium-titanat\/"},"modified":"2025-10-29T15:05:12","modified_gmt":"2025-10-29T07:05:12","slug":"barium-strontium-titanat","status":"publish","type":"product","link":"https:\/\/ulpmat.com\/de\/produkt\/barium-strontium-titanat\/","title":{"rendered":"Barium-Strontium-Titanat"},"content":{"rendered":"<h2><span style=\"font-family: georgia, palatino, serif; font-size: 14pt;\">Barium-Strontium-Titanat-Sputtering-Targets \u00dcbersicht<\/span><\/h2>\n<p><span style=\"font-family: georgia, palatino, serif;\"><span style=\"color: #0000ff;\"><a style=\"color: #0000ff;\" href=\"https:\/\/ulpmat.com\/de\/search\/?type=name&#038;keyword=Barium+Strontium+Titanate\"> Barium-Strontium-Titanat<\/a> <\/span>sputtertargets sind speziell f\u00fcr die Abscheidung von D\u00fcnnschichten konzipiert. Sie zeichnen sich durch einen hohen Reinheitsgrad und eine ausgezeichnete Dichte aus, was eine gleichm\u00e4\u00dfige Schichtabscheidung und stabile Leistung gew\u00e4hrleistet. Mit einer Reinheit von 99,95 % und einem \u00e4u\u00dferst geringen Gehalt an Verunreinigungen eignen sie sich f\u00fcr die Herstellung von Hochleistungs-D\u00fcnnschichten aus Elektronikkeramik.<\/span><\/p>\n<p><span style=\"font-family: georgia, palatino, serif;\">Wir bieten eine Vielzahl von Barium-Strontium-Titanat-Sputter-Targets in verschiedenen Gr\u00f6\u00dfen an, einschlie\u00dflich runder und rechteckiger Formen, und k\u00f6nnen auch auf Kundenwunsch angepasst werden. Wir bieten auch einen umfassenden Kundendienst; bitte z\u00f6gern Sie nicht <span style=\"color: #0000ff;\"><a style=\"color: #0000ff;\" href=\"https:\/\/ulpmat.com\/de\/kontakt-us\/\">kontaktieren Sie uns<\/a> <\/span>mit allen Fragen.<\/span><\/p>\n<h2><span style=\"font-family: georgia, palatino, serif; font-size: 14pt;\">Produkt-Highlights<\/span><\/h2>\n<p><span style=\"font-family: georgia, palatino, serif;\">Reinheit: 99,95%<\/span><br \/>\n<span style=\"font-family: georgia, palatino, serif;\">Hohe Dichte gew\u00e4hrleistet gleichm\u00e4\u00dfige D\u00fcnnschichtabscheidung<\/span><br \/>\n<span style=\"font-family: georgia, palatino, serif;\">Gr\u00f6\u00dfe und Form anpassbar<\/span><br \/>\n<span style=\"font-family: georgia, palatino, serif;\">Ausgezeichnete dielektrische Eigenschaften und thermische Stabilit\u00e4t<\/span><\/p>\n<h2><span style=\"font-family: georgia, palatino, serif; font-size: 14pt;\">Anwendungen von Barium-Strontium-Titanat-Sputter-Targets<\/span><\/h2>\n<p><span style=\"font-family: georgia, palatino, serif;\">Funktionelle keramische D\u00fcnnschichten: F\u00fcr die Herstellung hochleistungsf\u00e4higer dielektrischer und ferroelektrischer D\u00fcnnschichten, die h\u00e4ufig in elektronischen Komponenten wie Sensoren und Kondensatoren verwendet werden.<\/span><br \/>\n<span style=\"font-family: georgia, palatino, serif;\">Elektronische Ger\u00e4te: Geeignet f\u00fcr die Herstellung von D\u00fcnnschichttransistoren, dielektrischen Schichten und mikroelektronischen Ger\u00e4ten.<\/span><br \/>\n<span style=\"font-family: georgia, palatino, serif;\">Optoelektronische Materialien: Werden f\u00fcr die Herstellung multifunktionaler optoelektronischer D\u00fcnnschichten verwendet, die die Effizienz und Stabilit\u00e4t von Ger\u00e4ten verbessern.<\/span><\/p>\n<h2><span style=\"font-family: georgia, palatino, serif; font-size: 14pt;\">Berichte<\/span><\/h2>\n<p><span style=\"font-family: georgia, palatino, serif;\">Wir bieten ein <span style=\"color: #0000ff;\"><a style=\"color: #0000ff;\" href=\"https:\/\/ulpmat.com\/de\/service\/technische-unterstuetzung\/\">Analysezertifikat (COA)<\/a><\/span>, ein Sicherheitsdatenblatt (MSDS) und andere relevante Berichte f\u00fcr jede Charge von BaSrTiO\u2083-Sputtertargets. Wir unterst\u00fctzen auch Tests durch Dritte, um sicherzustellen, dass die Produktqualit\u00e4t den Kundenstandards entspricht.<\/span><\/p>\n","protected":false},"excerpt":{"rendered":"<p>Barium-Strontium-Titanat-Sputtering-Targets \u00dcbersicht Barium-Strontium-Titanat sputtertargets sind speziell f\u00fcr die Abscheidung von D\u00fcnnschichten konzipiert. Sie zeichnen sich durch einen hohen Reinheitsgrad und eine ausgezeichnete Dichte aus, was eine gleichm\u00e4\u00dfige Schichtabscheidung und stabile Leistung gew\u00e4hrleistet. Mit einer Reinheit von 99,95 % und einem \u00e4u\u00dferst geringen Gehalt an Verunreinigungen eignen sie sich f\u00fcr die Herstellung von Hochleistungs-D\u00fcnnschichten aus Elektronikkeramik. [&hellip;]<\/p>\n","protected":false},"featured_media":15799,"template":"","meta":{"_acf_changed":false},"product_brand":[132],"product_cat":[451],"product_tag":[],"class_list":{"0":"post-15798","1":"product","2":"type-product","3":"status-publish","4":"has-post-thumbnail","6":"product_brand-ulpmat","7":"product_cat-keramisches-sputtering-target","9":"first","10":"instock","11":"shipping-taxable","12":"product-type-variable"},"acf":[],"_links":{"self":[{"href":"https:\/\/ulpmat.com\/de\/wp-json\/wp\/v2\/product\/15798","targetHints":{"allow":["GET"]}}],"collection":[{"href":"https:\/\/ulpmat.com\/de\/wp-json\/wp\/v2\/product"}],"about":[{"href":"https:\/\/ulpmat.com\/de\/wp-json\/wp\/v2\/types\/product"}],"wp:featuredmedia":[{"embeddable":true,"href":"https:\/\/ulpmat.com\/de\/wp-json\/wp\/v2\/media\/15799"}],"wp:attachment":[{"href":"https:\/\/ulpmat.com\/de\/wp-json\/wp\/v2\/media?parent=15798"}],"wp:term":[{"taxonomy":"product_brand","embeddable":true,"href":"https:\/\/ulpmat.com\/de\/wp-json\/wp\/v2\/product_brand?post=15798"},{"taxonomy":"product_cat","embeddable":true,"href":"https:\/\/ulpmat.com\/de\/wp-json\/wp\/v2\/product_cat?post=15798"},{"taxonomy":"product_tag","embeddable":true,"href":"https:\/\/ulpmat.com\/de\/wp-json\/wp\/v2\/product_tag?post=15798"}],"curies":[{"name":"wp","href":"https:\/\/api.w.org\/{rel}","templated":true}]}}