{"id":15624,"date":"2025-10-29T15:05:14","date_gmt":"2025-10-29T07:05:14","guid":{"rendered":"https:\/\/ulpmat.com\/product\/barium-vanadium-oxid\/"},"modified":"2025-10-29T15:05:14","modified_gmt":"2025-10-29T07:05:14","slug":"barium-vanadium-oxid","status":"publish","type":"product","link":"https:\/\/ulpmat.com\/de\/produkt\/barium-vanadium-oxid\/","title":{"rendered":"Barium-Vanadium-Oxid"},"content":{"rendered":"<h2><span style=\"font-family: georgia, palatino, serif; font-size: 14pt;\">Barium-Vanadium-Oxid-Sputtertargets \u00dcbersicht<\/span><\/h2>\n<p><span style=\"font-family: georgia, palatino, serif;\"><span style=\"color: #0000ff;\"><a style=\"color: #0000ff;\" href=\"https:\/\/ulpmat.com\/de\/search\/?type=name&#038;keyword=Barium+Vanadium+Oxide\">Barium-Vanadium-Oxid<\/a><\/span> sputtertargets sind speziell f\u00fcr D\u00fcnnschichtabscheidungsprozesse konzipiert. Sie zeichnen sich durch einen hohen Reinheitsgrad und eine hervorragende Dichte aus, die eine gleichm\u00e4\u00dfige Schichtbildung und eine konstante Schichtqualit\u00e4t gew\u00e4hrleisten. Mit einer Reinheit von bis zu 99,99 % und extrem niedrigen Verunreinigungsgraden eignen sie sich hervorragend f\u00fcr die Herstellung funktioneller keramischer D\u00fcnnschichten und elektronischer Ger\u00e4te.<\/span><\/p>\n<p><span style=\"font-family: georgia, palatino, serif;\">Wir bieten Barium-Vanadium-Oxid-Sputter-Targets in einer Vielzahl von Formen und Gr\u00f6\u00dfen an, darunter runde und rechteckige Formen, die an die Bed\u00fcrfnisse des Kunden angepasst werden k\u00f6nnen. Wir bieten auch einen umfassenden Kundendienst; bitte z\u00f6gern Sie nicht <span style=\"color: #0000ff;\"><a style=\"color: #0000ff;\" href=\"https:\/\/ulpmat.com\/de\/kontakt-us\/\">kontaktieren Sie uns<\/a> <\/span>bei Fragen.<\/span><\/p>\n<h2><span style=\"font-family: georgia, palatino, serif; font-size: 14pt;\">Produkt-Highlights<\/span><\/h2>\n<p><span style=\"font-family: georgia, palatino, serif;\">Reinheit: 99,9% bis 99,99%<\/span><br \/>\n<span style=\"font-family: georgia, palatino, serif;\">Hohe Dichte gew\u00e4hrleistet gleichm\u00e4\u00dfiges D\u00fcnnschichtwachstum<\/span><br \/>\n<span style=\"font-family: georgia, palatino, serif;\">Gr\u00f6\u00dfe und Form anpassbar<\/span><br \/>\n<span style=\"font-family: georgia, palatino, serif;\"><span style=\"color: #0000ff;\"><a style=\"color: #0000ff;\" href=\"https:\/\/ulpmat.com\/de\/service\/ziel-bindung\/\">Zielgerichtete Verklebung<\/a> <\/span>service verf\u00fcgbar<\/span><br \/>\n<span style=\"font-family: georgia, palatino, serif;\">Ausgezeichnete chemische Stabilit\u00e4t und mechanische Eigenschaften<\/span><\/p>\n<h2><span style=\"font-family: georgia, palatino, serif; font-size: 14pt;\">Anwendungen von Barium-Vanadium-Oxid-Sputter-Targets<\/span><\/h2>\n<p><span style=\"font-family: georgia, palatino, serif;\">Funktionelle keramische D\u00fcnnschichten: F\u00fcr die Herstellung hochleistungsf\u00e4higer Perowskit-Oxid-D\u00fcnnschichten f\u00fcr Sensoren, ferroelektrische Ger\u00e4te und mehr.<\/span><br \/>\n<span style=\"font-family: georgia, palatino, serif;\">Elektronische Ger\u00e4te: Ausgezeichnete Leistung bei Halbleiter- und elektrokatalytischen Anwendungen, geeignet f\u00fcr die Herstellung von Hochleistungs-D\u00fcnnschichttransistoren und -elektroden.<\/span><br \/>\n<span style=\"font-family: georgia, palatino, serif;\">Multifunktionale optoelektronische Materialien: Einsatz in photovoltaischen und optischen D\u00fcnnschichten zur Verbesserung der Effizienz und Stabilit\u00e4t von Ger\u00e4ten.<\/span><\/p>\n<h2><span style=\"font-family: georgia, palatino, serif; font-size: 14pt;\">Berichte<\/span><\/h2>\n<p><span style=\"font-family: georgia, palatino, serif;\">Jede Charge von BaVO\u2083-Sputtertargets wird mit einem <span style=\"color: #0000ff;\"><a style=\"color: #0000ff;\" href=\"https:\/\/ulpmat.com\/de\/service\/chemische-analyse\/\">Analysezertifikat (COA)<\/a><\/span>, dem Sicherheitsdatenblatt (MSDS) und den entsprechenden Qualit\u00e4tsberichten. Wir bieten auch Tests durch Dritte an, um sicherzustellen, dass die Produktqualit\u00e4t den Kundenstandards entspricht.<\/span><\/p>\n","protected":false},"excerpt":{"rendered":"<p>Barium-Vanadium-Oxid-Sputtertargets \u00dcbersicht Barium-Vanadium-Oxid sputtertargets sind speziell f\u00fcr D\u00fcnnschichtabscheidungsprozesse konzipiert. Sie zeichnen sich durch einen hohen Reinheitsgrad und eine hervorragende Dichte aus, die eine gleichm\u00e4\u00dfige Schichtbildung und eine konstante Schichtqualit\u00e4t gew\u00e4hrleisten. Mit einer Reinheit von bis zu 99,99 % und extrem niedrigen Verunreinigungsgraden eignen sie sich hervorragend f\u00fcr die Herstellung funktioneller keramischer D\u00fcnnschichten und elektronischer Ger\u00e4te. [&hellip;]<\/p>\n","protected":false},"featured_media":15625,"template":"","meta":{"_acf_changed":false},"product_brand":[132],"product_cat":[451],"product_tag":[],"class_list":{"0":"post-15624","1":"product","2":"type-product","3":"status-publish","4":"has-post-thumbnail","6":"product_brand-ulpmat","7":"product_cat-keramisches-sputtering-target","9":"first","10":"instock","11":"shipping-taxable","12":"product-type-variable"},"acf":[],"_links":{"self":[{"href":"https:\/\/ulpmat.com\/de\/wp-json\/wp\/v2\/product\/15624","targetHints":{"allow":["GET"]}}],"collection":[{"href":"https:\/\/ulpmat.com\/de\/wp-json\/wp\/v2\/product"}],"about":[{"href":"https:\/\/ulpmat.com\/de\/wp-json\/wp\/v2\/types\/product"}],"wp:featuredmedia":[{"embeddable":true,"href":"https:\/\/ulpmat.com\/de\/wp-json\/wp\/v2\/media\/15625"}],"wp:attachment":[{"href":"https:\/\/ulpmat.com\/de\/wp-json\/wp\/v2\/media?parent=15624"}],"wp:term":[{"taxonomy":"product_brand","embeddable":true,"href":"https:\/\/ulpmat.com\/de\/wp-json\/wp\/v2\/product_brand?post=15624"},{"taxonomy":"product_cat","embeddable":true,"href":"https:\/\/ulpmat.com\/de\/wp-json\/wp\/v2\/product_cat?post=15624"},{"taxonomy":"product_tag","embeddable":true,"href":"https:\/\/ulpmat.com\/de\/wp-json\/wp\/v2\/product_tag?post=15624"}],"curies":[{"name":"wp","href":"https:\/\/api.w.org\/{rel}","templated":true}]}}