{"id":15523,"date":"2025-10-30T11:35:48","date_gmt":"2025-10-30T03:35:48","guid":{"rendered":"https:\/\/ulpmat.com\/product\/caesiumkarbonat\/"},"modified":"2025-10-30T11:35:48","modified_gmt":"2025-10-30T03:35:48","slug":"caesiumkarbonat","status":"publish","type":"product","link":"https:\/\/ulpmat.com\/de\/produkt\/caesiumkarbonat\/","title":{"rendered":"C\u00e4siumkarbonat"},"content":{"rendered":"<h2><span style=\"font-family: georgia, palatino, serif; font-size: 14pt;\">C\u00e4siumcarbonat-Pulver \u00dcbersicht<\/span><\/h2>\n<p><span style=\"font-family: georgia, palatino, serif;\"><span style=\"color: #0000ff;\"><a style=\"color: #0000ff;\" href=\"https:\/\/ulpmat.com\/de\/search\/?type=name&#038;keyword=Cesium+carbonate\">C\u00e4siumcarbonat<\/a><\/span> pulver ist ein hochreines anorganisches Salz mit ausgezeichneter Alkalit\u00e4t, L\u00f6slichkeit und Reaktivit\u00e4t. Es findet breite Anwendung in der organischen Synthese, Katalyse, bei elektronischen Materialien und bei der Herstellung von Funktionsglas. Seine Reinheit kann bis zu 99,99 % betragen, wodurch es sich f\u00fcr anspruchsvolle wissenschaftliche und industrielle Anwendungen eignet.<\/span><\/p>\n<p><span style=\"font-family: georgia, palatino, serif;\">Wir bieten C\u00e4siumcarbonat-Pulver in verschiedenen Partikelgr\u00f6\u00dfen an, die sich durch Gleichm\u00e4\u00dfigkeit und hervorragende Flie\u00dff\u00e4higkeit auszeichnen. Kundenspezifische Verpackungen k\u00f6nnen auf Ihre spezifischen Prozessanforderungen zugeschnitten werden. Wir bieten auch umfassende technische Unterst\u00fctzung und Kundendienst &#8211; bitte nehmen Sie <span style=\"color: #0000ff;\"><a style=\"color: #0000ff;\" href=\"https:\/\/ulpmat.com\/de\/kontakt-us\/\">kontaktieren Sie uns<\/a><\/span> wenn Sie irgendwelche Fragen haben.<\/span><\/p>\n<h2><span style=\"font-family: georgia, palatino, serif; font-size: 14pt;\">Produkt-Highlights<\/span><\/h2>\n<p><span style=\"font-family: georgia, palatino, serif;\">Reinheit: 99,9% bis 99,99%<\/span><br \/>\n<span style=\"font-family: georgia, palatino, serif;\">\u00c4u\u00dferst geringer Gehalt an Verunreinigungen, geeignet f\u00fcr High-End-Anwendungen<\/span><br \/>\n<span style=\"font-family: georgia, palatino, serif;\"><span style=\"color: #0000ff;\"><a style=\"color: #0000ff;\" href=\"https:\/\/ulpmat.com\/de\/service\/anpassung\/\">Anpassbar<\/a><\/span> partikelgr\u00f6\u00dfe und Verpackungsspezifikationen<\/span><br \/>\n<span style=\"font-family: georgia, palatino, serif;\">Hohe Reaktivit\u00e4t, sowohl f\u00fcr organische als auch anorganische Synthesereaktionen geeignet<\/span><\/p>\n<h2><span style=\"font-family: georgia, palatino, serif;\"><span style=\"font-size: 14pt;\">Anwendungen von C\u00e4siumcarbonatpulver<\/span> <\/span><\/h2>\n<p><span style=\"font-family: georgia, palatino, serif;\">Organische Synthese: Wird h\u00e4ufig als starkes Basenreagenz oder Phasentransferkatalysator in Reaktionen wie Carboxylierung, Alkylierung und Umesterung verwendet.<\/span><br \/>\n<span style=\"font-family: georgia, palatino, serif;\">Elektronische Materialien: Verwendung als Elektroneninjektions- und -transportmaterial in Perowskit-Solarzellen und lichtemittierenden OLED-Schichten.<\/span><br \/>\n<span style=\"font-family: georgia, palatino, serif;\">Funktionelles Glas: Zur Herstellung von C\u00e4siumglas mit einem hohen Brechungsindex und speziellen Eigenschaften. Herstellung von Katalysatoren: Es ist ein wichtiger Rohstoff in der heterogenen Katalyse und in alkalischen Katalysesystemen.<\/span><br \/>\n<span style=\"font-family: georgia, palatino, serif;\">Laborreagenzien: Hochreine Qualit\u00e4ten eignen sich f\u00fcr die pr\u00e4zise Kontrolle der alkalischen Bedingungen in verschiedenen wissenschaftlichen Forschungsexperimenten.<\/span><\/p>\n<h2><span style=\"font-family: georgia, palatino, serif; font-size: 14pt;\">Berichte<\/span><\/h2>\n<p><span style=\"font-family: georgia, palatino, serif;\">Wir liefern ein vollst\u00e4ndiges <span style=\"color: #0000ff;\"><a style=\"color: #0000ff;\" href=\"https:\/\/ulpmat.com\/de\/service\/chemische-analyse\/\">Analysezertifikat (COA)<\/a><\/span>, Sicherheitsdatenblatt (MSDS) und andere relevante Berichte f\u00fcr jede Charge von Cs\u2082CO\u2083-Pulver. Wir unterst\u00fctzen auch kundenspezifische Tests durch Dritte, um die Qualit\u00e4tskontrolle und die Zuverl\u00e4ssigkeit der Daten zu gew\u00e4hrleisten.<\/span><\/p>\n","protected":false},"excerpt":{"rendered":"<p>C\u00e4siumcarbonat-Pulver \u00dcbersicht C\u00e4siumcarbonat pulver ist ein hochreines anorganisches Salz mit ausgezeichneter Alkalit\u00e4t, L\u00f6slichkeit und Reaktivit\u00e4t. Es findet breite Anwendung in der organischen Synthese, Katalyse, bei elektronischen Materialien und bei der Herstellung von Funktionsglas. Seine Reinheit kann bis zu 99,99 % betragen, wodurch es sich f\u00fcr anspruchsvolle wissenschaftliche und industrielle Anwendungen eignet. Wir bieten C\u00e4siumcarbonat-Pulver in [&hellip;]<\/p>\n","protected":false},"featured_media":15524,"template":"","meta":{"_acf_changed":false},"product_brand":[132],"product_cat":[1185],"product_tag":[],"class_list":{"0":"post-15523","1":"product","2":"type-product","3":"status-publish","4":"has-post-thumbnail","6":"product_brand-ulpmat","7":"product_cat-andere-saeuren","9":"first","10":"instock","11":"shipping-taxable","12":"product-type-variable"},"acf":[],"_links":{"self":[{"href":"https:\/\/ulpmat.com\/de\/wp-json\/wp\/v2\/product\/15523","targetHints":{"allow":["GET"]}}],"collection":[{"href":"https:\/\/ulpmat.com\/de\/wp-json\/wp\/v2\/product"}],"about":[{"href":"https:\/\/ulpmat.com\/de\/wp-json\/wp\/v2\/types\/product"}],"wp:featuredmedia":[{"embeddable":true,"href":"https:\/\/ulpmat.com\/de\/wp-json\/wp\/v2\/media\/15524"}],"wp:attachment":[{"href":"https:\/\/ulpmat.com\/de\/wp-json\/wp\/v2\/media?parent=15523"}],"wp:term":[{"taxonomy":"product_brand","embeddable":true,"href":"https:\/\/ulpmat.com\/de\/wp-json\/wp\/v2\/product_brand?post=15523"},{"taxonomy":"product_cat","embeddable":true,"href":"https:\/\/ulpmat.com\/de\/wp-json\/wp\/v2\/product_cat?post=15523"},{"taxonomy":"product_tag","embeddable":true,"href":"https:\/\/ulpmat.com\/de\/wp-json\/wp\/v2\/product_tag?post=15523"}],"curies":[{"name":"wp","href":"https:\/\/api.w.org\/{rel}","templated":true}]}}