{"id":15443,"date":"2025-10-30T11:35:50","date_gmt":"2025-10-30T03:35:50","guid":{"rendered":"https:\/\/ulpmat.com\/product\/caesiumfluorid\/"},"modified":"2025-10-30T11:35:50","modified_gmt":"2025-10-30T03:35:50","slug":"caesiumfluorid","status":"publish","type":"product","link":"https:\/\/ulpmat.com\/de\/produkt\/caesiumfluorid\/","title":{"rendered":"C\u00e4siumfluorid"},"content":{"rendered":"<h2><span style=\"font-family: georgia, palatino, serif; font-size: 14pt;\">C\u00e4siumfluoridpulver \u00dcbersicht<\/span><\/h2>\n<p><span style=\"font-family: georgia, palatino, serif;\"><span style=\"color: #0000ff;\"><a style=\"color: #0000ff;\" href=\"https:\/\/ulpmat.com\/de\/search\/?type=name&#038;keyword=Cesium+fluoride\">C\u00e4siumfluorid<\/a><\/span> pulver ist ein wichtiges anorganisches Fluorid mit ausgezeichneter Ionenleitf\u00e4higkeit, hoher thermischer Stabilit\u00e4t und au\u00dfergew\u00f6hnlicher chemischer Reinheit. Es findet breite Anwendung in der Optoelektronik, Elektronik, Kernenergie und synthetischen Chemie.<\/span><\/p>\n<p><span style=\"font-family: georgia, palatino, serif;\">Wir bieten 99 % C\u00e4siumfluoridpulver mit extrem geringen Verunreinigungen an. Wir k\u00f6nnen die Partikelgr\u00f6\u00dfenverteilung an die Kundenbed\u00fcrfnisse anpassen, um eine optimale Leistung in einer Vielzahl von High-End-Anwendungen zu gew\u00e4hrleisten. Wir bieten auch einen umfassenden <span style=\"color: #0000ff;\"><a style=\"color: #0000ff;\" href=\"https:\/\/ulpmat.com\/de\/service\/service-nach-dem-verkauf\/\">after-Sales-Service<\/a> <\/span>team, das sich um Ihre Anliegen k\u00fcmmert.<\/span><\/p>\n<h2><span style=\"font-family: georgia, palatino, serif; font-size: 14pt;\">Produkt-Highlights<\/span><\/h2>\n<p><span style=\"font-family: georgia, palatino, serif;\">Reinheit: 99%<\/span><br \/>\n<span style=\"font-family: georgia, palatino, serif;\">Partikelgr\u00f6\u00dfe: Anpassbar<\/span><br \/>\n<span style=\"font-family: georgia, palatino, serif;\">Verpackung: Anpassbar<\/span><br \/>\n<span style=\"font-family: georgia, palatino, serif;\">Ausgezeichnete Stabilit\u00e4t<\/span><\/p>\n<h2><span style=\"font-family: georgia, palatino, serif; font-size: 14pt;\">Anwendungen von C\u00e4siumfluoridpulver<\/span><\/h2>\n<p><span style=\"font-family: georgia, palatino, serif;\">Elektronische\/Optoelektronische Materialien: Dient als Funktionsmaterial in Ionenleitern, optischen Beschichtungen und Vakuumelektronik.<\/span><br \/>\n<span style=\"font-family: georgia, palatino, serif;\">Synthetische Chemie: Dient als Fluorquelle in organischen Fluorierungsreaktionen, z. B. bei nukleophilen Substitutionsreaktionen von aromatischen Verbindungen.<\/span><br \/>\n<span style=\"font-family: georgia, palatino, serif;\">Nuklearindustrie: CsF wird als Bestandteil der Salzschmelze in Salzschmelzenreaktoren verwendet und tr\u00e4gt zur W\u00e4rmeleitung und zur Steuerung der Neutronenreaktion bei.<\/span><br \/>\n<span style=\"font-family: georgia, palatino, serif;\">Forschungsanwendungen: Einsatz bei der Entwicklung neuer Materialien, funktioneller d\u00fcnner Schichten und Batterieelektrolytsysteme.<\/span><\/p>\n<h2><span style=\"font-family: georgia, palatino, serif; font-size: 14pt;\">Berichte<\/span><\/h2>\n<p><span style=\"font-family: georgia, palatino, serif;\">Wir liefern ein <span style=\"color: #0000ff;\"><a style=\"color: #0000ff;\" href=\"https:\/\/ulpmat.com\/de\/service\/chemische-analyse\/\">Analysezertifikat (COA),<\/a><\/span> Materialsicherheitsdatenblatt (MSDS) und andere relevante Berichte mit jeder Lieferung. Wir unterst\u00fctzen auch Pr\u00fcfungen durch Dritte f\u00fcr eine verbesserte Qualit\u00e4tssicherung.<\/span><\/p>\n","protected":false},"excerpt":{"rendered":"<p>C\u00e4siumfluoridpulver \u00dcbersicht C\u00e4siumfluorid pulver ist ein wichtiges anorganisches Fluorid mit ausgezeichneter Ionenleitf\u00e4higkeit, hoher thermischer Stabilit\u00e4t und au\u00dfergew\u00f6hnlicher chemischer Reinheit. Es findet breite Anwendung in der Optoelektronik, Elektronik, Kernenergie und synthetischen Chemie. Wir bieten 99 % C\u00e4siumfluoridpulver mit extrem geringen Verunreinigungen an. Wir k\u00f6nnen die Partikelgr\u00f6\u00dfenverteilung an die Kundenbed\u00fcrfnisse anpassen, um eine optimale Leistung in einer [&hellip;]<\/p>\n","protected":false},"featured_media":15444,"template":"","meta":{"_acf_changed":false},"product_brand":[132],"product_cat":[318],"product_tag":[],"class_list":{"0":"post-15443","1":"product","2":"type-product","3":"status-publish","4":"has-post-thumbnail","6":"product_brand-ulpmat","7":"product_cat-halogenid-materialien","9":"first","10":"instock","11":"shipping-taxable","12":"product-type-variable"},"acf":[],"_links":{"self":[{"href":"https:\/\/ulpmat.com\/de\/wp-json\/wp\/v2\/product\/15443","targetHints":{"allow":["GET"]}}],"collection":[{"href":"https:\/\/ulpmat.com\/de\/wp-json\/wp\/v2\/product"}],"about":[{"href":"https:\/\/ulpmat.com\/de\/wp-json\/wp\/v2\/types\/product"}],"wp:featuredmedia":[{"embeddable":true,"href":"https:\/\/ulpmat.com\/de\/wp-json\/wp\/v2\/media\/15444"}],"wp:attachment":[{"href":"https:\/\/ulpmat.com\/de\/wp-json\/wp\/v2\/media?parent=15443"}],"wp:term":[{"taxonomy":"product_brand","embeddable":true,"href":"https:\/\/ulpmat.com\/de\/wp-json\/wp\/v2\/product_brand?post=15443"},{"taxonomy":"product_cat","embeddable":true,"href":"https:\/\/ulpmat.com\/de\/wp-json\/wp\/v2\/product_cat?post=15443"},{"taxonomy":"product_tag","embeddable":true,"href":"https:\/\/ulpmat.com\/de\/wp-json\/wp\/v2\/product_tag?post=15443"}],"curies":[{"name":"wp","href":"https:\/\/api.w.org\/{rel}","templated":true}]}}