{"id":15357,"date":"2025-10-30T11:35:51","date_gmt":"2025-10-30T03:35:51","guid":{"rendered":"https:\/\/ulpmat.com\/product\/caesium-bleibromid\/"},"modified":"2025-10-30T11:35:51","modified_gmt":"2025-10-30T03:35:51","slug":"caesium-bleibromid","status":"publish","type":"product","link":"https:\/\/ulpmat.com\/de\/produkt\/caesium-bleibromid\/","title":{"rendered":"C\u00e4sium-Bleibromid"},"content":{"rendered":"<h2><span style=\"font-family: georgia, palatino, serif; font-size: 14pt;\">C\u00e4sium-Bleibromid-Sputtertargets \u00dcbersicht<\/span><\/h2>\n<p><span style=\"font-family: georgia, palatino, serif;\"><span style=\"color: #0000ff;\"><a style=\"color: #0000ff;\" href=\"https:\/\/ulpmat.com\/de\/search\/?type=name&#038;keyword=Cesium+Lead+Bromide\"> C\u00e4sium-Bleibromid<\/a> <\/span>sputtertargets sind keramische Hochleistungs-Targets, die speziell f\u00fcr die Herstellung von photovoltaischen Perowskit-D\u00fcnnschichten entwickelt wurden. Sie bieten au\u00dfergew\u00f6hnliche Reinheit, Dichte und kontrollierte Phasenzusammensetzung. Diese Targets weisen ein breites Anwendungspotenzial f\u00fcr Perowskit-Solarzellen, Photodetektoren und lichtemittierende Ger\u00e4te auf. Ihre pr\u00e4zise Formulierung gew\u00e4hrleistet eine gleichm\u00e4\u00dfige Filmbildung, so dass sie sich f\u00fcr eine Vielzahl von PVD-Verfahren eignen, einschlie\u00dflich RF- und DC-Sputtering.<\/span><\/p>\n<p><span style=\"font-family: georgia, palatino, serif;\">Wir bieten eine Vielzahl von C\u00e4sium-Bleibromid-Sputter-Targets in runder und rechteckiger Form an, die sich an Ihre spezifischen Prozessanforderungen anpassen lassen. Wir bieten auch professionelle technische Beratung vor dem Verkauf und umfassenden<span style=\"color: #0000ff;\"><a style=\"color: #0000ff;\" href=\"https:\/\/ulpmat.com\/de\/service\/service-nach-dem-verkauf\/\"> after-Sales-Unterst\u00fctzung.<\/a><\/span> Bitte z\u00f6gern Sie nicht <span style=\"color: #0000ff;\"><a style=\"color: #0000ff;\" href=\"https:\/\/ulpmat.com\/de\/service\/service-nach-dem-verkauf\/\">kontaktieren Sie uns<\/a><\/span> mit allen Fragen.<\/span><\/p>\n<h2><span style=\"font-family: georgia, palatino, serif; font-size: 14pt;\">Produkt-Highlights<\/span><\/h2>\n<p><span style=\"font-family: georgia, palatino, serif;\">Reinheit: 99,99%<\/span><br \/>\n<span style=\"font-family: georgia, palatino, serif;\">Hohe Dichte und ausgezeichnete Gleichm\u00e4\u00dfigkeit des Films<\/span><br \/>\n<span style=\"font-family: georgia, palatino, serif;\">Anpassbare Formen und Gr\u00f6\u00dfen<\/span><br \/>\n<span style=\"font-family: georgia, palatino, serif;\"><span style=\"color: #0000ff;\"><a style=\"color: #0000ff;\" href=\"https:\/\/ulpmat.com\/de\/service\/ziel-bindung\/\">Zielgerichtete Verklebung<\/a><\/span> dienstleistungen verf\u00fcgbar<\/span><br \/>\n<span style=\"font-family: georgia, palatino, serif;\">Ausgezeichnete Stabilit\u00e4t, geeignet f\u00fcr eine Vielzahl von Anwendungen, einschlie\u00dflich Niedertemperaturabscheidung und Herstellung flexibler Bauelemente.<\/span><\/p>\n<h2><span style=\"font-family: georgia, palatino, serif; font-size: 14pt;\">Anwendungen von C\u00e4sium-Bleibromid-Sputter-Targets<\/span><\/h2>\n<p><span style=\"font-family: georgia, palatino, serif;\">Perowskit-Solarzellen: Verwendung als lichtabsorbierende Schicht oder Perowskit-Vorl\u00e4ufermaterial zur Verbesserung der Ger\u00e4teeffizienz und der Verarbeitbarkeit. Photodetektoren: Sie bieten eine hohe Empfindlichkeit im UV-visuellen Wellenl\u00e4ngenbereich und sind f\u00fcr die Bildgebung und Sensorik geeignet.<\/span><br \/>\n<span style=\"font-family: georgia, palatino, serif;\">Licht emittierende Dioden (LEDs): Sie werden in lichtemittierenden Perowskit-Schichten eingesetzt und bieten eine hohe Farbreinheit und eine hervorragende Lichtausbeute.<\/span><br \/>\n<span style=\"font-family: georgia, palatino, serif;\">Integrierte optoelektronische Bauelemente: Sie k\u00f6nnen bei der Herstellung funktioneller d\u00fcnner Schichten f\u00fcr flexible Elektronik oder Mikronanostrukturen verwendet werden.<\/span><\/p>\n<h2><span style=\"font-family: georgia, palatino, serif; font-size: 14pt;\">Berichte<\/span><\/h2>\n<p><span style=\"font-family: georgia, palatino, serif;\">Wir liefern ein vollst\u00e4ndiges <span style=\"color: #0000ff;\"><a style=\"color: #0000ff;\" href=\"https:\/\/ulpmat.com\/de\/service\/chemische-analyse\/\">Analysezertifikat (COA),<\/a><\/span> Sicherheitsdatenblatt (MSDS) sowie die erforderlichen XRD- und EDS-Pr\u00fcfberichte f\u00fcr jede Charge unserer CsPbBr\u2083-Sputtertargets. Wir unterst\u00fctzen auch Pr\u00fcfdienste Dritter, um Stabilit\u00e4t und Konsistenz in F&amp;E oder Massenproduktion zu gew\u00e4hrleisten.<\/span><\/p>\n","protected":false},"excerpt":{"rendered":"<p>C\u00e4sium-Bleibromid-Sputtertargets \u00dcbersicht C\u00e4sium-Bleibromid sputtertargets sind keramische Hochleistungs-Targets, die speziell f\u00fcr die Herstellung von photovoltaischen Perowskit-D\u00fcnnschichten entwickelt wurden. Sie bieten au\u00dfergew\u00f6hnliche Reinheit, Dichte und kontrollierte Phasenzusammensetzung. Diese Targets weisen ein breites Anwendungspotenzial f\u00fcr Perowskit-Solarzellen, Photodetektoren und lichtemittierende Ger\u00e4te auf. Ihre pr\u00e4zise Formulierung gew\u00e4hrleistet eine gleichm\u00e4\u00dfige Filmbildung, so dass sie sich f\u00fcr eine Vielzahl von PVD-Verfahren eignen, [&hellip;]<\/p>\n","protected":false},"featured_media":15358,"template":"","meta":{"_acf_changed":false},"product_brand":[132],"product_cat":[451],"product_tag":[],"class_list":{"0":"post-15357","1":"product","2":"type-product","3":"status-publish","4":"has-post-thumbnail","6":"product_brand-ulpmat","7":"product_cat-keramisches-sputtering-target","9":"first","10":"instock","11":"shipping-taxable","12":"product-type-variable"},"acf":[],"_links":{"self":[{"href":"https:\/\/ulpmat.com\/de\/wp-json\/wp\/v2\/product\/15357","targetHints":{"allow":["GET"]}}],"collection":[{"href":"https:\/\/ulpmat.com\/de\/wp-json\/wp\/v2\/product"}],"about":[{"href":"https:\/\/ulpmat.com\/de\/wp-json\/wp\/v2\/types\/product"}],"wp:featuredmedia":[{"embeddable":true,"href":"https:\/\/ulpmat.com\/de\/wp-json\/wp\/v2\/media\/15358"}],"wp:attachment":[{"href":"https:\/\/ulpmat.com\/de\/wp-json\/wp\/v2\/media?parent=15357"}],"wp:term":[{"taxonomy":"product_brand","embeddable":true,"href":"https:\/\/ulpmat.com\/de\/wp-json\/wp\/v2\/product_brand?post=15357"},{"taxonomy":"product_cat","embeddable":true,"href":"https:\/\/ulpmat.com\/de\/wp-json\/wp\/v2\/product_cat?post=15357"},{"taxonomy":"product_tag","embeddable":true,"href":"https:\/\/ulpmat.com\/de\/wp-json\/wp\/v2\/product_tag?post=15357"}],"curies":[{"name":"wp","href":"https:\/\/api.w.org\/{rel}","templated":true}]}}