{"id":15321,"date":"2025-10-30T11:35:52","date_gmt":"2025-10-30T03:35:52","guid":{"rendered":"https:\/\/ulpmat.com\/product\/caesium-zinn-iodid-2\/"},"modified":"2025-10-30T11:35:52","modified_gmt":"2025-10-30T03:35:52","slug":"caesium-zinn-iodid-2","status":"publish","type":"product","link":"https:\/\/ulpmat.com\/de\/produkt\/caesium-zinn-iodid-2\/","title":{"rendered":"C\u00e4sium-Zinn-Iodid"},"content":{"rendered":"<h2><span style=\"font-family: georgia, palatino, serif; font-size: 14pt;\">C\u00e4sium-Zinn-Iodid-Granulat \u00dcbersicht<\/span><\/h2>\n<p><span style=\"font-family: georgia, palatino, serif;\"><span style=\"color: #0000ff;\"><a style=\"color: #0000ff;\" href=\"https:\/\/ulpmat.com\/de\/search\/?type=name&#038;keyword=Cesium+Tin+Iodide\"> C\u00e4sium-Zinn-Iodid<\/a><\/span> granulat ist ein hochreines Funktionsmaterial, das speziell f\u00fcr die Herstellung von Perowskit-Solarzellen und optoelektronischen Ger\u00e4ten entwickelt wurde. Mit einer Reinheit von bis zu 99,999 % sind diese Granulate einheitlich und weisen eine hervorragende optoelektronische Leistung und Stabilit\u00e4t auf, was eine effiziente und zuverl\u00e4ssige Herstellung von Ger\u00e4ten gew\u00e4hrleistet.<\/span><\/p>\n<p><span style=\"font-family: georgia, palatino, serif;\">Wir bieten eine Vielzahl von C\u00e4sium-Zinn-Iodid-Granulaten in verschiedenen Gr\u00f6\u00dfen an, die an Ihre spezifischen Bed\u00fcrfnisse angepasst werden k\u00f6nnen. Wir bieten auch umfassende <span style=\"color: #0000ff;\"><a style=\"color: #0000ff;\" href=\"https:\/\/ulpmat.com\/de\/service\/technische-unterstuetzung\/\">technische Unterst\u00fctzung<\/a> <\/span>und Kundendienst. Bitte z\u00f6gern Sie nicht <span style=\"color: #0000ff;\"><a style=\"color: #0000ff;\" href=\"https:\/\/ulpmat.com\/de\/kontakt-us\/\">kontaktieren Sie uns<\/a><\/span> wenn Sie irgendwelche Fragen haben.<\/span><\/p>\n<h2><span style=\"font-family: georgia, palatino, serif; font-size: 14pt;\">Produkt-Highlights<\/span><\/h2>\n<p><span style=\"font-family: georgia, palatino, serif;\">Reinheit: 99,999%<\/span><br \/>\n<span style=\"font-family: georgia, palatino, serif;\">Gleichm\u00e4\u00dfige Partikel, geeignet f\u00fcr die Verarbeitung von L\u00f6sungen und die Herstellung von D\u00fcnnschichten<\/span><br \/>\n<span style=\"font-family: georgia, palatino, serif;\">Hohe optoelektronische Leistung, geeignet f\u00fcr eine Vielzahl von Perowskit-optoelektronischen Ger\u00e4ten<\/span><br \/>\n<span style=\"font-family: georgia, palatino, serif;\">Hervorragende Stabilit\u00e4t, verl\u00e4ngert die Lebensdauer und Effizienz der Ger\u00e4te<\/span><\/p>\n<h2><span style=\"font-family: georgia, palatino, serif; font-size: 14pt;\">Anwendungen von C\u00e4sium-Zinn-Iodid-Granulat<\/span><\/h2>\n<p><span style=\"font-family: georgia, palatino, serif;\">Perowskit-Solarzellen: Dient als Vorl\u00e4ufermaterial f\u00fcr die lichtabsorbierende Perowskit-Schicht und verbessert die photoelektrische Umwandlungseffizienz.<\/span><br \/>\n<span style=\"font-family: georgia, palatino, serif;\"><span style=\"color: #0000ff;\"><a style=\"color: #0000ff;\" href=\"https:\/\/ulpmat.com\/de\/anwendung\/materialien-fuer-die-optik\/\">Optoelektronische<\/a><\/span> ger\u00e4te: Anwendungen in Photodetektoren, Leuchtdioden (LEDs) und anderen Anwendungen, die eine hervorragende photoelektrische Reaktion aufweisen.<\/span><br \/>\n<span style=\"font-family: georgia, palatino, serif;\">Materialforschung: Einsatz bei der Synthese und Leistungsoptimierung von Perowskit-Materialien.<\/span><\/p>\n<h2><span style=\"font-family: georgia, palatino, serif; font-size: 14pt;\">Berichte<\/span><\/h2>\n<p><span style=\"font-family: georgia, palatino, serif;\">Jede Charge von CsSnI\u2083-Pellets wird mit einem <span style=\"color: #0000ff;\"><a style=\"color: #0000ff;\" href=\"https:\/\/ulpmat.com\/de\/service\/chemische-analyse\/\">Analysezertifikat (COA)<\/a><\/span>, dem Sicherheitsdatenblatt (MSDS) und den entsprechenden technischen Berichten versehen. Wir unterst\u00fctzen Pr\u00fcfungen durch Dritte, um eine gleichbleibende und zuverl\u00e4ssige Produktqualit\u00e4t zu gew\u00e4hrleisten.<\/span><\/p>\n","protected":false},"excerpt":{"rendered":"<p>C\u00e4sium-Zinn-Iodid-Granulat \u00dcbersicht C\u00e4sium-Zinn-Iodid granulat ist ein hochreines Funktionsmaterial, das speziell f\u00fcr die Herstellung von Perowskit-Solarzellen und optoelektronischen Ger\u00e4ten entwickelt wurde. Mit einer Reinheit von bis zu 99,999 % sind diese Granulate einheitlich und weisen eine hervorragende optoelektronische Leistung und Stabilit\u00e4t auf, was eine effiziente und zuverl\u00e4ssige Herstellung von Ger\u00e4ten gew\u00e4hrleistet. Wir bieten eine Vielzahl von [&hellip;]<\/p>\n","protected":false},"featured_media":15322,"template":"","meta":{"_acf_changed":false},"product_brand":[132],"product_cat":[299],"product_tag":[],"class_list":{"0":"post-15321","1":"product","2":"type-product","3":"status-publish","4":"has-post-thumbnail","6":"product_brand-ulpmat","7":"product_cat-verdampfen-von-materialien","9":"first","10":"instock","11":"shipping-taxable","12":"product-type-variable"},"acf":[],"_links":{"self":[{"href":"https:\/\/ulpmat.com\/de\/wp-json\/wp\/v2\/product\/15321","targetHints":{"allow":["GET"]}}],"collection":[{"href":"https:\/\/ulpmat.com\/de\/wp-json\/wp\/v2\/product"}],"about":[{"href":"https:\/\/ulpmat.com\/de\/wp-json\/wp\/v2\/types\/product"}],"wp:featuredmedia":[{"embeddable":true,"href":"https:\/\/ulpmat.com\/de\/wp-json\/wp\/v2\/media\/15322"}],"wp:attachment":[{"href":"https:\/\/ulpmat.com\/de\/wp-json\/wp\/v2\/media?parent=15321"}],"wp:term":[{"taxonomy":"product_brand","embeddable":true,"href":"https:\/\/ulpmat.com\/de\/wp-json\/wp\/v2\/product_brand?post=15321"},{"taxonomy":"product_cat","embeddable":true,"href":"https:\/\/ulpmat.com\/de\/wp-json\/wp\/v2\/product_cat?post=15321"},{"taxonomy":"product_tag","embeddable":true,"href":"https:\/\/ulpmat.com\/de\/wp-json\/wp\/v2\/product_tag?post=15321"}],"curies":[{"name":"wp","href":"https:\/\/api.w.org\/{rel}","templated":true}]}}