{"id":12883,"date":"2025-07-18T17:14:36","date_gmt":"2025-07-18T09:14:36","guid":{"rendered":"https:\/\/ulpmat.com\/product\/aluminium-metall\/"},"modified":"2025-07-18T17:14:36","modified_gmt":"2025-07-18T09:14:36","slug":"aluminium-metall","status":"publish","type":"product","link":"https:\/\/ulpmat.com\/de\/produkt\/aluminium-metall\/","title":{"rendered":"Aluminium-Metall"},"content":{"rendered":"<h2><span style=\"font-size: 14pt;\">Aluminiumstab \u00dcbersicht<\/span><\/h2>\n<p><strong><span style=\"color: #3366ff;\"><a style=\"color: #3366ff;\" href=\"https:\/\/ulpmat.com\/de\/search\/?type=element&#038;keyword=Al\">Aluminium<\/a><\/span><\/strong> stangen sind ein vielseitiges, leichtes und hochfestes Material, das h\u00e4ufig in verschiedenen industriellen, kommerziellen und verarbeitenden Anwendungen eingesetzt wird. Mit einem Reinheitsgrad von bis zu 99,999 % bieten unsere Aluminiumstangen eine hervorragende Korrosionsbest\u00e4ndigkeit, Bearbeitbarkeit und elektrische Leitf\u00e4higkeit, was sie zu einer idealen Wahl f\u00fcr Branchen macht, die langlebige und leicht zu verarbeitende Materialien ben\u00f6tigen.<\/p>\n<p>Unsere Aluminiumstangen werden in Pr\u00e4zisionsverfahren hergestellt und sind in verschiedenen Durchmessern und L\u00e4ngen erh\u00e4ltlich, die an die jeweiligen Projektanforderungen angepasst werden k\u00f6nnen. Wir bieten auch einen umfassenden Kundendienst an &#8211; wenden Sie sich bitte an <span style=\"color: #3366ff;\"><a style=\"color: #3366ff;\" href=\"https:\/\/ulpmat.com\/de\/kontakt-us\/\">kontaktieren Sie uns<\/a><\/span> kontaktieren Sie uns, wenn Sie Fragen zur Verwendung der Stangen in der Automobilindustrie haben.<\/p>\n<h2><span style=\"font-size: 14pt;\">Produkt-Highlights:<\/span><\/h2>\n<p>Reinheit: \u226599,99%<br \/>\nAusgezeichnetes Verh\u00e4ltnis von Festigkeit zu Gewicht<br \/>\nHervorragende Bearbeitbarkeit f\u00fcr eine einfache Herstellung<br \/>\nAnpassbare Durchmesser und L\u00e4ngen<\/p>\n<h2><span style=\"font-size: 14pt;\">Anwendungen von Aluminiumst\u00e4ben<\/span><\/h2>\n<p>Bauwesen: Wird in strukturellen Komponenten, Verst\u00e4rkungen und St\u00fctzen f\u00fcr Geb\u00e4ude verwendet und bietet hohe Festigkeit und Korrosionsbest\u00e4ndigkeit.<br \/>\nElektrotechnik: Ideal f\u00fcr elektrische Leiter, Kabel und Stromschienen aufgrund seiner hohen elektrischen Leitf\u00e4higkeit.<br \/>\nLuft- und Raumfahrt: Wird aufgrund des guten Verh\u00e4ltnisses von Festigkeit zu Gewicht h\u00e4ufig f\u00fcr Flugzeugkomponenten, einschlie\u00dflich Strukturteilen und St\u00fctzen, verwendet.<br \/>\nAutomobilbau: Wird im Fahrzeugbau f\u00fcr Teile wie Motorkomponenten, Fahrwerk und Aufh\u00e4ngung aufgrund seiner leichten Eigenschaften verwendet.<br \/>\nFertigung: Wird in Bearbeitungsprozessen wie Drehen, Fr\u00e4sen und Bohren eingesetzt, um kundenspezifische Teile und Komponenten f\u00fcr verschiedene Branchen herzustellen.<\/p>\n<h2><span style=\"font-size: 14pt;\">Berichte<\/span><\/h2>\n<p>Wir liefern mit jeder Lieferung ein Analysezertifikat (COA), ein Sicherheitsdatenblatt (MSDS) und andere relevante Berichte. Dar\u00fcber hinaus sind Pr\u00fcfungen durch Dritte m\u00f6glich, um sicherzustellen, dass das Produkt Ihren Qualit\u00e4tsanforderungen entspricht.<\/p>\n<h2><span style=\"font-size: 14pt;\">Warum sollten Sie uns w\u00e4hlen?<\/span><\/h2>\n<p>Als zuverl\u00e4ssiger <strong>Lieferant von Aluminiumst\u00e4ben<\/strong> bieten wir ultrahochreine Materialien (bis zu 99,999%), um au\u00dfergew\u00f6hnliche Leistung und Zuverl\u00e4ssigkeit in anspruchsvollen Anwendungen zu gew\u00e4hrleisten. Mit flexiblen Anpassungsm\u00f6glichkeiten bei Durchmesser, L\u00e4nge und Oberfl\u00e4chenbeschaffenheit garantiert unsere Pr\u00e4zisionsfertigung Gleichm\u00e4\u00dfigkeit, hohe Festigkeit und fehlerfreie Produkte. Unterst\u00fctzt durch fachkundige technische Unterst\u00fctzung bei der Materialauswahl, Prozessoptimierung und kundenspezifischen L\u00f6sungen bieten wir au\u00dferdem einen zuverl\u00e4ssigen globalen Service mit schneller Reaktion, effizienter Logistik und langfristigen Partnerschaften.<\/p>\n","protected":false},"excerpt":{"rendered":"<p><strong><span style=\"color: #3366ff;\"><a style=\"color: #3366ff;\" href=\"https:\/\/ulpmat.com\/de\/search\/?type=element&#038;keyword=Al\">Aluminium<\/a><\/span><\/strong> stangen sind ein vielseitiges, leichtes und hochfestes Material, das h\u00e4ufig in verschiedenen industriellen, kommerziellen und verarbeitenden Anwendungen eingesetzt wird. Mit einem Reinheitsgrad von bis zu 99,999 % bieten unsere Aluminiumstangen eine hervorragende Korrosionsbest\u00e4ndigkeit, Bearbeitbarkeit und elektrische Leitf\u00e4higkeit, was sie zu einer idealen Wahl f\u00fcr Branchen macht, die langlebige und leicht zu verarbeitende Materialien ben\u00f6tigen.<\/p>\n","protected":false},"featured_media":5331,"template":"","meta":{"_acf_changed":false},"product_brand":[132],"product_cat":[397],"product_tag":[1161],"class_list":{"0":"post-12883","1":"product","2":"type-product","3":"status-publish","4":"has-post-thumbnail","6":"product_brand-ulpmat","7":"product_cat-andere-materialien","8":"product_tag-aluminium-metall","10":"first","11":"instock","12":"shipping-taxable","13":"product-type-variable"},"acf":[],"_links":{"self":[{"href":"https:\/\/ulpmat.com\/de\/wp-json\/wp\/v2\/product\/12883","targetHints":{"allow":["GET"]}}],"collection":[{"href":"https:\/\/ulpmat.com\/de\/wp-json\/wp\/v2\/product"}],"about":[{"href":"https:\/\/ulpmat.com\/de\/wp-json\/wp\/v2\/types\/product"}],"wp:featuredmedia":[{"embeddable":true,"href":"https:\/\/ulpmat.com\/de\/wp-json\/wp\/v2\/media\/5331"}],"wp:attachment":[{"href":"https:\/\/ulpmat.com\/de\/wp-json\/wp\/v2\/media?parent=12883"}],"wp:term":[{"taxonomy":"product_brand","embeddable":true,"href":"https:\/\/ulpmat.com\/de\/wp-json\/wp\/v2\/product_brand?post=12883"},{"taxonomy":"product_cat","embeddable":true,"href":"https:\/\/ulpmat.com\/de\/wp-json\/wp\/v2\/product_cat?post=12883"},{"taxonomy":"product_tag","embeddable":true,"href":"https:\/\/ulpmat.com\/de\/wp-json\/wp\/v2\/product_tag?post=12883"}],"curies":[{"name":"wp","href":"https:\/\/api.w.org\/{rel}","templated":true}]}}