{"id":12859,"date":"2025-07-18T17:14:37","date_gmt":"2025-07-18T09:14:37","guid":{"rendered":"https:\/\/ulpmat.com\/product\/aluminium-kobalt-legierung\/"},"modified":"2025-07-18T17:14:37","modified_gmt":"2025-07-18T09:14:37","slug":"aluminium-kobalt-legierung","status":"publish","type":"product","link":"https:\/\/ulpmat.com\/de\/produkt\/aluminium-kobalt-legierung\/","title":{"rendered":"Aluminium-Kobalt-Legierung"},"content":{"rendered":"<h2><span style=\"font-size: 14pt;\">Aluminium-Kobalt-Legierung \u00dcbersicht<\/span><\/h2>\n<p><strong><span style=\"color: #3366ff;\"><a style=\"color: #3366ff;\" href=\"https:\/\/ulpmat.com\/de\/search\/?type=element&#038;keyword=alco\">Aluminium-Kobalt-Legierung<\/a><\/span><\/strong> pulver ist ein Hochleistungsmaterial, das aus einer Mischung von Aluminium und Kobalt besteht und die Leichtigkeit und Korrosionsbest\u00e4ndigkeit von Aluminium mit den magnetischen Eigenschaften und der Festigkeit von Kobalt kombiniert. Dieses einzigartige Legierungspulver ist ideal f\u00fcr Anwendungen, die eine Kombination aus starken magnetischen Eigenschaften, hoher thermischer Stabilit\u00e4t und ausgezeichneter Verschlei\u00dffestigkeit erfordern.<\/p>\n<p>Unser AlCo-Pulver wird mit hoher Pr\u00e4zision hergestellt und gew\u00e4hrleistet eine hohe Reinheit, eine gleichm\u00e4\u00dfige Partikelgr\u00f6\u00dfenverteilung und eine ausgezeichnete Reaktivit\u00e4t f\u00fcr verschiedene industrielle Anwendungen. Wir bieten auch einen umfassenden Kundendienst an &#8211; bitte nehmen Sie <span style=\"color: #3366ff;\"><a style=\"color: #3366ff;\" href=\"https:\/\/ulpmat.com\/de\/kontakt-us\/\">kontaktieren Sie uns<\/a><\/span> wenn Sie Fragen zu ihrer Verwendung haben.<\/p>\n<h2><span style=\"font-size: 14pt;\">Produkt-Highlights:<\/span><\/h2>\n<p>Hohe Reinheit und einheitliche Zusammensetzung<br \/>\nAusgezeichnete magnetische Eigenschaften<br \/>\nHohe thermische und elektrische Leitf\u00e4higkeit<br \/>\nGute Verschlei\u00dffestigkeit und Korrosionsbest\u00e4ndigkeit<br \/>\nErh\u00e4ltlich in einer Reihe von Partikelgr\u00f6\u00dfen f\u00fcr unterschiedliche Anwendungen<\/p>\n<h2><span style=\"font-size: 14pt;\">Anwendungen von Aluminium-Kobalt-Legierungspulver<\/span><\/h2>\n<p>Pulvermetallurgie: Zur Herstellung von magnetischen Hochleistungswerkstoffen und -legierungen durch pulvermetallurgische Verfahren.<br \/>\nMagnetische Komponenten: Ideal f\u00fcr die Herstellung von magnetischen Komponenten in Elektromotoren, magnetischen Sensoren und Aktuatoren.<br \/>\nElektromagnetische Abschirmung: Wird bei der Herstellung von Materialien zur Abschirmung elektromagnetischer St\u00f6rungen (EMI) eingesetzt, bei denen die magnetischen Eigenschaften von AlCo von entscheidender Bedeutung sind.<br \/>\nD\u00fcnnschichtabscheidung: Wird beim Sputtern und anderen Abscheidungsmethoden verwendet, um d\u00fcnne magnetische Schichten f\u00fcr Datenspeicher, Sensoren und andere elektronische Ger\u00e4te herzustellen.<br \/>\nKatalyse: AlCo-Pulver kann aufgrund seiner einzigartigen Kombination aus thermischer Stabilit\u00e4t und katalytischen Eigenschaften als Katalysator in bestimmten chemischen Reaktionen verwendet werden.<\/p>\n<h2><span style=\"font-size: 14pt;\">Berichte<\/span><\/h2>\n<p>Wir liefern mit jeder Lieferung ein Analysezertifikat (COA), ein Sicherheitsdatenblatt (MSDS) und andere relevante Berichte, um sicherzustellen, dass unser AlCo-Pulver den h\u00f6chsten Qualit\u00e4tsstandards entspricht. Dar\u00fcber hinaus unterst\u00fctzen wir Pr\u00fcfungen durch Dritte, um die Reinheit und die Leistungsmerkmale zu verifizieren.<\/p>\n<h2><span style=\"font-size: 14pt;\">Warum sollten Sie uns w\u00e4hlen?<\/span><\/h2>\n<p>Als zuverl\u00e4ssiger <strong>Lieferant von Aluminium-Kobalt-Pulver<\/strong> liefern wir hochreines Pulver mit einheitlicher Zusammensetzung, um eine gleichbleibende Leistung bei allen Anwendungen zu gew\u00e4hrleisten. Wir bieten kundenspezifische Partikelgr\u00f6\u00dfen, Zusammensetzungen und Verpackungen, um spezifische Kundenanforderungen zu erf\u00fcllen. Dank fortschrittlicher Fertigungstechniken und strenger Qualit\u00e4tskontrolle weisen unsere Pulver gleichbleibende Eigenschaften auf und werden durch fachkundige technische Beratung bei der Materialauswahl, Prozessoptimierung und anwendungsspezifischen L\u00f6sungen unterst\u00fctzt. Dar\u00fcber hinaus gew\u00e4hrleisten wir einen zuverl\u00e4ssigen globalen Service mit schnellem Versand und hervorragendem Kundendienst.<\/p>\n","protected":false},"excerpt":{"rendered":"<p>Aluminium-Kobalt-Legierung \u00dcbersicht Aluminium-Kobalt-Legierung pulver ist ein Hochleistungsmaterial, das aus einer Mischung von Aluminium und Kobalt besteht und die Leichtigkeit und Korrosionsbest\u00e4ndigkeit von Aluminium mit den magnetischen Eigenschaften und der Festigkeit von Kobalt kombiniert. Dieses einzigartige Legierungspulver ist ideal f\u00fcr Anwendungen, die eine Kombination aus starken magnetischen Eigenschaften, hoher thermischer Stabilit\u00e4t und ausgezeichneter Verschlei\u00dffestigkeit erfordern. Unser [&hellip;]<\/p>\n","protected":false},"featured_media":5343,"template":"","meta":{"_acf_changed":false},"product_brand":[132],"product_cat":[280],"product_tag":[1144],"class_list":{"0":"post-12859","1":"product","2":"type-product","3":"status-publish","4":"has-post-thumbnail","6":"product_brand-ulpmat","7":"product_cat-reine-metalle-legierungen","8":"product_tag-aluminiumlegierung","10":"first","11":"instock","12":"shipping-taxable","13":"product-type-variable"},"acf":[],"_links":{"self":[{"href":"https:\/\/ulpmat.com\/de\/wp-json\/wp\/v2\/product\/12859","targetHints":{"allow":["GET"]}}],"collection":[{"href":"https:\/\/ulpmat.com\/de\/wp-json\/wp\/v2\/product"}],"about":[{"href":"https:\/\/ulpmat.com\/de\/wp-json\/wp\/v2\/types\/product"}],"wp:featuredmedia":[{"embeddable":true,"href":"https:\/\/ulpmat.com\/de\/wp-json\/wp\/v2\/media\/5343"}],"wp:attachment":[{"href":"https:\/\/ulpmat.com\/de\/wp-json\/wp\/v2\/media?parent=12859"}],"wp:term":[{"taxonomy":"product_brand","embeddable":true,"href":"https:\/\/ulpmat.com\/de\/wp-json\/wp\/v2\/product_brand?post=12859"},{"taxonomy":"product_cat","embeddable":true,"href":"https:\/\/ulpmat.com\/de\/wp-json\/wp\/v2\/product_cat?post=12859"},{"taxonomy":"product_tag","embeddable":true,"href":"https:\/\/ulpmat.com\/de\/wp-json\/wp\/v2\/product_tag?post=12859"}],"curies":[{"name":"wp","href":"https:\/\/api.w.org\/{rel}","templated":true}]}}