{"id":12834,"date":"2025-07-18T17:14:37","date_gmt":"2025-07-18T09:14:37","guid":{"rendered":"https:\/\/ulpmat.com\/product\/aluminium-chrom-legierung-3\/"},"modified":"2025-07-18T17:14:37","modified_gmt":"2025-07-18T09:14:37","slug":"aluminium-chrom-legierung-3","status":"publish","type":"product","link":"https:\/\/ulpmat.com\/de\/produkt\/aluminium-chrom-legierung-3\/","title":{"rendered":"Aluminium-Chrom-Legierung"},"content":{"rendered":"<h2><span style=\"font-size: 14pt;\">Aluminium-Chrom-Legierung \u00dcbersicht<\/span><\/h2>\n<p><strong><span style=\"color: #3366ff;\"><a style=\"color: #3366ff;\" href=\"https:\/\/ulpmat.com\/de\/search\/?type=element&#038;keyword=alcr\">Aluminium-Chrom-Legierung<\/a><\/span><\/strong> sputtertargets sind Hochleistungsmaterialien, die im Sputterprozess zur Abscheidung d\u00fcnner Schichten aus Aluminium- und Chromlegierungen verwendet werden. Diese Targets bieten eine hervorragende Haltbarkeit, hohe H\u00e4rte und Korrosionsbest\u00e4ndigkeit und eignen sich daher ideal f\u00fcr eine Reihe von fortschrittlichen Beschichtungsanwendungen.<\/p>\n<p>Unsere Aluminium-Chrom-Sputtertargets werden mit hohem Reinheitsgrad hergestellt, um eine stabile Leistung und eine hochwertige D\u00fcnnschichtabscheidung zu gew\u00e4hrleisten. Wir bieten kundenspezifische Anpassungen auf der Grundlage spezifischer Anwendungsanforderungen und bieten einen umfassenden Kundendienst &#8211; bitte nehmen Sie <span style=\"color: #3366ff;\"><a style=\"color: #3366ff;\" href=\"https:\/\/ulpmat.com\/de\/kontakt-us\/\">kontaktieren Sie uns<\/a><\/span> wenn Sie irgendwelche Fragen haben.<\/p>\n<h2><span style=\"font-size: 14pt;\">Produkt-Highlights:<\/span><\/h2>\n<p>Hohe H\u00e4rte und Verschlei\u00dffestigkeit<br \/>\nAusgezeichnete Korrosionsbest\u00e4ndigkeit und chemische Stabilit\u00e4t<br \/>\nHohe Reinheit und einheitliche Zusammensetzung<br \/>\nAnpassbare Formen und Gr\u00f6\u00dfen<\/p>\n<h2><span style=\"font-size: 14pt;\">Anwendungen von AlCr Sputtering Targets<\/span><\/h2>\n<p>Harte Beschichtungen: Zur Herstellung d\u00fcnner, harter und dauerhafter Beschichtungen auf Werkzeugen, Maschinen und anderen verschlei\u00dfgef\u00e4hrdeten Komponenten.<br \/>\nVerschlei\u00dfbest\u00e4ndige Schichten: Ideal f\u00fcr die Herstellung von verschlei\u00dffesten Beschichtungen in stark beanspruchten Umgebungen, z. B. f\u00fcr Automobilteile, Industrieanlagen und Komponenten f\u00fcr die Luft- und Raumfahrt.<br \/>\nDekorative Beschichtungen: Werden bei der Herstellung dekorativer Metallbeschichtungen f\u00fcr Konsumg\u00fcter wie Elektronik, Uhren und Schmuck verwendet.<br \/>\nOptische Beschichtungen: F\u00fcr die Beschichtung von optischen Komponenten wie Spiegeln und Linsen.<br \/>\nElektronikindustrie: Wird bei der Herstellung von D\u00fcnnschichttransistoren, magnetischen Beschichtungen und anderen elektronischen Komponenten eingesetzt.<\/p>\n<h2><span style=\"font-size: 14pt;\">Berichte<\/span><\/h2>\n<p>Wir liefern mit jeder Lieferung ein Analysezertifikat (COA), ein Materialsicherheitsdatenblatt (MSDS) und andere relevante Berichte, um die h\u00f6chste Qualit\u00e4t der AlCr-Sputtertargets zu gew\u00e4hrleisten. Dar\u00fcber hinaus unterst\u00fctzen wir Tests durch Dritte zur \u00dcberpr\u00fcfung der Materialleistung.<\/p>\n<h2><span style=\"font-size: 14pt;\">Warum sollten Sie uns w\u00e4hlen?<\/span><\/h2>\n<p>Hochreine Materialien: Unsere AlCr-Sputtertargets werden mit hohem Reinheitsgrad hergestellt, um die beste Schichtqualit\u00e4t und gleichbleibende Leistung bei anspruchsvollen Anwendungen zu gew\u00e4hrleisten.<br \/>\nKundenspezifische Anpassung: Wir bieten verschiedene Gr\u00f6\u00dfen, Formen und Zusammensetzungen, um spezifische Kundenanforderungen zu erf\u00fcllen und optimale Ergebnisse zu gew\u00e4hrleisten.<br \/>\nFortschrittliche Fertigung: Unsere hochmodernen Produktionsanlagen und strengen Qualit\u00e4tskontrollverfahren garantieren hochdichte und fehlerfreie Sputtertargets.<br \/>\nTechnisches Fachwissen: Unser professionelles Team bietet umfassende technische Unterst\u00fctzung, von der Materialauswahl bis zur Prozessoptimierung.<br \/>\nZuverl\u00e4ssiger Service: Wir bieten schnelle Reaktionszeiten, weltweiten Versand und au\u00dfergew\u00f6hnliche Kundenbetreuung, um einen reibungslosen Einkauf zu gew\u00e4hrleisten.<\/p>\n","protected":false},"excerpt":{"rendered":"<p>Aluminium-Chrom-Legierung \u00dcbersicht Aluminium-Chrom-Legierung sputtertargets sind Hochleistungsmaterialien, die im Sputterprozess zur Abscheidung d\u00fcnner Schichten aus Aluminium- und Chromlegierungen verwendet werden. Diese Targets bieten eine hervorragende Haltbarkeit, hohe H\u00e4rte und Korrosionsbest\u00e4ndigkeit und eignen sich daher ideal f\u00fcr eine Reihe von fortschrittlichen Beschichtungsanwendungen. Unsere Aluminium-Chrom-Sputtertargets werden mit hohem Reinheitsgrad hergestellt, um eine stabile Leistung und eine hochwertige D\u00fcnnschichtabscheidung [&hellip;]<\/p>\n","protected":false},"featured_media":6591,"template":"","meta":{"_acf_changed":false},"product_brand":[132],"product_cat":[562],"product_tag":[1144],"class_list":{"0":"post-12834","1":"product","2":"type-product","3":"status-publish","4":"has-post-thumbnail","6":"product_brand-ulpmat","7":"product_cat-legierung-sputtering-target","8":"product_tag-aluminiumlegierung","10":"first","11":"instock","12":"shipping-taxable","13":"product-type-variable"},"acf":[],"_links":{"self":[{"href":"https:\/\/ulpmat.com\/de\/wp-json\/wp\/v2\/product\/12834","targetHints":{"allow":["GET"]}}],"collection":[{"href":"https:\/\/ulpmat.com\/de\/wp-json\/wp\/v2\/product"}],"about":[{"href":"https:\/\/ulpmat.com\/de\/wp-json\/wp\/v2\/types\/product"}],"wp:featuredmedia":[{"embeddable":true,"href":"https:\/\/ulpmat.com\/de\/wp-json\/wp\/v2\/media\/6591"}],"wp:attachment":[{"href":"https:\/\/ulpmat.com\/de\/wp-json\/wp\/v2\/media?parent=12834"}],"wp:term":[{"taxonomy":"product_brand","embeddable":true,"href":"https:\/\/ulpmat.com\/de\/wp-json\/wp\/v2\/product_brand?post=12834"},{"taxonomy":"product_cat","embeddable":true,"href":"https:\/\/ulpmat.com\/de\/wp-json\/wp\/v2\/product_cat?post=12834"},{"taxonomy":"product_tag","embeddable":true,"href":"https:\/\/ulpmat.com\/de\/wp-json\/wp\/v2\/product_tag?post=12834"}],"curies":[{"name":"wp","href":"https:\/\/api.w.org\/{rel}","templated":true}]}}