{"id":12826,"date":"2025-07-18T17:14:37","date_gmt":"2025-07-18T09:14:37","guid":{"rendered":"https:\/\/ulpmat.com\/product\/aluminium-chrom-legierung-2\/"},"modified":"2025-07-18T17:14:37","modified_gmt":"2025-07-18T09:14:37","slug":"aluminium-chrom-legierung-2","status":"publish","type":"product","link":"https:\/\/ulpmat.com\/de\/produkt\/aluminium-chrom-legierung-2\/","title":{"rendered":"Aluminium-Chrom-Legierung"},"content":{"rendered":"<h2><span style=\"font-size: 14pt;\">Aluminium-Chrom-Legierung \u00dcbersicht<\/span><\/h2>\n<p><strong><span style=\"color: #3366ff;\"><a style=\"color: #3366ff;\" href=\"https:\/\/ulpmat.com\/de\/search\/?type=element&#038;keyword=alcr\">Aluminium-Chrom-Legierung<\/a><\/span><\/strong> granulate sind Hochleistungswerkstoffe aus einer Aluminium-Chrom-Legierung mit au\u00dfergew\u00f6hnlichen Eigenschaften, die sie f\u00fcr eine Reihe von industriellen Anwendungen pr\u00e4destinieren.<\/p>\n<p>Unser AlCr-Granulat ist in verschiedenen Gr\u00f6\u00dfen und Zusammensetzungen erh\u00e4ltlich, um den spezifischen Anforderungen der verschiedenen Branchen gerecht zu werden. Sie werden mit hohem Reinheitsgrad hergestellt und gew\u00e4hrleisten eine hervorragende Leistung in anspruchsvollen Anwendungen wie Beschichtung, Metallverarbeitung und anderen fortschrittlichen Fertigungsverfahren.<\/p>\n<h2><span style=\"font-size: 14pt;\">Produkt-Highlights:<\/span><\/h2>\n<p>Hohe H\u00e4rte und ausgezeichnete Verschlei\u00dffestigkeit<br \/>\nAu\u00dfergew\u00f6hnliche Korrosionsbest\u00e4ndigkeit und chemische Stabilit\u00e4t<br \/>\nHohe Reinheit und einheitliche Granulatzusammensetzung<br \/>\nAnpassbare Gr\u00f6\u00dfen f\u00fcr spezifische Anwendungen<\/p>\n<h2><span style=\"font-size: 14pt;\">Anwendungen von AlCr-Granulat<\/span><\/h2>\n<p>Beschichtungen: Einsatz in der Pulvermetallurgie oder im thermischen Spritzverfahren zur Herstellung von harten, verschlei\u00dffesten und korrosionsbest\u00e4ndigen Beschichtungen.<br \/>\nHartmetall-Legierungen: Unverzichtbar f\u00fcr die Herstellung von Legierungen, die bei der Herstellung von Schneidwerkzeugen, Industriemaschinen und Komponenten f\u00fcr die Luft- und Raumfahrt verwendet werden.<br \/>\nMetallverarbeitung: Wird als Ausgangsmaterial in verschiedenen metallurgischen Prozessen zum Legieren und zur Herstellung von Hochleistungswerkstoffen verwendet.<br \/>\nVerschlei\u00dfbest\u00e4ndige Komponenten: Ideal f\u00fcr Komponenten, die einem hohen Ma\u00df an Reibung und Verschlei\u00df ausgesetzt sind, z. B. in der Automobil-, Luft- und Raumfahrt- und Fertigungsindustrie.<\/p>\n<h2><span style=\"font-size: 14pt;\">Berichte<\/span><\/h2>\n<p>Wir liefern mit jeder Lieferung ein Analysezertifikat (COA), ein Sicherheitsdatenblatt (MSDS) und andere relevante Berichte. Dar\u00fcber hinaus unterst\u00fctzen wir Tests durch Dritte zur Qualit\u00e4tssicherung und \u00dcberpr\u00fcfung der Leistung.<\/p>\n<h2><span style=\"font-size: 14pt;\">Warum sollten Sie uns w\u00e4hlen?<\/span><\/h2>\n<p>Als zuverl\u00e4ssiger <strong>Lieferant von Aluminium-Chrom-Granulat<\/strong> liefern wir hochreine Materialien, um eine gleichbleibende Qualit\u00e4t und optimale Leistung in kritischen Anwendungen zu gew\u00e4hrleisten. Wir bieten eine Reihe von Gr\u00f6\u00dfen und Zusammensetzungen an, die auf die spezifischen Kundenbed\u00fcrfnisse zugeschnitten sind, unterst\u00fctzt durch eine hochmoderne Fertigung f\u00fcr gleichbleibende Qualit\u00e4t und Zuverl\u00e4ssigkeit. Unsere technischen Experten beraten Sie bei der Materialauswahl, der Anwendungsoptimierung und der Prozesseffizienz, w\u00e4hrend unser zuverl\u00e4ssiger globaler Service eine schnelle Reaktion, einen prompten Versand und einen ausgezeichneten Kundensupport gew\u00e4hrleistet.<\/p>\n","protected":false},"excerpt":{"rendered":"<p>Aluminium-Chrom-Legierung \u00dcbersicht Aluminium-Chrom-Legierung granulate sind Hochleistungswerkstoffe aus einer Aluminium-Chrom-Legierung mit au\u00dfergew\u00f6hnlichen Eigenschaften, die sie f\u00fcr eine Reihe von industriellen Anwendungen pr\u00e4destinieren. Unser AlCr-Granulat ist in verschiedenen Gr\u00f6\u00dfen und Zusammensetzungen erh\u00e4ltlich, um den spezifischen Anforderungen der verschiedenen Branchen gerecht zu werden. Sie werden mit hohem Reinheitsgrad hergestellt und gew\u00e4hrleisten eine hervorragende Leistung in anspruchsvollen Anwendungen wie [&hellip;]<\/p>\n","protected":false},"featured_media":5355,"template":"","meta":{"_acf_changed":false},"product_brand":[132],"product_cat":[299],"product_tag":[1144],"class_list":{"0":"post-12826","1":"product","2":"type-product","3":"status-publish","4":"has-post-thumbnail","6":"product_brand-ulpmat","7":"product_cat-verdampfen-von-materialien","8":"product_tag-aluminiumlegierung","10":"first","11":"instock","12":"shipping-taxable","13":"product-type-variable"},"acf":[],"_links":{"self":[{"href":"https:\/\/ulpmat.com\/de\/wp-json\/wp\/v2\/product\/12826","targetHints":{"allow":["GET"]}}],"collection":[{"href":"https:\/\/ulpmat.com\/de\/wp-json\/wp\/v2\/product"}],"about":[{"href":"https:\/\/ulpmat.com\/de\/wp-json\/wp\/v2\/types\/product"}],"wp:featuredmedia":[{"embeddable":true,"href":"https:\/\/ulpmat.com\/de\/wp-json\/wp\/v2\/media\/5355"}],"wp:attachment":[{"href":"https:\/\/ulpmat.com\/de\/wp-json\/wp\/v2\/media?parent=12826"}],"wp:term":[{"taxonomy":"product_brand","embeddable":true,"href":"https:\/\/ulpmat.com\/de\/wp-json\/wp\/v2\/product_brand?post=12826"},{"taxonomy":"product_cat","embeddable":true,"href":"https:\/\/ulpmat.com\/de\/wp-json\/wp\/v2\/product_cat?post=12826"},{"taxonomy":"product_tag","embeddable":true,"href":"https:\/\/ulpmat.com\/de\/wp-json\/wp\/v2\/product_tag?post=12826"}],"curies":[{"name":"wp","href":"https:\/\/api.w.org\/{rel}","templated":true}]}}