{"id":12811,"date":"2025-07-18T17:14:38","date_gmt":"2025-07-18T09:14:38","guid":{"rendered":"https:\/\/ulpmat.com\/product\/aluminium-chrom-bor-legierung\/"},"modified":"2025-07-18T17:14:38","modified_gmt":"2025-07-18T09:14:38","slug":"aluminium-chrom-bor-legierung","status":"publish","type":"product","link":"https:\/\/ulpmat.com\/de\/produkt\/aluminium-chrom-bor-legierung\/","title":{"rendered":"Aluminium-Chrom-Bor-Legierung"},"content":{"rendered":"<h2><span style=\"font-size: 14pt;\">Aluminium-Chrom-Bor-Legierung \u00dcbersicht<\/span><\/h2>\n<p><strong><span style=\"color: #3366ff;\"><a style=\"color: #3366ff;\" href=\"https:\/\/ulpmat.com\/de\/search\/?type=element&#038;keyword=alcrb\">Aluminium-Chrom-Bor<\/a><\/span><\/strong> Legierung sind fortschrittliche Materialien, die f\u00fcr Hochleistungs-D\u00fcnnschichtabscheidungsprozesse entwickelt wurden. Durch die Kombination der Eigenschaften von Aluminium, Chrom und Bor bieten AlCrB-Targets eine \u00fcberragende H\u00e4rte, Verschlei\u00dffestigkeit und Korrosionsbest\u00e4ndigkeit und sind damit ideal f\u00fcr eine Vielzahl von Anwendungen in Branchen wie der Halbleiterherstellung, optischen Beschichtungen und Oberfl\u00e4chentechnik.<\/p>\n<p>Die Zugabe von Bor zur AlCr-Legierung verbessert die Materialeigenschaften und sorgt f\u00fcr eine verbesserte Stabilit\u00e4t und Verschlei\u00dffestigkeit unter hohen Beanspruchungen. Wir bieten anpassbare Zusammensetzungen und Gr\u00f6\u00dfen, um spezifische Anforderungen zu erf\u00fcllen, sowie umfassende Unterst\u00fctzung nach dem Kauf &#8211; z\u00f6gern Sie nicht, uns zu <span style=\"color: #3366ff;\"><a style=\"color: #3366ff;\" href=\"https:\/\/ulpmat.com\/de\/kontakt-us\/\">kontaktieren Sie uns<\/a><\/span> wenn Sie Fragen zur Verwendung des Materials haben.<\/p>\n<h2><span style=\"font-size: 14pt;\">Produkt-Highlights:<\/span><\/h2>\n<p>Hohe H\u00e4rte und ausgezeichnete Verschlei\u00dffestigkeit<br \/>\nHervorragende Korrosionsbest\u00e4ndigkeit in aggressiven Umgebungen<br \/>\nVerbesserte thermische Stabilit\u00e4t und mechanische Eigenschaften<br \/>\nIdeal f\u00fcr Hochleistungsbeschichtungen und funktionelle d\u00fcnne Schichten<br \/>\nAnpassbare Gr\u00f6\u00dfen und Formen f\u00fcr spezifische Anwendungen<\/p>\n<h2><span style=\"font-size: 14pt;\">Anwendungen von AlCrB-Sputter-Targets<\/span><\/h2>\n<p>Halbleiterherstellung: Zur Abscheidung harter, haltbarer Beschichtungen auf Halbleiterbauelementen, um deren Leistung und Lebensdauer zu verbessern.<br \/>\nOptische Beschichtungen: Ideal f\u00fcr die Herstellung reflektierender Schichten und d\u00fcnner Filme f\u00fcr Linsen, Spiegel und optische Komponenten.<br \/>\nOberfl\u00e4chentechnik: Zur Herstellung von verschlei\u00dffesten und korrosionsbest\u00e4ndigen Beschichtungen f\u00fcr Komponenten, die extremen Bedingungen ausgesetzt sind, wie z. B. in der Luft- und Raumfahrt und in der Automobilindustrie.<br \/>\nHarte Beschichtungen: Werden f\u00fcr hochharte Beschichtungen auf Schneidwerkzeugen, Industriemaschinen und anderen Komponenten verwendet, die hohem Verschlei\u00df ausgesetzt sind.<\/p>\n<h2><span style=\"font-size: 14pt;\">Berichte<\/span><\/h2>\n<p>Wir liefern mit jeder Lieferung ein Analysezertifikat (COA), ein Sicherheitsdatenblatt (MSDS) und andere relevante Berichte. Unsere Targets werden mit hoher Konsistenz hergestellt und erf\u00fcllen die Industriestandards f\u00fcr Qualit\u00e4tssicherung. Wir unterst\u00fctzen auch Tests durch Dritte, um die Leistung und Qualit\u00e4t der Produkte zu \u00fcberpr\u00fcfen.<\/p>\n","protected":false},"excerpt":{"rendered":"<p>Aluminium-Chrom-Bor-Legierung \u00dcbersicht Aluminium-Chrom-Bor Legierung sind fortschrittliche Materialien, die f\u00fcr Hochleistungs-D\u00fcnnschichtabscheidungsprozesse entwickelt wurden. Durch die Kombination der Eigenschaften von Aluminium, Chrom und Bor bieten AlCrB-Targets eine \u00fcberragende H\u00e4rte, Verschlei\u00dffestigkeit und Korrosionsbest\u00e4ndigkeit und sind damit ideal f\u00fcr eine Vielzahl von Anwendungen in Branchen wie der Halbleiterherstellung, optischen Beschichtungen und Oberfl\u00e4chentechnik. Die Zugabe von Bor zur AlCr-Legierung verbessert [&hellip;]<\/p>\n","protected":false},"featured_media":6633,"template":"","meta":{"_acf_changed":false},"product_brand":[132],"product_cat":[562],"product_tag":[1144],"class_list":{"0":"post-12811","1":"product","2":"type-product","3":"status-publish","4":"has-post-thumbnail","6":"product_brand-ulpmat","7":"product_cat-legierung-sputtering-target","8":"product_tag-aluminiumlegierung","10":"first","11":"instock","12":"shipping-taxable","13":"product-type-variable"},"acf":[],"_links":{"self":[{"href":"https:\/\/ulpmat.com\/de\/wp-json\/wp\/v2\/product\/12811","targetHints":{"allow":["GET"]}}],"collection":[{"href":"https:\/\/ulpmat.com\/de\/wp-json\/wp\/v2\/product"}],"about":[{"href":"https:\/\/ulpmat.com\/de\/wp-json\/wp\/v2\/types\/product"}],"wp:featuredmedia":[{"embeddable":true,"href":"https:\/\/ulpmat.com\/de\/wp-json\/wp\/v2\/media\/6633"}],"wp:attachment":[{"href":"https:\/\/ulpmat.com\/de\/wp-json\/wp\/v2\/media?parent=12811"}],"wp:term":[{"taxonomy":"product_brand","embeddable":true,"href":"https:\/\/ulpmat.com\/de\/wp-json\/wp\/v2\/product_brand?post=12811"},{"taxonomy":"product_cat","embeddable":true,"href":"https:\/\/ulpmat.com\/de\/wp-json\/wp\/v2\/product_cat?post=12811"},{"taxonomy":"product_tag","embeddable":true,"href":"https:\/\/ulpmat.com\/de\/wp-json\/wp\/v2\/product_tag?post=12811"}],"curies":[{"name":"wp","href":"https:\/\/api.w.org\/{rel}","templated":true}]}}