{"id":12803,"date":"2025-07-18T17:14:38","date_gmt":"2025-07-18T09:14:38","guid":{"rendered":"https:\/\/ulpmat.com\/product\/aluminium-chrom-silizium-legierung\/"},"modified":"2025-07-18T17:14:38","modified_gmt":"2025-07-18T09:14:38","slug":"aluminium-chrom-silizium-legierung","status":"publish","type":"product","link":"https:\/\/ulpmat.com\/de\/produkt\/aluminium-chrom-silizium-legierung\/","title":{"rendered":"Aluminium-Chrom-Silizium-Legierung"},"content":{"rendered":"<h2><span style=\"font-size: 14pt;\">Aluminium-Chrom-Silizium-Legierung \u00dcbersicht<\/span><\/h2>\n<p><strong><span style=\"color: #3366ff;\"><a style=\"color: #3366ff;\" href=\"https:\/\/ulpmat.com\/de\/search\/?type=element&#038;keyword=ALCRSI\">Aluminium-Chrom-Silizium<\/a><\/span><\/strong> Legierungsgranulate sind Hochleistungswerkstoffe, die f\u00fcr eine Reihe von fortschrittlichen Anwendungen entwickelt wurden, darunter D\u00fcnnschichtabscheidung und Oberfl\u00e4chentechnik. Das Vorhandensein von Silizium erh\u00f6ht die Oxidationsbest\u00e4ndigkeit des Materials, w\u00e4hrend Aluminium f\u00fcr geringes Gewicht und mechanische Festigkeit sorgt. Chrom tr\u00e4gt zu einer erh\u00f6hten Korrosionsbest\u00e4ndigkeit und verbesserten H\u00e4rte bei.<\/p>\n<p>Wir bieten anpassbare Zusammensetzungen und Gr\u00f6\u00dfen, um spezifische Anforderungen zu erf\u00fcllen, sowie umfassende Unterst\u00fctzung nach dem Kauf &#8211; wenden Sie sich bitte an <span style=\"color: #3366ff;\"><a style=\"color: #3366ff;\" href=\"https:\/\/ulpmat.com\/de\/kontakt-us\/\">kontaktieren Sie uns<\/a><\/span> wenn Sie Fragen zu seiner Verwendung haben.<\/p>\n<h2><span style=\"font-size: 14pt;\">Produkt-Highlights:<\/span><\/h2>\n<p>Au\u00dfergew\u00f6hnliche H\u00e4rte und Verschlei\u00dffestigkeit<br \/>\nHohe Korrosions- und Oxidationsbest\u00e4ndigkeit<br \/>\nVerbesserte thermische und elektrische Leitf\u00e4higkeit<br \/>\nIdeal f\u00fcr die Abscheidung von D\u00fcnnschichten und Oberfl\u00e4chenbeschichtungen<br \/>\nAnpassbare Gr\u00f6\u00dfen und Formen f\u00fcr spezifische Anforderungen<\/p>\n<h2><span style=\"font-size: 14pt;\">Anwendungen von AlCrSi-Granulat<\/span><\/h2>\n<p>Halbleiter: Verwendung bei der D\u00fcnnschichtabscheidung f\u00fcr Verbindungen, Kontakte und andere leitende Schichten in Halbleiterger\u00e4ten.<br \/>\nLuft- und Raumfahrt und Automobilindustrie: Anwendung in Oberfl\u00e4chenbeschichtungen und verschlei\u00dffesten Schichten f\u00fcr Komponenten in der Luft- und Raumfahrt sowie f\u00fcr stark beanspruchte Automobilteile.<br \/>\nOptische Beschichtungen: Beschichtungen f\u00fcr optische Komponenten, die sich durch hohe Haltbarkeit und Korrosionsbest\u00e4ndigkeit auszeichnen.<br \/>\nEnergie: Ideal f\u00fcr Energieanwendungen wie Hochleistungsbeschichtungen f\u00fcr Batterien, Brennstoffzellen und Energiespeicherger\u00e4te.<\/p>\n<h2><span style=\"font-size: 14pt;\">Berichte<\/span><\/h2>\n<p>Jede Lieferung unseres AlCrSi-Granulats wird von einem Analysezertifikat (COA), einem Sicherheitsdatenblatt (MSDS) und anderen relevanten Qualit\u00e4tsberichten begleitet, um sicherzustellen, dass das Produkt die strengen Standards erf\u00fcllt. Wir unterst\u00fctzen auch Pr\u00fcfungen durch Dritte zur zus\u00e4tzlichen Qualit\u00e4tssicherung.<\/p>\n","protected":false},"excerpt":{"rendered":"<p>Aluminium-Chrom-Silizium-Legierung \u00dcbersicht Aluminium-Chrom-Silizium Legierungsgranulate sind Hochleistungswerkstoffe, die f\u00fcr eine Reihe von fortschrittlichen Anwendungen entwickelt wurden, darunter D\u00fcnnschichtabscheidung und Oberfl\u00e4chentechnik. Das Vorhandensein von Silizium erh\u00f6ht die Oxidationsbest\u00e4ndigkeit des Materials, w\u00e4hrend Aluminium f\u00fcr geringes Gewicht und mechanische Festigkeit sorgt. Chrom tr\u00e4gt zu einer erh\u00f6hten Korrosionsbest\u00e4ndigkeit und verbesserten H\u00e4rte bei. Wir bieten anpassbare Zusammensetzungen und Gr\u00f6\u00dfen, um spezifische [&hellip;]<\/p>\n","protected":false},"featured_media":6627,"template":"","meta":{"_acf_changed":false},"product_brand":[132],"product_cat":[299],"product_tag":[1144],"class_list":{"0":"post-12803","1":"product","2":"type-product","3":"status-publish","4":"has-post-thumbnail","6":"product_brand-ulpmat","7":"product_cat-verdampfen-von-materialien","8":"product_tag-aluminiumlegierung","10":"first","11":"instock","12":"shipping-taxable","13":"product-type-variable"},"acf":[],"_links":{"self":[{"href":"https:\/\/ulpmat.com\/de\/wp-json\/wp\/v2\/product\/12803","targetHints":{"allow":["GET"]}}],"collection":[{"href":"https:\/\/ulpmat.com\/de\/wp-json\/wp\/v2\/product"}],"about":[{"href":"https:\/\/ulpmat.com\/de\/wp-json\/wp\/v2\/types\/product"}],"wp:featuredmedia":[{"embeddable":true,"href":"https:\/\/ulpmat.com\/de\/wp-json\/wp\/v2\/media\/6627"}],"wp:attachment":[{"href":"https:\/\/ulpmat.com\/de\/wp-json\/wp\/v2\/media?parent=12803"}],"wp:term":[{"taxonomy":"product_brand","embeddable":true,"href":"https:\/\/ulpmat.com\/de\/wp-json\/wp\/v2\/product_brand?post=12803"},{"taxonomy":"product_cat","embeddable":true,"href":"https:\/\/ulpmat.com\/de\/wp-json\/wp\/v2\/product_cat?post=12803"},{"taxonomy":"product_tag","embeddable":true,"href":"https:\/\/ulpmat.com\/de\/wp-json\/wp\/v2\/product_tag?post=12803"}],"curies":[{"name":"wp","href":"https:\/\/api.w.org\/{rel}","templated":true}]}}