{"id":12752,"date":"2025-07-18T17:14:39","date_gmt":"2025-07-18T09:14:39","guid":{"rendered":"https:\/\/ulpmat.com\/product\/aluminium-kupfer-silizium-legierung-2\/"},"modified":"2025-07-18T17:14:39","modified_gmt":"2025-07-18T09:14:39","slug":"aluminium-kupfer-silizium-legierung-2","status":"publish","type":"product","link":"https:\/\/ulpmat.com\/de\/produkt\/aluminium-kupfer-silizium-legierung-2\/","title":{"rendered":"Aluminium-Kupfer-Silizium-Legierung"},"content":{"rendered":"<h2><span style=\"font-size: 14pt;\">Aluminium-Kupfer-Silizium-Legierung \u00dcbersicht<\/span><\/h2>\n<p><strong><span style=\"color: #3366ff;\"><a style=\"color: #3366ff;\" href=\"https:\/\/ulpmat.com\/de\/search\/?type=element&#038;keyword=Al%2CCu%2CSi\">Aluminium-Kupfer-Silizium-Legierung<\/a><\/span><\/strong> granulate sind Hochleistungswerkstoffe, die f\u00fcr den Einsatz in der Pr\u00e4zisionsmetallurgie, f\u00fcr Vakuumbeschichtungen und L\u00f6tanwendungen entwickelt wurden. Dieses Granulat ist f\u00fcr seine hervorragende Festigkeit, Korrosionsbest\u00e4ndigkeit und thermische Stabilit\u00e4t bekannt und bietet kontrollierte Zusammensetzungen und hohe Reinheitsgrade (\u226599,5 %), wodurch es sich sowohl f\u00fcr industrielle Prozesse als auch f\u00fcr die moderne Materialforschung eignet.<\/p>\n<p>AlCuSi-Legierungen vereinen die mechanische Festigkeit und Erm\u00fcdungsbest\u00e4ndigkeit von Kupfer, die Gie\u00df- und Flie\u00dff\u00e4higkeitsvorteile von Silizium und die leichten Eigenschaften von Aluminium. Wir bieten anpassbare Zusammensetzungen und Gr\u00f6\u00dfen, um spezifische Anforderungen zu erf\u00fcllen, sowie einen umfassenden Kundendienst &#8211; wenden Sie sich bitte an <span style=\"color: #3366ff;\"><a style=\"color: #3366ff;\" href=\"https:\/\/ulpmat.com\/de\/kontakt-us\/\">kontaktieren Sie uns<\/a><\/span> kontaktieren Sie uns, wenn Sie Fragen zu seiner Verwendung haben.<\/p>\n<h2><span style=\"font-size: 14pt;\">Produkt-Highlights<\/span><\/h2>\n<p>Reinheit: \u226599,5%<br \/>\nErh\u00e4ltlich in Standard- und kundenspezifischen Al\/Cu\/Si-Verh\u00e4ltnissen<br \/>\nAusgezeichnete Gie\u00dfbarkeit, thermische Stabilit\u00e4t und Verschlei\u00dffestigkeit<br \/>\nGleichm\u00e4\u00dfige Granulatgr\u00f6\u00dfe f\u00fcr gleichm\u00e4\u00dfiges Schmelzverhalten<br \/>\nGeringer Gasgehalt und hoher Reinheitsgrad<br \/>\nGeeignet zum Legieren, Hartl\u00f6ten, thermischen Spritzen und f\u00fcr die Pulvermetallurgie<\/p>\n<h2><span style=\"font-size: 14pt;\">Anwendungen von AlCuSi-Legierungsgranulat<\/span><\/h2>\n<p>Vakuum-Beschichtung: Verwendung als Legierungsquelle f\u00fcr leitende oder sch\u00fctzende Filme<br \/>\nLegierungsadditive: Verbessert die mechanischen Eigenschaften, die Korrosionsbest\u00e4ndigkeit und das thermische Verhalten von Aluminiumgussteilen<br \/>\nHartl\u00f6ten: Dient als Zusatzwerkstoff in Hartl\u00f6tverfahren auf Aluminiumbasis und bietet gute Flie\u00dff\u00e4higkeit und Haftfestigkeit<br \/>\nPulvermetallurgie: Geeignet als Ausgangsmaterial f\u00fcr Spritzguss, 3D-Druck oder die Herstellung von Verbundlegierungen<br \/>\nAutomobil und Luft- und Raumfahrt: Unterst\u00fctzt Hochleistungsaluminiumlegierungen f\u00fcr Motoren, K\u00fchlk\u00f6rper oder Strukturkomponenten<\/p>\n<h2><span style=\"font-size: 14pt;\">Berichte<\/span><\/h2>\n<p>Analysezertifikat (COA)<br \/>\nMaterial-Sicherheitsdatenblatt (MSDS)<br \/>\nDokumentation zur RoHS-Konformit\u00e4t (auf Anfrage)<br \/>\nUnterst\u00fctzung durch Drittanbieter-Tests f\u00fcr die Validierung verf\u00fcgbar<\/p>\n","protected":false},"excerpt":{"rendered":"<p>Aluminium-Kupfer-Silizium-Legierung \u00dcbersicht Aluminium-Kupfer-Silizium-Legierung granulate sind Hochleistungswerkstoffe, die f\u00fcr den Einsatz in der Pr\u00e4zisionsmetallurgie, f\u00fcr Vakuumbeschichtungen und L\u00f6tanwendungen entwickelt wurden. Dieses Granulat ist f\u00fcr seine hervorragende Festigkeit, Korrosionsbest\u00e4ndigkeit und thermische Stabilit\u00e4t bekannt und bietet kontrollierte Zusammensetzungen und hohe Reinheitsgrade (\u226599,5 %), wodurch es sich sowohl f\u00fcr industrielle Prozesse als auch f\u00fcr die moderne Materialforschung eignet. AlCuSi-Legierungen [&hellip;]<\/p>\n","protected":false},"featured_media":5379,"template":"","meta":{"_acf_changed":false},"product_brand":[132],"product_cat":[299],"product_tag":[1144],"class_list":{"0":"post-12752","1":"product","2":"type-product","3":"status-publish","4":"has-post-thumbnail","6":"product_brand-ulpmat","7":"product_cat-verdampfen-von-materialien","8":"product_tag-aluminiumlegierung","10":"first","11":"instock","12":"shipping-taxable","13":"product-type-variable"},"acf":[],"_links":{"self":[{"href":"https:\/\/ulpmat.com\/de\/wp-json\/wp\/v2\/product\/12752","targetHints":{"allow":["GET"]}}],"collection":[{"href":"https:\/\/ulpmat.com\/de\/wp-json\/wp\/v2\/product"}],"about":[{"href":"https:\/\/ulpmat.com\/de\/wp-json\/wp\/v2\/types\/product"}],"wp:featuredmedia":[{"embeddable":true,"href":"https:\/\/ulpmat.com\/de\/wp-json\/wp\/v2\/media\/5379"}],"wp:attachment":[{"href":"https:\/\/ulpmat.com\/de\/wp-json\/wp\/v2\/media?parent=12752"}],"wp:term":[{"taxonomy":"product_brand","embeddable":true,"href":"https:\/\/ulpmat.com\/de\/wp-json\/wp\/v2\/product_brand?post=12752"},{"taxonomy":"product_cat","embeddable":true,"href":"https:\/\/ulpmat.com\/de\/wp-json\/wp\/v2\/product_cat?post=12752"},{"taxonomy":"product_tag","embeddable":true,"href":"https:\/\/ulpmat.com\/de\/wp-json\/wp\/v2\/product_tag?post=12752"}],"curies":[{"name":"wp","href":"https:\/\/api.w.org\/{rel}","templated":true}]}}