{"id":12746,"date":"2025-07-18T17:14:39","date_gmt":"2025-07-18T09:14:39","guid":{"rendered":"https:\/\/ulpmat.com\/product\/aluminium-kupfer-silizium-legierung\/"},"modified":"2025-07-18T17:14:39","modified_gmt":"2025-07-18T09:14:39","slug":"aluminium-kupfer-silizium-legierung","status":"publish","type":"product","link":"https:\/\/ulpmat.com\/de\/produkt\/aluminium-kupfer-silizium-legierung\/","title":{"rendered":"Aluminium-Kupfer-Silizium-Legierung"},"content":{"rendered":"<h2><span style=\"font-size: 14pt;\">Aluminium Kupfer Silizium \u00dcbersicht<\/span><\/h2>\n<p><strong><span style=\"color: #3366ff;\"><a style=\"color: #3366ff;\" href=\"https:\/\/ulpmat.com\/de\/search\/?type=element&#038;keyword=ALCUSI\">Aluminium-Kupfer-Silizium<\/a><\/span><\/strong> Legierungs-Sputter-Targets sind hochentwickelte Mehrkomponenten-Materialien f\u00fcr die D\u00fcnnschichtabscheidung, die eine verbesserte W\u00e4rmeleitf\u00e4higkeit, mechanische Festigkeit und Korrosionsbest\u00e4ndigkeit erfordern. Mit Reinheiten von \u226599,5% und anpassbaren Al\/Cu\/Si-Verh\u00e4ltnissen sind diese Targets ideal f\u00fcr anspruchsvolle Anwendungen in der Mikroelektronik, Optoelektronik, Displays und Schutzbeschichtungen.<\/p>\n<p>Targets aus AlCuSi-Legierungen kombinieren die leichten, leitf\u00e4higen Eigenschaften von Aluminium mit der Festigkeit und Erm\u00fcdungsbest\u00e4ndigkeit von Kupfer und den Verschlei\u00df- und Gussvorteilen von Silizium. Wir bieten anpassbare Zusammensetzungen und Partikelgr\u00f6\u00dfen, um spezifische Anforderungen zu erf\u00fcllen, sowie einen umfassenden Kundendienst &#8211; wenden Sie sich bitte an <span style=\"color: #3366ff;\"><a style=\"color: #3366ff;\" href=\"https:\/\/ulpmat.com\/de\/kontakt-us\/\">kontaktieren Sie uns<\/a><\/span> wenn Sie Fragen zu seiner Verwendung haben.<\/p>\n<h2><span style=\"font-size: 14pt;\">Produkt-Highlights<\/span><\/h2>\n<p>Reinheit: \u226599,5%<br \/>\nAnpassbare Al\/Cu\/Si-Zusammensetzungen (z.B. Al-4Cu-1Si, Al-2Cu-3Si, etc.)<br \/>\nHohe Dichte und geringe Porosit\u00e4t f\u00fcr stabile Sputteringraten<br \/>\nAusgezeichnete thermische und elektrische Leitf\u00e4higkeit<br \/>\nGlatte, gleichm\u00e4\u00dfige Oberfl\u00e4che f\u00fcr gleichm\u00e4\u00dfige D\u00fcnnschichtbildung<br \/>\nErh\u00e4ltlich in runder, rechteckiger oder kundenspezifischer Form<\/p>\n<h2><span style=\"font-size: 14pt;\">Anwendungen von AlCuSi-Sputter-Targets<\/span><\/h2>\n<p>Halbleiterbauelemente: F\u00fcr Verbindungs- und Sperrschichten mit ma\u00dfgeschneiderter Leitf\u00e4higkeit und mechanischer Stabilit\u00e4t<br \/>\nOptische Beschichtungen: F\u00fcr die Abscheidung von haltbaren, reflektierenden und sch\u00fctzenden Schichten auf Linsen, Spiegeln und Instrumenten<br \/>\nFlachbildschirme: Erm\u00f6glicht die Bildung von transparenten Elektrodenschichten mit verbesserter Umweltbest\u00e4ndigkeit<br \/>\nBeschichtungen f\u00fcr die Automobil- und Luftfahrtindustrie: Funktionelle d\u00fcnne Schichten f\u00fcr Komponenten, die thermischen und mechanischen Belastungen ausgesetzt sind<br \/>\nDatenspeicherung und Elektronik: Angewandt in magnetischen und nichtmagnetischen Schichten, die gute Haftung und W\u00e4rmemanagement erfordern<\/p>\n<h2><span style=\"font-size: 14pt;\">Berichte<\/span><\/h2>\n<p>Analysezertifikat (COA)<br \/>\nMaterial-Sicherheitsdatenblatt (MSDS)<br \/>\nBericht \u00fcber Oberfl\u00e4chenrauhigkeit und Dichte (auf Anfrage)<br \/>\nUnterst\u00fctzung durch Drittanbieter-Tests f\u00fcr kritische Parameter<\/p>\n","protected":false},"excerpt":{"rendered":"<p>Aluminium Kupfer Silizium \u00dcbersicht Aluminium-Kupfer-Silizium Legierungs-Sputter-Targets sind hochentwickelte Mehrkomponenten-Materialien f\u00fcr die D\u00fcnnschichtabscheidung, die eine verbesserte W\u00e4rmeleitf\u00e4higkeit, mechanische Festigkeit und Korrosionsbest\u00e4ndigkeit erfordern. Mit Reinheiten von \u226599,5% und anpassbaren Al\/Cu\/Si-Verh\u00e4ltnissen sind diese Targets ideal f\u00fcr anspruchsvolle Anwendungen in der Mikroelektronik, Optoelektronik, Displays und Schutzbeschichtungen. Targets aus AlCuSi-Legierungen kombinieren die leichten, leitf\u00e4higen Eigenschaften von Aluminium mit der Festigkeit [&hellip;]<\/p>\n","protected":false},"featured_media":5385,"template":"","meta":{"_acf_changed":false},"product_brand":[132],"product_cat":[562],"product_tag":[1144],"class_list":{"0":"post-12746","1":"product","2":"type-product","3":"status-publish","4":"has-post-thumbnail","6":"product_brand-ulpmat","7":"product_cat-legierung-sputtering-target","8":"product_tag-aluminiumlegierung","10":"first","11":"instock","12":"shipping-taxable","13":"product-type-variable"},"acf":[],"_links":{"self":[{"href":"https:\/\/ulpmat.com\/de\/wp-json\/wp\/v2\/product\/12746","targetHints":{"allow":["GET"]}}],"collection":[{"href":"https:\/\/ulpmat.com\/de\/wp-json\/wp\/v2\/product"}],"about":[{"href":"https:\/\/ulpmat.com\/de\/wp-json\/wp\/v2\/types\/product"}],"wp:featuredmedia":[{"embeddable":true,"href":"https:\/\/ulpmat.com\/de\/wp-json\/wp\/v2\/media\/5385"}],"wp:attachment":[{"href":"https:\/\/ulpmat.com\/de\/wp-json\/wp\/v2\/media?parent=12746"}],"wp:term":[{"taxonomy":"product_brand","embeddable":true,"href":"https:\/\/ulpmat.com\/de\/wp-json\/wp\/v2\/product_brand?post=12746"},{"taxonomy":"product_cat","embeddable":true,"href":"https:\/\/ulpmat.com\/de\/wp-json\/wp\/v2\/product_cat?post=12746"},{"taxonomy":"product_tag","embeddable":true,"href":"https:\/\/ulpmat.com\/de\/wp-json\/wp\/v2\/product_tag?post=12746"}],"curies":[{"name":"wp","href":"https:\/\/api.w.org\/{rel}","templated":true}]}}