{"id":12677,"date":"2025-07-18T17:14:41","date_gmt":"2025-07-18T09:14:41","guid":{"rendered":"https:\/\/ulpmat.com\/product\/aluminium-scandium-legierung-2\/"},"modified":"2025-07-18T17:14:41","modified_gmt":"2025-07-18T09:14:41","slug":"aluminium-scandium-legierung-2","status":"publish","type":"product","link":"https:\/\/ulpmat.com\/de\/produkt\/aluminium-scandium-legierung-2\/","title":{"rendered":"Aluminium-Scandium-Legierung"},"content":{"rendered":"<h2><span style=\"font-size: 14pt;\">Aluminium-Scandium-Legierung \u00dcbersicht<\/span><\/h2>\n<p><strong><span style=\"color: #3366ff;\"><a style=\"color: #3366ff;\" href=\"https:\/\/ulpmat.com\/de\/search\/?type=name&#038;keyword=alsc\">Aluminium-Scandium<\/a><\/span><\/strong> Legierungspulver ist ein hochreines Legierungspulver, das f\u00fcr fortschrittliche Materialanwendungen entwickelt wurde, die eine erh\u00f6hte Festigkeit, Korrosionsbest\u00e4ndigkeit und thermische Stabilit\u00e4t erfordern. Wir bieten anpassbare Zusammensetzungen und Partikelgr\u00f6\u00dfen, um spezifische Anforderungen zu erf\u00fcllen, sowie einen umfassenden Kundendienst. Bitte kontaktieren Sie uns, wenn Sie Fragen zur Verwendung des Pulvers haben.<\/p>\n<p>Unser AlSc-Pulver wird durch kontrollierte Zerst\u00e4ubungs- und Legierungsprozesse hergestellt und bietet eine gleichm\u00e4\u00dfige Partikelgr\u00f6\u00dfenverteilung, hervorragende Flie\u00dff\u00e4higkeit und eine konsistente chemische Zusammensetzung. Zu den Standardzusammensetzungen geh\u00f6ren Al-1wt%Sc, Al-2wt%Sc und Al-3wt%Sc, wobei kundenspezifische Formulierungen m\u00f6glich sind, um spezifische Kundenanforderungen zu erf\u00fcllen.<\/p>\n<h2><span style=\"font-size: 14pt;\">Produkt-Highlights<\/span><\/h2>\n<p>Reinheit: \u226599,9%<br \/>\nStandard- und kundenspezifische Al\/Sc-Verh\u00e4ltnisse (z. B. 1%, 2%, 3%)<br \/>\nGleichm\u00e4\u00dfige kugelf\u00f6rmige oder unregelm\u00e4\u00dfige Partikelmorphologie<br \/>\nAusgezeichnete Flie\u00dff\u00e4higkeit und Packungsdichte<br \/>\nHohe mechanische Festigkeit und Korrosionsbest\u00e4ndigkeit<br \/>\nGeeignet f\u00fcr Pulvermetallurgie und additive Fertigung<\/p>\n<h2><span style=\"font-size: 14pt;\">Anwendungen von Aluminium-Scandium-Legierungspulver<\/span><\/h2>\n<p>Pulvermetallurgie: Herstellung von leichten, hochfesten Legierungskomponenten<br \/>\nAdditive Fertigung: Ausgangsmaterial f\u00fcr den 3D-Druck von Teilen f\u00fcr die Luft- und Raumfahrt und die Automobilindustrie<br \/>\nLuft- und Raumfahrtindustrie: Herstellung von korrosionsbest\u00e4ndigen Strukturteilen<br \/>\nForschung und Entwicklung: Entwicklung fortschrittlicher Legierungen und Materialtests<\/p>\n<h2><span style=\"font-size: 14pt;\">Berichte<\/span><\/h2>\n<p>Analysezertifikat (COA)<br \/>\nMaterial-Sicherheitsdatenblatt (MSDS)<br \/>\nPr\u00fcfungen durch Dritte auf Anfrage erh\u00e4ltlich<\/p>\n","protected":false},"excerpt":{"rendered":"<p>Aluminium-Scandium-Legierung \u00dcbersicht Aluminium-Scandium Legierungspulver ist ein hochreines Legierungspulver, das f\u00fcr fortschrittliche Materialanwendungen entwickelt wurde, die eine erh\u00f6hte Festigkeit, Korrosionsbest\u00e4ndigkeit und thermische Stabilit\u00e4t erfordern. Wir bieten anpassbare Zusammensetzungen und Partikelgr\u00f6\u00dfen, um spezifische Anforderungen zu erf\u00fcllen, sowie einen umfassenden Kundendienst. Bitte kontaktieren Sie uns, wenn Sie Fragen zur Verwendung des Pulvers haben. Unser AlSc-Pulver wird durch kontrollierte [&hellip;]<\/p>\n","protected":false},"featured_media":6681,"template":"","meta":{"_acf_changed":false},"product_brand":[132],"product_cat":[280],"product_tag":[1144],"class_list":{"0":"post-12677","1":"product","2":"type-product","3":"status-publish","4":"has-post-thumbnail","6":"product_brand-ulpmat","7":"product_cat-reine-metalle-legierungen","8":"product_tag-aluminiumlegierung","10":"first","11":"instock","12":"shipping-taxable","13":"product-type-variable"},"acf":[],"_links":{"self":[{"href":"https:\/\/ulpmat.com\/de\/wp-json\/wp\/v2\/product\/12677","targetHints":{"allow":["GET"]}}],"collection":[{"href":"https:\/\/ulpmat.com\/de\/wp-json\/wp\/v2\/product"}],"about":[{"href":"https:\/\/ulpmat.com\/de\/wp-json\/wp\/v2\/types\/product"}],"wp:featuredmedia":[{"embeddable":true,"href":"https:\/\/ulpmat.com\/de\/wp-json\/wp\/v2\/media\/6681"}],"wp:attachment":[{"href":"https:\/\/ulpmat.com\/de\/wp-json\/wp\/v2\/media?parent=12677"}],"wp:term":[{"taxonomy":"product_brand","embeddable":true,"href":"https:\/\/ulpmat.com\/de\/wp-json\/wp\/v2\/product_brand?post=12677"},{"taxonomy":"product_cat","embeddable":true,"href":"https:\/\/ulpmat.com\/de\/wp-json\/wp\/v2\/product_cat?post=12677"},{"taxonomy":"product_tag","embeddable":true,"href":"https:\/\/ulpmat.com\/de\/wp-json\/wp\/v2\/product_tag?post=12677"}],"curies":[{"name":"wp","href":"https:\/\/api.w.org\/{rel}","templated":true}]}}