{"id":12639,"date":"2025-07-18T17:14:45","date_gmt":"2025-07-18T09:14:45","guid":{"rendered":"https:\/\/ulpmat.com\/product\/aluminium-silizium-legierung\/"},"modified":"2025-07-18T17:14:45","modified_gmt":"2025-07-18T09:14:45","slug":"aluminium-silizium-legierung","status":"publish","type":"product","link":"https:\/\/ulpmat.com\/de\/produkt\/aluminium-silizium-legierung\/","title":{"rendered":"Aluminium-Silizium-Legierung"},"content":{"rendered":"<h2><span style=\"font-size: 14pt;\">Aluminium-Silizium-Legierung \u00dcbersicht<\/span><\/h2>\n<p><strong><span style=\"color: #3366ff;\"><a style=\"color: #3366ff;\" href=\"https:\/\/ulpmat.com\/de\/search\/?type=name&#038;keyword=alsi\">Aluminium-Silizium<\/a><\/span><\/strong> Alloy Sputtering Target ist ein Target aus einer hochreinen Legierung, das f\u00fcr D\u00fcnnschichtabscheidungsprozesse entwickelt wurde, die eine hervorragende Haftung, Verschlei\u00dffestigkeit und thermische Stabilit\u00e4t erfordern. Wir bieten anpassbare Zusammensetzungen und Gr\u00f6\u00dfen, um spezifische Anforderungen zu erf\u00fcllen, sowie einen umfassenden Kundendienst &#8211; bitte kontaktieren Sie uns, wenn Sie Fragen zur Verwendung haben.<\/p>\n<p>Unsere durch pr\u00e4zise Schmelz- und Gie\u00dftechniken und anschlie\u00dfendes Hei\u00df- oder Kaltpressen hergestellten AlSi-Sputtertargets gew\u00e4hrleisten eine einheitliche Zusammensetzung, hohe Dichte und geringe Verunreinigungen. Zu den Standardzusammensetzungen geh\u00f6ren Al-10wt%Si, Al-12wt%Si und Al-15wt%Si, wobei kundenspezifische Anpassungen m\u00f6glich sind, um spezifische Kundenanforderungen zu erf\u00fcllen.<\/p>\n<h2><span style=\"font-size: 14pt;\">Produkt-Highlights<\/span><\/h2>\n<p>Reinheit: \u226599,95%<br \/>\nStandard- und kundenspezifische Al\/Si-Verh\u00e4ltnisse (z. B. 10%, 12%, 15%)<br \/>\nHohe Dichte und gleichm\u00e4\u00dfiges Gef\u00fcge<br \/>\nAusgezeichnete thermische und elektrische Leitf\u00e4higkeit<br \/>\nHervorragende Schichtgleichm\u00e4\u00dfigkeit und Haftung im Sputtering-Verfahren<br \/>\nGeringer Gehalt an Verunreinigungen und Gaseinschl\u00fcssen<br \/>\nErh\u00e4ltlich in verschiedenen Formen und Gr\u00f6\u00dfen, einschlie\u00dflich rund und rechteckig<\/p>\n<h2><span style=\"font-size: 14pt;\">Anwendungen von AlSi Sputtering Target<\/span><\/h2>\n<p>Halbleiterherstellung: D\u00fcnne Schichten f\u00fcr mikroelektronische Ger\u00e4te<br \/>\nOptoelektronik: Transparente leitf\u00e4hige und sch\u00fctzende Beschichtungen<br \/>\nVerschlei\u00dfbest\u00e4ndige Beschichtungen: Harte, dauerhafte Oberfl\u00e4chenschichten auf Werkzeugen und Komponenten<br \/>\nSolarzellen: Abscheidung von Funktionsschichten in photovoltaischen Ger\u00e4ten<br \/>\nFortschrittliche Elektronik: Leistungsstarke D\u00fcnnschichten f\u00fcr Sensoren und Schaltkreise<\/p>\n<h2><span style=\"font-size: 14pt;\">Berichte<\/span><\/h2>\n<p>Analysezertifikat (COA)<br \/>\nMaterial-Sicherheitsdatenblatt (MSDS)<br \/>\nPr\u00fcfungen durch Dritte auf Anfrage erh\u00e4ltlich<\/p>\n","protected":false},"excerpt":{"rendered":"<p>Aluminium-Silizium-Legierung \u00dcbersicht Aluminium-Silizium Alloy Sputtering Target ist ein Target aus einer hochreinen Legierung, das f\u00fcr D\u00fcnnschichtabscheidungsprozesse entwickelt wurde, die eine hervorragende Haftung, Verschlei\u00dffestigkeit und thermische Stabilit\u00e4t erfordern. Wir bieten anpassbare Zusammensetzungen und Gr\u00f6\u00dfen, um spezifische Anforderungen zu erf\u00fcllen, sowie einen umfassenden Kundendienst &#8211; bitte kontaktieren Sie uns, wenn Sie Fragen zur Verwendung haben. Unsere durch [&hellip;]<\/p>\n","protected":false},"featured_media":6699,"template":"","meta":{"_acf_changed":false},"product_brand":[132],"product_cat":[562],"product_tag":[1144],"class_list":{"0":"post-12639","1":"product","2":"type-product","3":"status-publish","4":"has-post-thumbnail","6":"product_brand-ulpmat","7":"product_cat-legierung-sputtering-target","8":"product_tag-aluminiumlegierung","10":"first","11":"instock","12":"shipping-taxable","13":"product-type-variable"},"acf":[],"_links":{"self":[{"href":"https:\/\/ulpmat.com\/de\/wp-json\/wp\/v2\/product\/12639","targetHints":{"allow":["GET"]}}],"collection":[{"href":"https:\/\/ulpmat.com\/de\/wp-json\/wp\/v2\/product"}],"about":[{"href":"https:\/\/ulpmat.com\/de\/wp-json\/wp\/v2\/types\/product"}],"wp:featuredmedia":[{"embeddable":true,"href":"https:\/\/ulpmat.com\/de\/wp-json\/wp\/v2\/media\/6699"}],"wp:attachment":[{"href":"https:\/\/ulpmat.com\/de\/wp-json\/wp\/v2\/media?parent=12639"}],"wp:term":[{"taxonomy":"product_brand","embeddable":true,"href":"https:\/\/ulpmat.com\/de\/wp-json\/wp\/v2\/product_brand?post=12639"},{"taxonomy":"product_cat","embeddable":true,"href":"https:\/\/ulpmat.com\/de\/wp-json\/wp\/v2\/product_cat?post=12639"},{"taxonomy":"product_tag","embeddable":true,"href":"https:\/\/ulpmat.com\/de\/wp-json\/wp\/v2\/product_tag?post=12639"}],"curies":[{"name":"wp","href":"https:\/\/api.w.org\/{rel}","templated":true}]}}