{"id":12630,"date":"2025-07-18T17:14:45","date_gmt":"2025-07-18T09:14:45","guid":{"rendered":"https:\/\/ulpmat.com\/product\/a14130-aluminium-legierung\/"},"modified":"2025-07-18T17:14:45","modified_gmt":"2025-07-18T09:14:45","slug":"a14130-aluminium-legierung","status":"publish","type":"product","link":"https:\/\/ulpmat.com\/de\/produkt\/a14130-aluminium-legierung\/","title":{"rendered":"A14130 Aluminium-Legierung"},"content":{"rendered":"<h2><span style=\"font-size: 14pt;\">AlSi12 Sph\u00e4risches Pulver \u00dcbersicht<\/span><\/h2>\n<p><strong><span style=\"color: #3366ff;\"><a style=\"color: #3366ff;\" href=\"https:\/\/ulpmat.com\/de\/search\/?type=name&#038;keyword=alsi12\">AlSi12<\/a><\/span><\/strong> Spherical Powder ist ein hochwertiges Aluminium-Silizium-Legierungspulver, das speziell f\u00fcr fortschrittliche additive Fertigungs- und Pulvermetallurgieanwendungen entwickelt wurde. Mit einer typischen Zusammensetzung von 12 Gew.-% Silizium bietet dieses kugelf\u00f6rmige Pulver eine ausgezeichnete Flie\u00dff\u00e4higkeit, eine hohe Packungsdichte und hervorragende mechanische Eigenschaften, die es ideal f\u00fcr die Herstellung leichter, verschlei\u00dffester und thermisch stabiler Komponenten machen.<\/p>\n<p>Unser kugelf\u00f6rmiges AlSi12-Pulver wird durch fortschrittliche Zerst\u00e4ubungstechniken hergestellt und gew\u00e4hrleistet eine gleichm\u00e4\u00dfige Partikelgr\u00f6\u00dfenverteilung, minimale Satellitenbildung und eine einheitliche chemische Zusammensetzung. Wir bieten anpassbare Partikelgr\u00f6\u00dfen f\u00fcr spezifische Anforderungen und einen umfassenden Kundendienst &#8211; bitte kontaktieren Sie uns <span style=\"color: #3366ff;\"><a style=\"color: #3366ff;\" href=\"https:\/\/ulpmat.com\/de\/kontakt-us\/\">kontaktieren Sie uns<\/a><\/span> wenn Sie irgendwelche Fragen haben.<\/p>\n<h2><span style=\"font-size: 14pt;\">Produkt-Highlights<\/span><\/h2>\n<p>Reinheit: \u226599,9%<br \/>\nZusammensetzung: Al-12wt%Si<br \/>\nSph\u00e4rische Partikelmorphologie f\u00fcr hervorragende Flie\u00dff\u00e4higkeit<br \/>\nGleichm\u00e4\u00dfige Partikelgr\u00f6\u00dfenverteilung<br \/>\nHohe Packungsdichte f\u00fcr verbesserte Teiledichte<br \/>\nErh\u00f6hte Verschlei\u00dffestigkeit und thermische Stabilit\u00e4t<br \/>\nIdeal f\u00fcr additive Fertigung und Pulvermetallurgie<\/p>\n<h2><span style=\"font-size: 14pt;\">Anwendungen von kugelf\u00f6rmigem AlSi12-Pulver<\/span><\/h2>\n<p>Additive Fertigung: Laser Powder Bed Fusion (LPBF) und Direct Metal Laser Sintering (DMLS) f\u00fcr die Luft- und Raumfahrt-, Automobil- und Werkzeugindustrie<br \/>\nPulvermetallurgie: Herstellung von leichten, verschlei\u00dffesten Komponenten aus Aluminiumlegierungen<br \/>\nSchnelles Prototyping: Herstellung von Funktionsprototypen mit hervorragenden mechanischen Eigenschaften<br \/>\nThermisches Management: Komponenten, die eine gute thermische Stabilit\u00e4t und Leitf\u00e4higkeit erfordern<\/p>\n<h2><span style=\"font-size: 14pt;\">Berichte<\/span><\/h2>\n<p>Analysezertifikat (COA)<br \/>\nMaterial-Sicherheitsdatenblatt (MSDS)<br \/>\nPr\u00fcfungen durch Dritte auf Anfrage erh\u00e4ltlich<\/p>\n","protected":false},"excerpt":{"rendered":"<p>AlSi12 Sph\u00e4risches Pulver \u00dcbersicht AlSi12 Spherical Powder ist ein hochwertiges Aluminium-Silizium-Legierungspulver, das speziell f\u00fcr fortschrittliche additive Fertigungs- und Pulvermetallurgieanwendungen entwickelt wurde. Mit einer typischen Zusammensetzung von 12 Gew.-% Silizium bietet dieses kugelf\u00f6rmige Pulver eine ausgezeichnete Flie\u00dff\u00e4higkeit, eine hohe Packungsdichte und hervorragende mechanische Eigenschaften, die es ideal f\u00fcr die Herstellung leichter, verschlei\u00dffester und thermisch stabiler Komponenten [&hellip;]<\/p>\n","protected":false},"featured_media":6693,"template":"","meta":{"_acf_changed":false},"product_brand":[132],"product_cat":[1143],"product_tag":[1144],"class_list":{"0":"post-12630","1":"product","2":"type-product","3":"status-publish","4":"has-post-thumbnail","6":"product_brand-ulpmat","7":"product_cat-3d-druck-von-kugelformigem-pulver","8":"product_tag-aluminiumlegierung","10":"first","11":"instock","12":"shipping-taxable","13":"product-type-variable"},"acf":[],"_links":{"self":[{"href":"https:\/\/ulpmat.com\/de\/wp-json\/wp\/v2\/product\/12630","targetHints":{"allow":["GET"]}}],"collection":[{"href":"https:\/\/ulpmat.com\/de\/wp-json\/wp\/v2\/product"}],"about":[{"href":"https:\/\/ulpmat.com\/de\/wp-json\/wp\/v2\/types\/product"}],"wp:featuredmedia":[{"embeddable":true,"href":"https:\/\/ulpmat.com\/de\/wp-json\/wp\/v2\/media\/6693"}],"wp:attachment":[{"href":"https:\/\/ulpmat.com\/de\/wp-json\/wp\/v2\/media?parent=12630"}],"wp:term":[{"taxonomy":"product_brand","embeddable":true,"href":"https:\/\/ulpmat.com\/de\/wp-json\/wp\/v2\/product_brand?post=12630"},{"taxonomy":"product_cat","embeddable":true,"href":"https:\/\/ulpmat.com\/de\/wp-json\/wp\/v2\/product_cat?post=12630"},{"taxonomy":"product_tag","embeddable":true,"href":"https:\/\/ulpmat.com\/de\/wp-json\/wp\/v2\/product_tag?post=12630"}],"curies":[{"name":"wp","href":"https:\/\/api.w.org\/{rel}","templated":true}]}}