{"id":12623,"date":"2025-07-18T17:14:46","date_gmt":"2025-07-18T09:14:46","guid":{"rendered":"https:\/\/ulpmat.com\/product\/aluminium-silizium-kupfer-legierung\/"},"modified":"2025-07-18T17:14:46","modified_gmt":"2025-07-18T09:14:46","slug":"aluminium-silizium-kupfer-legierung","status":"publish","type":"product","link":"https:\/\/ulpmat.com\/de\/produkt\/aluminium-silizium-kupfer-legierung\/","title":{"rendered":"Aluminium-Silizium-Kupfer-Legierung"},"content":{"rendered":"<p><strong><span style=\"color: #3366ff;\"><a style=\"color: #3366ff;\" href=\"https:\/\/ulpmat.com\/de\/search\/?type=name&#038;keyword=alsi9cu3\">AlSi9Cu3<\/a><\/span><\/strong> Spherical Powder ist ein hochleistungsf\u00e4higes Aluminiumlegierungspulver, das f\u00fcr die additive Fertigung und die moderne Pulvermetallurgie entwickelt wurde. Mit einer typischen Zusammensetzung von 9 Gew.-% Silizium und 3 Gew.-% Kupfer kombiniert dieses kugelf\u00f6rmige Pulver hervorragende mechanische Festigkeit, Verschlei\u00dffestigkeit und thermische Stabilit\u00e4t.<\/p>\n<p>Unser AlSi9Cu3-Pulver wird durch modernste Gasverd\u00fcsung hergestellt und zeichnet sich durch eine gleichm\u00e4\u00dfige Partikelgr\u00f6\u00dfenverteilung, hervorragende Flie\u00dff\u00e4higkeit und einen geringen Sauerstoffgehalt aus, was eine hervorragende Verarbeitung und Teilequalit\u00e4t gew\u00e4hrleistet. Wir bieten auch einen umfassenden Kundendienst an &#8211; bitte nehmen Sie <span style=\"color: #3366ff;\"><a style=\"color: #3366ff;\" href=\"https:\/\/ulpmat.com\/de\/kontakt-us\/\">kontaktieren Sie uns<\/a><\/span> wenn Sie irgendwelche Fragen haben.<\/p>\n<h2><span style=\"font-size: 14pt;\">Produkt-Highlights<\/span><\/h2>\n<p>Reinheit: \u226599,9%<br \/>\nZusammensetzung: Al-9 Gew.-%Si-3 Gew.-%Cu<br \/>\nSph\u00e4rische Morphologie f\u00fcr optimale Flie\u00dff\u00e4higkeit<br \/>\nGleichm\u00e4\u00dfige Partikelgr\u00f6\u00dfenverteilung<br \/>\nHohe Packungsdichte f\u00fcr verbessertes Sintern und Schmelzen<br \/>\nErh\u00f6hte mechanische Festigkeit und Verschlei\u00dffestigkeit<br \/>\nGeeignet f\u00fcr additive Fertigung und Pulvermetallurgie<\/p>\n<h2><span style=\"font-size: 14pt;\">Anwendungen von kugelf\u00f6rmigem AlSi9Cu3-Pulver<\/span><\/h2>\n<p>Additive Fertigung: Ideal f\u00fcr Laser-Pulverbett-Fusion (LPBF) und Direktes Metall-Laser-Sintern (DMLS)<br \/>\nPulvermetallurgie: F\u00fcr die Herstellung von Komponenten aus hochfesten Aluminiumlegierungen<br \/>\nAutomobilindustrie und Luft- und Raumfahrt: Herstellung von leichten, hochfesten Teilen<br \/>\nIndustrielle Komponenten: Herstellung von verschlei\u00dffesten und thermisch stabilen Teilen<\/p>\n<h2><span style=\"font-size: 14pt;\">Berichte<\/span><\/h2>\n<p>Analysezertifikat (COA)<br \/>\nMaterial-Sicherheitsdatenblatt (MSDS)<br \/>\nPr\u00fcfungen durch Dritte auf Anfrage erh\u00e4ltlich<\/p>\n<h2><span style=\"font-size: 14pt;\">Warum uns w\u00e4hlen?<\/span><\/h2>\n<p>Als zuverl\u00e4ssiger <strong>Lieferant von AlSi9Cu3-Pulver<\/strong> bieten wir qualitativ hochwertiges Legierungspulver mit einheitlicher Partikelgr\u00f6\u00dfe, hervorragender Flie\u00dff\u00e4higkeit und gleichbleibender Zusammensetzung. Mit anpassbaren Spezifikationen, strenger Qualit\u00e4tskontrolle und zuverl\u00e4ssiger weltweiter Lieferung liefern wir zuverl\u00e4ssige L\u00f6sungen f\u00fcr die additive Fertigung, den Guss und hochentwickelte technische Anwendungen.<\/p>\n","protected":false},"excerpt":{"rendered":"<p>AlSi9Cu3 Spherical Powder ist ein hochleistungsf\u00e4higes Aluminiumlegierungspulver, das f\u00fcr die additive Fertigung und die moderne Pulvermetallurgie entwickelt wurde. Mit einer typischen Zusammensetzung von 9 Gew.-% Silizium und 3 Gew.-% Kupfer kombiniert dieses kugelf\u00f6rmige Pulver hervorragende mechanische Festigkeit, Verschlei\u00dffestigkeit und thermische Stabilit\u00e4t. Unser AlSi9Cu3-Pulver wird durch modernste Gasverd\u00fcsung hergestellt und zeichnet sich durch eine gleichm\u00e4\u00dfige Partikelgr\u00f6\u00dfenverteilung, [&hellip;]<\/p>\n","protected":false},"featured_media":6705,"template":"","meta":{"_acf_changed":false},"product_brand":[132],"product_cat":[1143],"product_tag":[1144],"class_list":{"0":"post-12623","1":"product","2":"type-product","3":"status-publish","4":"has-post-thumbnail","6":"product_brand-ulpmat","7":"product_cat-3d-druck-von-kugelformigem-pulver","8":"product_tag-aluminiumlegierung","10":"first","11":"instock","12":"shipping-taxable","13":"product-type-variable"},"acf":[],"_links":{"self":[{"href":"https:\/\/ulpmat.com\/de\/wp-json\/wp\/v2\/product\/12623","targetHints":{"allow":["GET"]}}],"collection":[{"href":"https:\/\/ulpmat.com\/de\/wp-json\/wp\/v2\/product"}],"about":[{"href":"https:\/\/ulpmat.com\/de\/wp-json\/wp\/v2\/types\/product"}],"wp:featuredmedia":[{"embeddable":true,"href":"https:\/\/ulpmat.com\/de\/wp-json\/wp\/v2\/media\/6705"}],"wp:attachment":[{"href":"https:\/\/ulpmat.com\/de\/wp-json\/wp\/v2\/media?parent=12623"}],"wp:term":[{"taxonomy":"product_brand","embeddable":true,"href":"https:\/\/ulpmat.com\/de\/wp-json\/wp\/v2\/product_brand?post=12623"},{"taxonomy":"product_cat","embeddable":true,"href":"https:\/\/ulpmat.com\/de\/wp-json\/wp\/v2\/product_cat?post=12623"},{"taxonomy":"product_tag","embeddable":true,"href":"https:\/\/ulpmat.com\/de\/wp-json\/wp\/v2\/product_tag?post=12623"}],"curies":[{"name":"wp","href":"https:\/\/api.w.org\/{rel}","templated":true}]}}