{"id":12614,"date":"2025-07-18T17:14:46","date_gmt":"2025-07-18T09:14:46","guid":{"rendered":"https:\/\/ulpmat.com\/product\/aluminium-silizium-magnesium-legierung-2\/"},"modified":"2025-07-18T17:14:46","modified_gmt":"2025-07-18T09:14:46","slug":"aluminium-silizium-magnesium-legierung-2","status":"publish","type":"product","link":"https:\/\/ulpmat.com\/de\/produkt\/aluminium-silizium-magnesium-legierung-2\/","title":{"rendered":"Aluminium-Silizium-Magnesium-Legierung"},"content":{"rendered":"<h2><span style=\"font-size: 14pt;\">Aluminium-Silizium-Magnesium (AlSi7Mg) \u00dcbersicht<\/span><\/h2>\n<p><strong><span style=\"color: #3366ff;\"><a style=\"color: #3366ff;\" href=\"https:\/\/ulpmat.com\/de\/search\/?type=name&#038;keyword=alsi7mg\">Aluminium-Silizium-Magnesium (AlSi7Mg)<\/a><\/span><\/strong> Spherical Powder ist ein hochwertiges Aluminiumlegierungspulver, das f\u00fcr die additive Fertigung und Pulvermetallurgie entwickelt wurde. Mit einem Silizium- und Magnesiumgehalt von etwa 7 Gew.-% bietet dieses kugelf\u00f6rmige Pulver eine hervorragende Festigkeit, Korrosionsbest\u00e4ndigkeit und thermische Stabilit\u00e4t.<\/p>\n<p>Unser AlSi7Mg-Pulver wird mit Hilfe einer fortschrittlichen Gaszerst\u00e4ubungstechnologie hergestellt und gew\u00e4hrleistet einen geringen Sauerstoffgehalt, eine hohe Sph\u00e4rizit\u00e4t und eine konsistente chemische Zusammensetzung, um die Herstellung hochwertiger Teile zu unterst\u00fctzen. Wir bieten auch einen umfassenden Kundendienst an &#8211; bitte z\u00f6gern Sie nicht, uns zu <span style=\"color: #3366ff;\"><a style=\"color: #3366ff;\" href=\"https:\/\/ulpmat.com\/de\/kontakt-us\/\">kontaktieren Sie uns<\/a><\/span> wenn Sie irgendwelche Fragen haben.<\/p>\n<h2><span style=\"font-size: 14pt;\">Produkt-Highlights<\/span><\/h2>\n<p>Reinheit: \u226599,9%<br \/>\nZusammensetzung (wt.%): Al\uff1aBal Si\uff1a0,3-0,9Mg\uff1a1,2-1,8 Zn\uff1a\u22640,1Ti\uff1a\u22640,2 Mn\uff1a\u22640,1Fe\uff1a\u22640,1Summe der anderen Elemente\uff1a\u22640,15<br \/>\nSph\u00e4rische Partikelform f\u00fcr hervorragende Flie\u00dff\u00e4higkeit<br \/>\nGleichm\u00e4\u00dfige Partikelgr\u00f6\u00dfenverteilung<br \/>\nHohe Packungsdichte f\u00fcr effizientes Sintern und Schmelzen<br \/>\nErh\u00f6hte mechanische Festigkeit und Korrosionsbest\u00e4ndigkeit<br \/>\nGeeignet f\u00fcr additive Fertigung und Pulvermetallurgie<\/p>\n<h2><span style=\"font-size: 14pt;\">Anwendungen von kugelf\u00f6rmigem AlSi7Mg-Pulver<\/span><\/h2>\n<p>Additive Fertigung: Laser-Pulverbett-Fusion (LPBF) und verwandte 3D-Druckverfahren<br \/>\nPulvermetallurgie: Herstellung von hochfesten, leichten Komponenten aus Aluminiumlegierungen<br \/>\nAutomobilindustrie und Luft- und Raumfahrt: Herstellung von korrosionsbest\u00e4ndigen, langlebigen Teilen<br \/>\nIndustrielle Fertigung: Komponenten, die eine hohe thermische Stabilit\u00e4t und mechanische Leistung erfordern<\/p>\n<h2><span style=\"font-size: 14pt;\">Berichte<\/span><\/h2>\n<p>Analysezertifikat (COA)<br \/>\nMaterial-Sicherheitsdatenblatt (MSDS)<br \/>\nPr\u00fcfungen durch Dritte auf Anfrage erh\u00e4ltlich<\/p>\n","protected":false},"excerpt":{"rendered":"<p>Aluminium-Silizium-Magnesium (AlSi7Mg) \u00dcbersicht Aluminium-Silizium-Magnesium (AlSi7Mg) Spherical Powder ist ein hochwertiges Aluminiumlegierungspulver, das f\u00fcr die additive Fertigung und Pulvermetallurgie entwickelt wurde. Mit einem Silizium- und Magnesiumgehalt von etwa 7 Gew.-% bietet dieses kugelf\u00f6rmige Pulver eine hervorragende Festigkeit, Korrosionsbest\u00e4ndigkeit und thermische Stabilit\u00e4t. Unser AlSi7Mg-Pulver wird mit Hilfe einer fortschrittlichen Gaszerst\u00e4ubungstechnologie hergestellt und gew\u00e4hrleistet einen geringen Sauerstoffgehalt, eine [&hellip;]<\/p>\n","protected":false},"featured_media":6711,"template":"","meta":{"_acf_changed":false},"product_brand":[132],"product_cat":[1143],"product_tag":[1144],"class_list":{"0":"post-12614","1":"product","2":"type-product","3":"status-publish","4":"has-post-thumbnail","6":"product_brand-ulpmat","7":"product_cat-3d-druck-von-kugelformigem-pulver","8":"product_tag-aluminiumlegierung","10":"first","11":"instock","12":"shipping-taxable","13":"product-type-variable"},"acf":[],"_links":{"self":[{"href":"https:\/\/ulpmat.com\/de\/wp-json\/wp\/v2\/product\/12614","targetHints":{"allow":["GET"]}}],"collection":[{"href":"https:\/\/ulpmat.com\/de\/wp-json\/wp\/v2\/product"}],"about":[{"href":"https:\/\/ulpmat.com\/de\/wp-json\/wp\/v2\/types\/product"}],"wp:featuredmedia":[{"embeddable":true,"href":"https:\/\/ulpmat.com\/de\/wp-json\/wp\/v2\/media\/6711"}],"wp:attachment":[{"href":"https:\/\/ulpmat.com\/de\/wp-json\/wp\/v2\/media?parent=12614"}],"wp:term":[{"taxonomy":"product_brand","embeddable":true,"href":"https:\/\/ulpmat.com\/de\/wp-json\/wp\/v2\/product_brand?post=12614"},{"taxonomy":"product_cat","embeddable":true,"href":"https:\/\/ulpmat.com\/de\/wp-json\/wp\/v2\/product_cat?post=12614"},{"taxonomy":"product_tag","embeddable":true,"href":"https:\/\/ulpmat.com\/de\/wp-json\/wp\/v2\/product_tag?post=12614"}],"curies":[{"name":"wp","href":"https:\/\/api.w.org\/{rel}","templated":true}]}}