{"id":12606,"date":"2025-07-18T17:14:46","date_gmt":"2025-07-18T09:14:46","guid":{"rendered":"https:\/\/ulpmat.com\/product\/aluminium-silizium-magnesium-legierung\/"},"modified":"2025-07-18T17:14:46","modified_gmt":"2025-07-18T09:14:46","slug":"aluminium-silizium-magnesium-legierung","status":"publish","type":"product","link":"https:\/\/ulpmat.com\/de\/produkt\/aluminium-silizium-magnesium-legierung\/","title":{"rendered":"Aluminium-Silizium-Magnesium-Legierung"},"content":{"rendered":"<h2><span style=\"font-size: 14pt;\">AlSi10Mg Sph\u00e4risches Pulver \u00dcbersicht<\/span><\/h2>\n<p><strong><span style=\"color: #3366ff;\"><a style=\"color: #3366ff;\" href=\"https:\/\/ulpmat.com\/de\/search\/?type=element&#038;keyword=Al%2CSi%2CMg\">AlSi10Mg<\/a><\/span><\/strong> Spherical Powder ist ein hochwertiges Aluminiumlegierungspulver, das f\u00fcr die additive Fertigung und pulvermetallurgische Anwendungen optimiert ist. Mit einem Silizium- und Magnesiumgehalt von etwa 10 Gew.-% bietet dieses kugelf\u00f6rmige Pulver eine hervorragende mechanische Festigkeit, Korrosionsbest\u00e4ndigkeit und thermische Stabilit\u00e4t.<\/p>\n<p>Unser AlSi10Mg-Pulver wird mit Hilfe einer fortschrittlichen Gaszerst\u00e4ubungstechnologie hergestellt und zeichnet sich durch einen geringen Sauerstoffgehalt, eine hohe Sph\u00e4rizit\u00e4t und eine konsistente chemische Zusammensetzung aus, die eine hervorragende Verarbeitbarkeit und Qualit\u00e4t des Endprodukts gew\u00e4hrleistet. Wir bieten auch einen umfassenden Kundendienst an &#8211; bitte nehmen Sie <span style=\"color: #3366ff;\"><a style=\"color: #3366ff;\" href=\"https:\/\/ulpmat.com\/de\/kontakt-us\/\">kontaktieren Sie uns<\/a><\/span> wenn Sie irgendwelche Fragen haben.<\/p>\n<h2><span style=\"font-size: 14pt;\">Produkt-Highlights<\/span><\/h2>\n<p>Reinheit: \u226599,9%<br \/>\nZusammensetzung (wt.%): Si\uff1a9,0-11,0 Ti\u22640,15Mg\uff1a0,2-0,45 Zn\u22640,1Mn\u22640,45 Al\uff1aBal Fe\u22640,55<br \/>\nSauerstoffgehalt\uff1a\u2264300 ppm<br \/>\nSph\u00e4rische Morphologie f\u00fcr hervorragende Flie\u00dff\u00e4higkeit<br \/>\nGleichm\u00e4\u00dfige Partikelgr\u00f6\u00dfenverteilung<br \/>\nHohe Packungsdichte f\u00fcr effizientes Schmelzen und Sintern<br \/>\nVerbesserte mechanische Eigenschaften und Korrosionsbest\u00e4ndigkeit<br \/>\nGeeignet f\u00fcr additive Fertigung und Pulvermetallurgie<\/p>\n<h2><span style=\"font-size: 14pt;\">Anwendungen von kugelf\u00f6rmigem AlSi10Mg-Pulver<\/span><\/h2>\n<p>Additive Fertigung: Laser Powder Bed Fusion (LPBF) und verwandte 3D-Druckverfahren<br \/>\nPulvermetallurgie: Herstellung von leichten, hochfesten Komponenten aus Aluminiumlegierungen<br \/>\nLuft- und Raumfahrt &amp; Automotive: Herstellung von korrosionsbest\u00e4ndigen, langlebigen Teilen<br \/>\nIndustrielle Anwendungen: Komponenten, die eine hervorragende thermische und mechanische Leistung erfordern<\/p>\n<h2><span style=\"font-size: 14pt;\">Berichte<\/span><\/h2>\n<p>Analysezertifikat (COA)<br \/>\nMaterial-Sicherheitsdatenblatt (MSDS)<br \/>\nPr\u00fcfungen durch Dritte auf Anfrage erh\u00e4ltlich<\/p>\n","protected":false},"excerpt":{"rendered":"<p>AlSi10Mg Sph\u00e4risches Pulver \u00dcbersicht AlSi10Mg Spherical Powder ist ein hochwertiges Aluminiumlegierungspulver, das f\u00fcr die additive Fertigung und pulvermetallurgische Anwendungen optimiert ist. Mit einem Silizium- und Magnesiumgehalt von etwa 10 Gew.-% bietet dieses kugelf\u00f6rmige Pulver eine hervorragende mechanische Festigkeit, Korrosionsbest\u00e4ndigkeit und thermische Stabilit\u00e4t. Unser AlSi10Mg-Pulver wird mit Hilfe einer fortschrittlichen Gaszerst\u00e4ubungstechnologie hergestellt und zeichnet sich durch [&hellip;]<\/p>\n","protected":false},"featured_media":6717,"template":"","meta":{"_acf_changed":false},"product_brand":[132],"product_cat":[1143],"product_tag":[1144],"class_list":{"0":"post-12606","1":"product","2":"type-product","3":"status-publish","4":"has-post-thumbnail","6":"product_brand-ulpmat","7":"product_cat-3d-druck-von-kugelformigem-pulver","8":"product_tag-aluminiumlegierung","10":"first","11":"instock","12":"shipping-taxable","13":"product-type-variable"},"acf":[],"_links":{"self":[{"href":"https:\/\/ulpmat.com\/de\/wp-json\/wp\/v2\/product\/12606","targetHints":{"allow":["GET"]}}],"collection":[{"href":"https:\/\/ulpmat.com\/de\/wp-json\/wp\/v2\/product"}],"about":[{"href":"https:\/\/ulpmat.com\/de\/wp-json\/wp\/v2\/types\/product"}],"wp:featuredmedia":[{"embeddable":true,"href":"https:\/\/ulpmat.com\/de\/wp-json\/wp\/v2\/media\/6717"}],"wp:attachment":[{"href":"https:\/\/ulpmat.com\/de\/wp-json\/wp\/v2\/media?parent=12606"}],"wp:term":[{"taxonomy":"product_brand","embeddable":true,"href":"https:\/\/ulpmat.com\/de\/wp-json\/wp\/v2\/product_brand?post=12606"},{"taxonomy":"product_cat","embeddable":true,"href":"https:\/\/ulpmat.com\/de\/wp-json\/wp\/v2\/product_cat?post=12606"},{"taxonomy":"product_tag","embeddable":true,"href":"https:\/\/ulpmat.com\/de\/wp-json\/wp\/v2\/product_tag?post=12606"}],"curies":[{"name":"wp","href":"https:\/\/api.w.org\/{rel}","templated":true}]}}