{"id":12578,"date":"2025-07-18T17:14:47","date_gmt":"2025-07-18T09:14:47","guid":{"rendered":"https:\/\/ulpmat.com\/product\/aluminium-titan-silizium-legierung\/"},"modified":"2025-07-18T17:14:47","modified_gmt":"2025-07-18T09:14:47","slug":"aluminium-titan-silizium-legierung","status":"publish","type":"product","link":"https:\/\/ulpmat.com\/de\/produkt\/aluminium-titan-silizium-legierung\/","title":{"rendered":"Aluminium-Titan-Silizium-Legierung"},"content":{"rendered":"<p><strong><span style=\"color: #3366ff;\"><a style=\"color: #3366ff;\" href=\"https:\/\/ulpmat.com\/de\/search\/?type=element&#038;keyword=Al%2CTi%2CSi\">Aluminium-Titan-Silizium<\/a><\/span><\/strong> Alloy Sputtering Target ist ein hochleistungsf\u00e4higes Verbundtarget, das f\u00fcr fortschrittliche D\u00fcnnschichtabscheidungsprozesse entwickelt wurde. Durch die Kombination der leichten Leitf\u00e4higkeit von Aluminium mit der Festigkeit und Korrosionsbest\u00e4ndigkeit von Titan und den Halbleitereigenschaften von Silizium ist dieses Legierungstarget ideal f\u00fcr Anwendungen, die dauerhafte, elektrisch leitf\u00e4hige und thermisch stabile Schichten erfordern.<\/p>\n<p>Unsere Sputtertargets aus Aluminium-Titan-Silizium-Legierungen werden aus ultrahochreinen Rohstoffen durch kontrollierte Legierungs- und Verdichtungsprozesse hergestellt und bieten eine gleichbleibende Zusammensetzung, hohe Dichte und geringe Verunreinigungen, was eine hervorragende Sputterleistung und Filmqualit\u00e4t gew\u00e4hrleistet. Wir bieten auch einen umfassenden Kundendienst an &#8211; bitte wenden Sie sich an <span style=\"color: #3366ff;\"><a style=\"color: #3366ff;\" href=\"https:\/\/ulpmat.com\/de\/kontakt-us\/\">kontaktieren Sie uns<\/a><\/span> wenn Sie irgendwelche Fragen haben.<\/p>\n<h2><span style=\"font-size: 14pt;\">Produkt-Highlights<\/span><\/h2>\n<p>Reinheit: \u226599,9%<br \/>\nAnpassbare AlTiSi-Zusammensetzungen f\u00fcr spezifische Anwendungsanforderungen<br \/>\nHohe Dichte und Reinheit f\u00fcr zuverl\u00e4ssiges Sputtern<br \/>\nAusgezeichnete mechanische Festigkeit, Korrosionsbest\u00e4ndigkeit und thermische Stabilit\u00e4t<br \/>\nVerbesserte elektrische und Halbleitereigenschaften<br \/>\nEinheitliche Mikrostruktur f\u00fcr konsistente Schichtgleichm\u00e4\u00dfigkeit und Haftung<br \/>\nErh\u00e4ltlich in verschiedenen Formen und Gr\u00f6\u00dfen (rund, rechteckig, kundenspezifisch)<\/p>\n<h2><span style=\"font-size: 14pt;\">Anwendungen von Sputtertargets aus Aluminium-Titan-Silizium-Legierungen<\/span><\/h2>\n<p>Halbleiter- und mikroelektronische D\u00fcnnschichten<br \/>\nSchutz- und verschlei\u00dffeste Beschichtungen<br \/>\nHochwertige Beschichtungen f\u00fcr die Luft- und Raumfahrt und die Automobilindustrie<br \/>\nElektronische Geh\u00e4use und Verbindungselemente<br \/>\nOptische und Sensor-Beschichtungen<\/p>\n<h2><span style=\"font-size: 14pt;\">Berichte<\/span><\/h2>\n<p>Analysezertifikat (COA)<br \/>\nMaterial-Sicherheitsdatenblatt (MSDS)<br \/>\nPr\u00fcfungen durch Dritte auf Anfrage erh\u00e4ltlich<\/p>\n","protected":false},"excerpt":{"rendered":"<p>Aluminium-Titan-Silizium Alloy Sputtering Target ist ein hochleistungsf\u00e4higes Verbundtarget, das f\u00fcr fortschrittliche D\u00fcnnschichtabscheidungsprozesse entwickelt wurde. Durch die Kombination der leichten Leitf\u00e4higkeit von Aluminium mit der Festigkeit und Korrosionsbest\u00e4ndigkeit von Titan und den Halbleitereigenschaften von Silizium ist dieses Legierungstarget ideal f\u00fcr Anwendungen, die dauerhafte, elektrisch leitf\u00e4hige und thermisch stabile Schichten erfordern. Unsere Sputtertargets aus Aluminium-Titan-Silizium-Legierungen werden aus [&hellip;]<\/p>\n","protected":false},"featured_media":6729,"template":"","meta":{"_acf_changed":false},"product_brand":[132],"product_cat":[562],"product_tag":[1144],"class_list":{"0":"post-12578","1":"product","2":"type-product","3":"status-publish","4":"has-post-thumbnail","6":"product_brand-ulpmat","7":"product_cat-legierung-sputtering-target","8":"product_tag-aluminiumlegierung","10":"first","11":"instock","12":"shipping-taxable","13":"product-type-variable"},"acf":[],"_links":{"self":[{"href":"https:\/\/ulpmat.com\/de\/wp-json\/wp\/v2\/product\/12578","targetHints":{"allow":["GET"]}}],"collection":[{"href":"https:\/\/ulpmat.com\/de\/wp-json\/wp\/v2\/product"}],"about":[{"href":"https:\/\/ulpmat.com\/de\/wp-json\/wp\/v2\/types\/product"}],"wp:featuredmedia":[{"embeddable":true,"href":"https:\/\/ulpmat.com\/de\/wp-json\/wp\/v2\/media\/6729"}],"wp:attachment":[{"href":"https:\/\/ulpmat.com\/de\/wp-json\/wp\/v2\/media?parent=12578"}],"wp:term":[{"taxonomy":"product_brand","embeddable":true,"href":"https:\/\/ulpmat.com\/de\/wp-json\/wp\/v2\/product_brand?post=12578"},{"taxonomy":"product_cat","embeddable":true,"href":"https:\/\/ulpmat.com\/de\/wp-json\/wp\/v2\/product_cat?post=12578"},{"taxonomy":"product_tag","embeddable":true,"href":"https:\/\/ulpmat.com\/de\/wp-json\/wp\/v2\/product_tag?post=12578"}],"curies":[{"name":"wp","href":"https:\/\/api.w.org\/{rel}","templated":true}]}}