{"id":12267,"date":"2025-07-18T17:14:55","date_gmt":"2025-07-18T09:14:55","guid":{"rendered":"https:\/\/ulpmat.com\/product\/lanthan-acetat\/"},"modified":"2025-07-18T17:14:55","modified_gmt":"2025-07-18T09:14:55","slug":"lanthan-acetat","status":"publish","type":"product","link":"https:\/\/ulpmat.com\/de\/produkt\/lanthan-acetat\/","title":{"rendered":"Lanthan-Acetat"},"content":{"rendered":"<h2><span style=\"font-size: 14pt;\">Lanthanacetat \u00dcbersicht<\/span><\/h2>\n<p><strong><span style=\"color: #3366ff;\"><a style=\"color: #3366ff;\" href=\"https:\/\/ulpmat.com\/de\/search\/?type=name&#038;keyword=Lanthanum+Acetate\">Lanthanacetat<\/a><\/span><\/strong> pulver ist eine hochreine Verbindung auf Lanthanbasis, die h\u00e4ufig in High-End-Anwendungen wie Katalyse, Optoelektronik und Verbundwerkstoffen aus Seltenerdmetallen verwendet wird. Es hat eine ausgezeichnete chemische Stabilit\u00e4t und eine gute elektrische Leitf\u00e4higkeit und wird h\u00e4ufig in der Elektronik und im Energiesektor eingesetzt. Das Pulver ist ein wei\u00dfer oder hellgelber Feststoff mit hoher thermischer Stabilit\u00e4t und Korrosionsbest\u00e4ndigkeit, der sich f\u00fcr eine Vielzahl von Industrie- und Forschungsbereichen eignet.<\/p>\n<p>Wir bieten auch einen umfassenden Kundendienst an &#8211; wenn Sie Fragen zur Verwendung haben, k\u00f6nnen Sie sich gerne an <span style=\"color: #3366ff;\"><a style=\"color: #3366ff;\" href=\"https:\/\/ulpmat.com\/de\/kontakt-us\/\">kontaktieren Sie uns<\/a><\/span>.<\/p>\n<h2><span style=\"font-size: 14pt;\">Produkt-Highlights<\/span><\/h2>\n<ul>\n<li>Hochreines Lanthanacetat: \u226599,9%.<\/li>\n<li>Thermische Stabilit\u00e4t: Stabil unter normalen Lagerungs- und Verarbeitungsbedingungen.<\/li>\n<li>Geringer Gehalt an Verunreinigungen: Gew\u00e4hrleistet gleichbleibende Qualit\u00e4t f\u00fcr Keramiken, Katalysatoren und D\u00fcnnschichtmaterialien.<\/li>\n<li>Anpassbare Partikelgr\u00f6\u00dfe und Verpackung: Ma\u00dfgeschneidert f\u00fcr unterschiedliche Synthese-, Beschichtungs- und Laboranforderungen.<\/li>\n<\/ul>\n<h2><span style=\"font-size: 14pt;\">Anwendungen von Lanthanacetat-Pulver<\/span><\/h2>\n<p>Katalyse: wird in petrochemischen und Autoabgasreinigungskatalysatoren verwendet und besitzt eine hohe katalytische Aktivit\u00e4t.<br \/>\nOptoelektronik: als hocheffizientes optoelektronisches Material ist es f\u00fcr Solarzellen, LEDs und Photovoltaik geeignet.<br \/>\nVerbundwerkstoffe aus Seltenerdmetallen: Sie werden zur Synthese von Verbundwerkstoffen aus Seltenerdmetallen verwendet, um deren Leitf\u00e4higkeit, thermische Stabilit\u00e4t und mechanische Eigenschaften zu verbessern.<br \/>\nElektronische Bauteile: Als hoch leitf\u00e4higes und stabiles Material wird es h\u00e4ufig bei der Herstellung von elektronischen Hochfrequenzger\u00e4ten verwendet.<\/p>\n<h2><span style=\"font-size: 14pt;\">Berichte<\/span><\/h2>\n<p>Jede Produktcharge wird mit einem Analysezertifikat (COA), einem Sicherheitsdatenblatt (MSDS) und anderen relevanten Qualit\u00e4tsberichten versehen. Wir unterst\u00fctzen auch Pr\u00fcfdienste Dritter, um sicherzustellen, dass die Produkte den internationalen Normen und Kundenanforderungen entsprechen.<\/p>\n","protected":false},"excerpt":{"rendered":"<p>Lanthanacetat \u00dcbersicht Lanthanacetat pulver ist eine hochreine Verbindung auf Lanthanbasis, die h\u00e4ufig in High-End-Anwendungen wie Katalyse, Optoelektronik und Verbundwerkstoffen aus Seltenerdmetallen verwendet wird. Es hat eine ausgezeichnete chemische Stabilit\u00e4t und eine gute elektrische Leitf\u00e4higkeit und wird h\u00e4ufig in der Elektronik und im Energiesektor eingesetzt. Das Pulver ist ein wei\u00dfer oder hellgelber Feststoff mit hoher thermischer [&hellip;]<\/p>\n","protected":false},"featured_media":5523,"template":"","meta":{"_acf_changed":false},"product_brand":[132],"product_cat":[336],"product_tag":[441],"class_list":{"0":"post-12267","1":"product","2":"type-product","3":"status-publish","4":"has-post-thumbnail","6":"product_brand-ulpmat","7":"product_cat-oxide","8":"product_tag-materialien-der-seltenen-erden","10":"first","11":"instock","12":"shipping-taxable","13":"product-type-variable"},"acf":[],"_links":{"self":[{"href":"https:\/\/ulpmat.com\/de\/wp-json\/wp\/v2\/product\/12267","targetHints":{"allow":["GET"]}}],"collection":[{"href":"https:\/\/ulpmat.com\/de\/wp-json\/wp\/v2\/product"}],"about":[{"href":"https:\/\/ulpmat.com\/de\/wp-json\/wp\/v2\/types\/product"}],"wp:featuredmedia":[{"embeddable":true,"href":"https:\/\/ulpmat.com\/de\/wp-json\/wp\/v2\/media\/5523"}],"wp:attachment":[{"href":"https:\/\/ulpmat.com\/de\/wp-json\/wp\/v2\/media?parent=12267"}],"wp:term":[{"taxonomy":"product_brand","embeddable":true,"href":"https:\/\/ulpmat.com\/de\/wp-json\/wp\/v2\/product_brand?post=12267"},{"taxonomy":"product_cat","embeddable":true,"href":"https:\/\/ulpmat.com\/de\/wp-json\/wp\/v2\/product_cat?post=12267"},{"taxonomy":"product_tag","embeddable":true,"href":"https:\/\/ulpmat.com\/de\/wp-json\/wp\/v2\/product_tag?post=12267"}],"curies":[{"name":"wp","href":"https:\/\/api.w.org\/{rel}","templated":true}]}}