{"id":12214,"date":"2025-07-18T17:14:57","date_gmt":"2025-07-18T09:14:57","guid":{"rendered":"https:\/\/ulpmat.com\/product\/lanthan-titan-oxid\/"},"modified":"2025-07-18T17:14:57","modified_gmt":"2025-07-18T09:14:57","slug":"lanthan-titan-oxid","status":"publish","type":"product","link":"https:\/\/ulpmat.com\/de\/produkt\/lanthan-titan-oxid\/","title":{"rendered":"Lanthan-Titan-Oxid"},"content":{"rendered":"<h2><span style=\"font-size: 14pt;\">Lanthan-Titan-Oxid-Sputter-Target \u00dcbersicht<\/span><\/h2>\n<p><strong><span style=\"color: #3366ff;\"><a style=\"color: #3366ff;\" href=\"https:\/\/ulpmat.com\/de\/search\/?type=element&#038;keyword=La%2CTi%2CO\">Lanthan-Titan-Oxid (LTO)<\/a><\/span><\/strong> sputtertarget ist ein Hochleistungsmaterial f\u00fcr die D\u00fcnnschichtabscheidung. Es hat eine extrem hohe thermische Stabilit\u00e4t und hervorragende physikalische und chemische Eigenschaften. Es wird h\u00e4ufig f\u00fcr die Abscheidung von D\u00fcnnschichten in der Elektronik, Optik und in Hochtemperaturumgebungen verwendet. Die hohe Dichte und die ausgezeichnete Stabilit\u00e4t dieses Materials gew\u00e4hrleisten eine gleichm\u00e4\u00dfige Abscheidung von D\u00fcnnschichten und eine hervorragende Haftung, und es eignet sich f\u00fcr verschiedene High-End-Bereiche.<\/p>\n<p>Wir bieten Lanthan-Titanoxid-Sputter-Targets in verschiedenen Gr\u00f6\u00dfen und Formen an, z. B. rund, rechteckig usw., und k\u00f6nnen je nach Kundenwunsch angepasst werden. Gleichzeitig bieten wir einen umfassenden Kundendienst an, um sicherzustellen, dass sich die Benutzer w\u00e4hrend der Nutzung keine Sorgen machen m\u00fcssen.<\/p>\n<h2><span style=\"font-size: 14pt;\">Produkt-Highlights<\/span><\/h2>\n<p>Hochreines LTO: 99,99 %<br \/>\nHohe Dichte zur Gew\u00e4hrleistung einer gleichm\u00e4\u00dfigen D\u00fcnnschichtabscheidung<br \/>\nGr\u00f6\u00dfe und Form anpassbar<br \/>\nZielbindung kann bereitgestellt werden<\/p>\n<h2><span style=\"font-size: 14pt;\">Anwendungen von Lanthan-Titanoxid-Sputter-Targets<\/span><\/h2>\n<p>Halbleiter: Weit verbreitet in dielektrischen Schichten, leitenden Schichten und Verbindungsschichten bei der Halbleiterherstellung. Die hohe Stabilit\u00e4t und Anpassungsf\u00e4higkeit von La\u2084Ti\u2085O\u2081\u2082 sorgen daf\u00fcr, dass es unter hohen Temperaturen und hohem Druck sehr gut funktioniert.<br \/>\nOptische Beschichtung: wird als optische Reflexionsschicht, optische Beschichtung und optische Ausr\u00fcstung verwendet, mit hohem Reflexionsverm\u00f6gen und Stabilit\u00e4t.<br \/>\nPhotovoltaik: Bei der D\u00fcnnschichtbeschichtung von Solarzellen bietet es ein hohes Reflexionsverm\u00f6gen und Langzeitstabilit\u00e4t, wodurch die Leistung von Photovoltaikzellen verbessert wird.<br \/>\nHochtemperaturumgebung: Das Zielmaterial kann einer Hochtemperatur-Vakuumumgebung standhalten und wird h\u00e4ufig bei chemischen Reaktionen und katalytischen Reaktionen bei hohen Temperaturen verwendet.<\/p>\n<h2><span style=\"font-size: 14pt;\">Bericht<\/span><\/h2>\n<p>Wir stellen ein Analysezertifikat (COA), ein Sicherheitsdatenblatt (MSDS) und andere relevante Berichte f\u00fcr jede Warencharge zur Verf\u00fcgung. Dar\u00fcber hinaus unterst\u00fctzen wir auch Pr\u00fcfungen durch Dritte, um die Qualit\u00e4tssicherung zu verbessern.<\/p>\n<h2><span style=\"font-size: 14pt;\">Warum sollten Sie uns w\u00e4hlen?<\/span><\/h2>\n<p>Unsere Lanthan-Titanoxid-Sputter-Targets haben eine ausgezeichnete Dichte, eine gleichm\u00e4\u00dfige Mikrostruktur und eine zuverl\u00e4ssige Leistung bei der D\u00fcnnschichtabscheidung. Als zuverl\u00e4ssiger Lieferant gew\u00e4hrleisten wir eine strenge Qualit\u00e4tskontrolle, individuelle Anpassungsm\u00f6glichkeiten, wettbewerbsf\u00e4hige Preise und eine sichere weltweite Lieferung, um sowohl Forschungs- als auch Industrieanwendungen zu unterst\u00fctzen.<\/p>\n","protected":false},"excerpt":{"rendered":"<p>Lanthan-Titan-Oxid-Sputter-Target \u00dcbersicht Lanthan-Titan-Oxid (LTO) sputtertarget ist ein Hochleistungsmaterial f\u00fcr die D\u00fcnnschichtabscheidung. Es hat eine extrem hohe thermische Stabilit\u00e4t und hervorragende physikalische und chemische Eigenschaften. Es wird h\u00e4ufig f\u00fcr die Abscheidung von D\u00fcnnschichten in der Elektronik, Optik und in Hochtemperaturumgebungen verwendet. Die hohe Dichte und die ausgezeichnete Stabilit\u00e4t dieses Materials gew\u00e4hrleisten eine gleichm\u00e4\u00dfige Abscheidung von D\u00fcnnschichten [&hellip;]<\/p>\n","protected":false},"featured_media":6873,"template":"","meta":{"_acf_changed":false},"product_brand":[132],"product_cat":[451],"product_tag":[1025,1026,1027,441],"class_list":{"0":"post-12214","1":"product","2":"type-product","3":"status-publish","4":"has-post-thumbnail","6":"product_brand-ulpmat","7":"product_cat-keramisches-sputtering-target","8":"product_tag-lanthan-titan-oxid","9":"product_tag-lanthantitanat","10":"product_tag-lto-de","11":"product_tag-materialien-der-seltenen-erden","13":"first","14":"instock","15":"shipping-taxable","16":"product-type-variable"},"acf":[],"_links":{"self":[{"href":"https:\/\/ulpmat.com\/de\/wp-json\/wp\/v2\/product\/12214","targetHints":{"allow":["GET"]}}],"collection":[{"href":"https:\/\/ulpmat.com\/de\/wp-json\/wp\/v2\/product"}],"about":[{"href":"https:\/\/ulpmat.com\/de\/wp-json\/wp\/v2\/types\/product"}],"wp:featuredmedia":[{"embeddable":true,"href":"https:\/\/ulpmat.com\/de\/wp-json\/wp\/v2\/media\/6873"}],"wp:attachment":[{"href":"https:\/\/ulpmat.com\/de\/wp-json\/wp\/v2\/media?parent=12214"}],"wp:term":[{"taxonomy":"product_brand","embeddable":true,"href":"https:\/\/ulpmat.com\/de\/wp-json\/wp\/v2\/product_brand?post=12214"},{"taxonomy":"product_cat","embeddable":true,"href":"https:\/\/ulpmat.com\/de\/wp-json\/wp\/v2\/product_cat?post=12214"},{"taxonomy":"product_tag","embeddable":true,"href":"https:\/\/ulpmat.com\/de\/wp-json\/wp\/v2\/product_tag?post=12214"}],"curies":[{"name":"wp","href":"https:\/\/api.w.org\/{rel}","templated":true}]}}