{"id":12157,"date":"2025-07-18T17:14:58","date_gmt":"2025-07-18T09:14:58","guid":{"rendered":"https:\/\/ulpmat.com\/product\/lanthanborid-2\/"},"modified":"2025-07-18T17:14:58","modified_gmt":"2025-07-18T09:14:58","slug":"lanthanborid-2","status":"publish","type":"product","link":"https:\/\/ulpmat.com\/de\/produkt\/lanthanborid-2\/","title":{"rendered":"Lanthanborid"},"content":{"rendered":"<h2><span style=\"font-size: 14pt;\">Lanthanborid-Stab \u00dcbersicht<\/span><\/h2>\n<p><strong><span style=\"color: #3366ff;\"><a style=\"color: #3366ff;\" href=\"https:\/\/ulpmat.com\/de\/search\/?type=name&#038;keyword=lab6\">Lanthan-Borid<\/a><\/span><\/strong> ist ein Hochleistungsmaterial, das f\u00fcr Anwendungen bei hohen Temperaturen und hohen Belastungen entwickelt wurde. Es hat eine ausgezeichnete W\u00e4rmeleitf\u00e4higkeit, hohe Temperaturbest\u00e4ndigkeit und H\u00e4rte und wird h\u00e4ufig in der High-End-Elektronik, in optischen Beschichtungen und speziellen Metallbeschichtungen verwendet.<\/p>\n<p>Wir bieten Lanthanborid-St\u00e4be in verschiedenen Gr\u00f6\u00dfen und Spezifikationen an, darunter Standardgr\u00f6\u00dfen und Sonderanfertigungen, um den Anforderungen der verschiedenen Kunden gerecht zu werden. Dar\u00fcber hinaus bieten wir unseren Kunden einen umfassenden Kundendienst. Wenn Sie Fragen zur Verwendung oder Technologie des Produkts haben, k\u00f6nnen Sie sich gerne an <span style=\"color: #3366ff;\"><a style=\"color: #3366ff;\" href=\"https:\/\/ulpmat.com\/de\/kontakt-us\/\">kontaktieren Sie uns<\/a><\/span>.<\/p>\n<h2><span style=\"font-size: 14pt;\">Produkt-Highlights<\/span><\/h2>\n<p>Hohe H\u00e4rte, geeignet f\u00fcr hohe Belastungen<br \/>\nGute W\u00e4rmeleitf\u00e4higkeit, geeignet f\u00fcr Hochtemperaturanwendungen<br \/>\nGr\u00f6\u00dfe und Form anpassbar<br \/>\nGeeignet f\u00fcr Hochtemperatur-Vakuumumgebung, spezielle Metallbeschichtung und optische Beschichtung<\/p>\n<h2><span style=\"font-size: 14pt;\">Anwendungen von Lanthanborid-St\u00e4ben<\/span><\/h2>\n<p>Hochtemperatur-Vakuum-Anwendung: Aufgrund seiner ausgezeichneten Hochtemperaturbest\u00e4ndigkeit werden LaB6-St\u00e4be h\u00e4ufig in Hochtemperatur-Vakuumumgebungen eingesetzt, z. B. f\u00fcr Hochtemperaturmaterialien und Vakuumbeschichtungsanlagen.<\/p>\n<p>Halbleiter und elektronische Ger\u00e4te: Lanthanborid-St\u00e4be werden aufgrund ihrer guten Leitf\u00e4higkeit und thermischen Stabilit\u00e4t h\u00e4ufig bei der Herstellung von Halbleitern und elektronischen Ger\u00e4ten verwendet.<\/p>\n<p>Optische Beschichtung: Im Bereich der optischen Beschichtung werden LaB\u2086-St\u00e4be als hochreflektierende Materialien f\u00fcr die Beschichtung von Reflektoren und Linsen verwendet.<\/p>\n<p>Spezielle Metallbeschichtungen: LaB6-St\u00e4be k\u00f6nnen die Verschlei\u00dffestigkeit und Korrosionsbest\u00e4ndigkeit von Beschichtungen wirksam verbessern und eignen sich f\u00fcr Beschichtungsanwendungen in der Luft- und Raumfahrt und im milit\u00e4rischen Bereich.<\/p>\n<p>Heizelemente f\u00fcr Hochtemperaturen: Aufgrund seiner hervorragenden W\u00e4rmeleitf\u00e4higkeit k\u00f6nnen LaB\u2086-St\u00e4be auch f\u00fcr die Herstellung von Heizelementen verwendet werden.<\/p>\n<h2><span style=\"font-size: 14pt;\">Berichte<\/span><\/h2>\n<p>Wir stellen f\u00fcr jede Lieferung Analysezertifikate (COA), Sicherheitsdatenbl\u00e4tter (MSDS) und andere relevante Berichte zur Verf\u00fcgung. Dar\u00fcber hinaus unterst\u00fctzen wir auch Pr\u00fcfungen durch Dritte, um die Qualit\u00e4tssicherung zu verbessern.<\/p>\n<h2><span style=\"font-size: 14pt;\">Warum sollten Sie uns w\u00e4hlen?<\/span><\/h2>\n<p>Als zuverl\u00e4ssiger Lieferant von <strong>hochreinem Lanthanhexaborid<\/strong> bieten wir hervorragende Elektronenemissionsleistung, kontrollierte Partikelgr\u00f6\u00dfe, gleichbleibende Qualit\u00e4t und zuverl\u00e4ssige Lieferung, unterst\u00fctzt durch professionelle technische Beratung f\u00fcr fortschrittliche elektronische und Vakuumanwendungen.<\/p>\n","protected":false},"excerpt":{"rendered":"<p>Lanthanborid-Stab \u00dcbersicht Lanthan-Borid ist ein Hochleistungsmaterial, das f\u00fcr Anwendungen bei hohen Temperaturen und hohen Belastungen entwickelt wurde. Es hat eine ausgezeichnete W\u00e4rmeleitf\u00e4higkeit, hohe Temperaturbest\u00e4ndigkeit und H\u00e4rte und wird h\u00e4ufig in der High-End-Elektronik, in optischen Beschichtungen und speziellen Metallbeschichtungen verwendet. Wir bieten Lanthanborid-St\u00e4be in verschiedenen Gr\u00f6\u00dfen und Spezifikationen an, darunter Standardgr\u00f6\u00dfen und Sonderanfertigungen, um den Anforderungen [&hellip;]<\/p>\n","protected":false},"featured_media":5553,"template":"","meta":{"_acf_changed":false},"product_brand":[132],"product_cat":[397],"product_tag":[441],"class_list":{"0":"post-12157","1":"product","2":"type-product","3":"status-publish","4":"has-post-thumbnail","6":"product_brand-ulpmat","7":"product_cat-andere-materialien","8":"product_tag-materialien-der-seltenen-erden","10":"first","11":"instock","12":"shipping-taxable","13":"product-type-variable"},"acf":[],"_links":{"self":[{"href":"https:\/\/ulpmat.com\/de\/wp-json\/wp\/v2\/product\/12157","targetHints":{"allow":["GET"]}}],"collection":[{"href":"https:\/\/ulpmat.com\/de\/wp-json\/wp\/v2\/product"}],"about":[{"href":"https:\/\/ulpmat.com\/de\/wp-json\/wp\/v2\/types\/product"}],"wp:featuredmedia":[{"embeddable":true,"href":"https:\/\/ulpmat.com\/de\/wp-json\/wp\/v2\/media\/5553"}],"wp:attachment":[{"href":"https:\/\/ulpmat.com\/de\/wp-json\/wp\/v2\/media?parent=12157"}],"wp:term":[{"taxonomy":"product_brand","embeddable":true,"href":"https:\/\/ulpmat.com\/de\/wp-json\/wp\/v2\/product_brand?post=12157"},{"taxonomy":"product_cat","embeddable":true,"href":"https:\/\/ulpmat.com\/de\/wp-json\/wp\/v2\/product_cat?post=12157"},{"taxonomy":"product_tag","embeddable":true,"href":"https:\/\/ulpmat.com\/de\/wp-json\/wp\/v2\/product_tag?post=12157"}],"curies":[{"name":"wp","href":"https:\/\/api.w.org\/{rel}","templated":true}]}}