{"id":12106,"date":"2025-07-18T17:14:59","date_gmt":"2025-07-18T09:14:59","guid":{"rendered":"https:\/\/ulpmat.com\/product\/lanthanchlorid\/"},"modified":"2025-07-18T17:14:59","modified_gmt":"2025-07-18T09:14:59","slug":"lanthanchlorid","status":"publish","type":"product","link":"https:\/\/ulpmat.com\/de\/produkt\/lanthanchlorid\/","title":{"rendered":"Lanthanchlorid"},"content":{"rendered":"<h2><span style=\"font-size: 14pt;\">Lanthanchloridpulver \u00dcbersicht<\/span><\/h2>\n<p><strong><span style=\"color: #3366ff;\"><a style=\"color: #3366ff;\" href=\"https:\/\/ulpmat.com\/de\/search\/?type=name&#038;keyword=LACL3\">Lanthanchlorid<\/a><\/span><\/strong> pulver ist eine hochreine Seltenerdchemikalie, die in der Katalysatorsynthese, bei der Gewinnung von Seltenerdmetallen, bei optischen Materialien, elektronischen Komponenten und bei der Wasseraufbereitung weit verbreitet ist. Es verf\u00fcgt \u00fcber eine ausgezeichnete L\u00f6slichkeit und chemische Stabilit\u00e4t und kann die Anforderungen zahlreicher Industriezweige erf\u00fcllen.<\/p>\n<p>Wir bieten Lanthanchlorid-Pulver in verschiedenen Spezifikationen an, die je nach Bedarf angepasst werden k\u00f6nnen. Au\u00dferdem bieten wir einen umfassenden Kundendienst an, um sicherzustellen, dass auf alle Ihre Bed\u00fcrfnisse schnell reagiert wird.<\/p>\n<h2><span style=\"font-size: 14pt;\">Produkt-Highlights<\/span><\/h2>\n<p>Hochreines LaCl3: 99.99%<br \/>\nAnpassbare Partikelgr\u00f6\u00dfe und -spezifikationen: Kundenspezifische Dienstleistungen werden entsprechend den verschiedenen Anwendungsanforderungen angeboten.<br \/>\nAnpassbare Verpackung<\/p>\n<h2><span style=\"font-size: 14pt;\">Anwendung von <\/span><span style=\"font-size: 14pt;\">Lanthanchlorid-Pulver<\/span><\/h2>\n<p>Extraktion von Seltenen Erden: Lanthanchlorid-Pulver ist ein wichtiges Zwischenprodukt f\u00fcr die Gewinnung von Seltenerdmetallen und findet breite Anwendung bei der Trennung und Reinigung von Seltenen Erden.<br \/>\nHerstellung von Katalysatoren: Als Katalysatorvorprodukt findet es breite Anwendung in katalytischen Prozessen wie der Petrochemie und der Abgasreinigung von Kraftfahrzeugen.<br \/>\nOptische Materialien: Es wird zur Herstellung von optischem Glas, Lasermaterialien und optischen Hochleistungskomponenten verwendet, um die Qualit\u00e4t und Stabilit\u00e4t optischer Produkte zu verbessern.<br \/>\nWasseraufbereitung: Lanthanchloridpulver kann als Flockungsmittel in der Wasseraufbereitung eingesetzt werden, um Schwermetalle und Schwebeteilchen im Wasser wirksam zu entfernen.<br \/>\nElektronische Komponenten: Weit verbreitet in elektronischen Keramiken, Kondensatoren und anderen Bereichen als Grundlage f\u00fcr Hochleistungsmaterialien.<\/p>\n<h2><span style=\"font-size: 14pt;\">Berichte<\/span><\/h2>\n<p>Wir stellen Analysezertifikate (COA), Sicherheitsdatenbl\u00e4tter (MSDS) und andere relevante Berichte f\u00fcr jede Charge von Waren zur Verf\u00fcgung. Dar\u00fcber hinaus unterst\u00fctzen wir auch Pr\u00fcfungen durch Dritte, um die Qualit\u00e4tssicherung zu verbessern.<\/p>\n<h2><span style=\"font-size: 14pt;\">Warum uns w\u00e4hlen\uff1f<\/span><\/h2>\n<p>Wir liefern <strong>hochreines Lanthanchloridpulver<\/strong> mit stabiler Qualit\u00e4t, konkurrenzf\u00e4higem Preis und zuverl\u00e4ssiger Lieferung. Als vertrauensw\u00fcrdiger LaCl3-Lieferant bieten wir Anpassungen, professionelle Unterst\u00fctzung und konsistente Materialien f\u00fcr Ihre fortschrittlichen Anwendungen.<\/p>\n","protected":false},"excerpt":{"rendered":"<p>Lanthanchloridpulver \u00dcbersicht Lanthanchlorid pulver ist eine hochreine Seltenerdchemikalie, die in der Katalysatorsynthese, bei der Gewinnung von Seltenerdmetallen, bei optischen Materialien, elektronischen Komponenten und bei der Wasseraufbereitung weit verbreitet ist. Es verf\u00fcgt \u00fcber eine ausgezeichnete L\u00f6slichkeit und chemische Stabilit\u00e4t und kann die Anforderungen zahlreicher Industriezweige erf\u00fcllen. Wir bieten Lanthanchlorid-Pulver in verschiedenen Spezifikationen an, die je nach [&hellip;]<\/p>\n","protected":false},"featured_media":5565,"template":"","meta":{"_acf_changed":false},"product_brand":[132],"product_cat":[318,319],"product_tag":[441],"class_list":{"0":"post-12106","1":"product","2":"type-product","3":"status-publish","4":"has-post-thumbnail","6":"product_brand-ulpmat","7":"product_cat-halogenid-materialien","8":"product_cat-materialien-der-seltenen-erden","9":"product_tag-materialien-der-seltenen-erden","11":"first","12":"instock","13":"shipping-taxable","14":"product-type-variable"},"acf":[],"_links":{"self":[{"href":"https:\/\/ulpmat.com\/de\/wp-json\/wp\/v2\/product\/12106","targetHints":{"allow":["GET"]}}],"collection":[{"href":"https:\/\/ulpmat.com\/de\/wp-json\/wp\/v2\/product"}],"about":[{"href":"https:\/\/ulpmat.com\/de\/wp-json\/wp\/v2\/types\/product"}],"wp:featuredmedia":[{"embeddable":true,"href":"https:\/\/ulpmat.com\/de\/wp-json\/wp\/v2\/media\/5565"}],"wp:attachment":[{"href":"https:\/\/ulpmat.com\/de\/wp-json\/wp\/v2\/media?parent=12106"}],"wp:term":[{"taxonomy":"product_brand","embeddable":true,"href":"https:\/\/ulpmat.com\/de\/wp-json\/wp\/v2\/product_brand?post=12106"},{"taxonomy":"product_cat","embeddable":true,"href":"https:\/\/ulpmat.com\/de\/wp-json\/wp\/v2\/product_cat?post=12106"},{"taxonomy":"product_tag","embeddable":true,"href":"https:\/\/ulpmat.com\/de\/wp-json\/wp\/v2\/product_tag?post=12106"}],"curies":[{"name":"wp","href":"https:\/\/api.w.org\/{rel}","templated":true}]}}