{"id":12074,"date":"2025-07-18T17:14:59","date_gmt":"2025-07-18T09:14:59","guid":{"rendered":"https:\/\/ulpmat.com\/product\/lanthanfluorid-3\/"},"modified":"2025-07-18T17:14:59","modified_gmt":"2025-07-18T09:14:59","slug":"lanthanfluorid-3","status":"publish","type":"product","link":"https:\/\/ulpmat.com\/de\/produkt\/lanthanfluorid-3\/","title":{"rendered":"Lanthanfluorid"},"content":{"rendered":"<h2><span style=\"font-size: 14pt;\">Lanthanfluorid-Granulat \u00dcbersicht<\/span><\/h2>\n<p><strong><span style=\"color: #3366ff;\"><a style=\"color: #3366ff;\" href=\"https:\/\/ulpmat.com\/de\/search\/?type=name&#038;keyword=laf3\">Lanthanfluorid (LaF3)<\/a><\/span><\/strong> granulat ist ein Hochleistungsmaterial, das f\u00fcr Anwendungen in den Bereichen Optik, Laser, Elektronik und Hochtemperatur entwickelt wurde. Mit seiner extrem hohen Reinheit und ausgezeichneten Kristallstruktur findet es breite Anwendung in der D\u00fcnnschichtabscheidung, in optischen Beschichtungen, Infrarotsensoren, Lasern und anderen Bereichen. Wir liefern qualitativ hochwertiges Lanthanfluorid-Granulat und k\u00f6nnen je nach Kundenbedarf ma\u00dfgeschneiderte Dienstleistungen anbieten.<\/p>\n<p>Wir bieten Lanthanfluorid-Granulat in verschiedenen Partikelgr\u00f6\u00dfen und -formen an, das f\u00fcr eine Vielzahl von Pr\u00e4zisionsprozessen geeignet ist, und gew\u00e4hrleisten Produktstabilit\u00e4t und Effizienz. Unser Kundendienstteam steht Ihnen jederzeit zur Verf\u00fcgung, um Ihre Fragen zu Produkten und Anwendungen zu beantworten und Ihre Erfahrungen zu sichern.<\/p>\n<h2><span style=\"font-size: 14pt;\">Produkt-Highlights<\/span><\/h2>\n<p>Reinheit: 99,99%<br \/>\nAusgezeichnete Kristallstruktur: gew\u00e4hrleistet Stabilit\u00e4t und Einheitlichkeit der Partikel<br \/>\nAnpassbare Partikelgr\u00f6\u00dfe und -form: Anpassung an eine Vielzahl von unterschiedlichen Anwendungsanforderungen<br \/>\nGeeignet f\u00fcr optische Beschichtungen, Lasertechnologie und Hochtemperaturmaterialanwendungen<br \/>\nAnpassbare Verpackung<\/p>\n<h2><span style=\"font-size: 14pt;\">Anwendungen von Lanthanfluorid-Granulat<\/span><\/h2>\n<p>Optische Beschichtung: LaF3-Granulat wird h\u00e4ufig in Beschichtungen und Linsen f\u00fcr infrarotoptische Komponenten mit ausgezeichneter Lichtdurchl\u00e4ssigkeit und niedrigem Brechungsindex verwendet.<\/p>\n<p>Laser-Verst\u00e4rkungsmedium: In Festk\u00f6rperlasern und Faserlasern werden LaF\u2083-Partikel als Verst\u00e4rkungsmedium und Laserfenstermaterial verwendet.<\/p>\n<p>Infrarotsensor: Lanthanfluoridgranulat hat eine gute Infrarotdurchl\u00e4ssigkeit und eignet sich f\u00fcr Infrarotdetektion und Infrarotsensoranwendungen.<\/p>\n<p>Keramische Materialien f\u00fcr hohe Temperaturen: Aufgrund seines hohen Schmelzpunkts und seiner Hitzebest\u00e4ndigkeit wird Lanthanfluoridgranulat h\u00e4ufig f\u00fcr die Herstellung von Hochtemperaturkeramik und elektrischen Materialien verwendet.<\/p>\n<p>D\u00fcnnschichtabscheidung: Als Schl\u00fcsselkomponente in optischen Beschichtungen und D\u00fcnnschichtmaterialien kann es Filme mit hoher Dichte bilden.<\/p>\n<h2><span style=\"font-size: 14pt;\">Berichte<\/span><\/h2>\n<p>Wir stellen Analysezertifikate (COA), Sicherheitsdatenbl\u00e4tter (MSDS) und andere relevante Berichte f\u00fcr jede Charge von Waren zur Verf\u00fcgung. Dar\u00fcber hinaus unterst\u00fctzen wir auch Pr\u00fcfungen durch Dritte f\u00fcr eine verbesserte Qualit\u00e4tssicherung.<\/p>\n","protected":false},"excerpt":{"rendered":"<p>Lanthanfluorid-Granulat \u00dcbersicht Lanthanfluorid (LaF3) granulat ist ein Hochleistungsmaterial, das f\u00fcr Anwendungen in den Bereichen Optik, Laser, Elektronik und Hochtemperatur entwickelt wurde. Mit seiner extrem hohen Reinheit und ausgezeichneten Kristallstruktur findet es breite Anwendung in der D\u00fcnnschichtabscheidung, in optischen Beschichtungen, Infrarotsensoren, Lasern und anderen Bereichen. Wir liefern qualitativ hochwertiges Lanthanfluorid-Granulat und k\u00f6nnen je nach Kundenbedarf ma\u00dfgeschneiderte [&hellip;]<\/p>\n","protected":false},"featured_media":5583,"template":"","meta":{"_acf_changed":false},"product_brand":[132],"product_cat":[299],"product_tag":[441],"class_list":{"0":"post-12074","1":"product","2":"type-product","3":"status-publish","4":"has-post-thumbnail","6":"product_brand-ulpmat","7":"product_cat-verdampfen-von-materialien","8":"product_tag-materialien-der-seltenen-erden","10":"first","11":"instock","12":"shipping-taxable","13":"product-type-variable"},"acf":[],"_links":{"self":[{"href":"https:\/\/ulpmat.com\/de\/wp-json\/wp\/v2\/product\/12074","targetHints":{"allow":["GET"]}}],"collection":[{"href":"https:\/\/ulpmat.com\/de\/wp-json\/wp\/v2\/product"}],"about":[{"href":"https:\/\/ulpmat.com\/de\/wp-json\/wp\/v2\/types\/product"}],"wp:featuredmedia":[{"embeddable":true,"href":"https:\/\/ulpmat.com\/de\/wp-json\/wp\/v2\/media\/5583"}],"wp:attachment":[{"href":"https:\/\/ulpmat.com\/de\/wp-json\/wp\/v2\/media?parent=12074"}],"wp:term":[{"taxonomy":"product_brand","embeddable":true,"href":"https:\/\/ulpmat.com\/de\/wp-json\/wp\/v2\/product_brand?post=12074"},{"taxonomy":"product_cat","embeddable":true,"href":"https:\/\/ulpmat.com\/de\/wp-json\/wp\/v2\/product_cat?post=12074"},{"taxonomy":"product_tag","embeddable":true,"href":"https:\/\/ulpmat.com\/de\/wp-json\/wp\/v2\/product_tag?post=12074"}],"curies":[{"name":"wp","href":"https:\/\/api.w.org\/{rel}","templated":true}]}}