{"id":12027,"date":"2025-07-18T17:15:00","date_gmt":"2025-07-18T09:15:00","guid":{"rendered":"https:\/\/ulpmat.com\/product\/lanthan-eisen-oxid\/"},"modified":"2025-07-18T17:15:00","modified_gmt":"2025-07-18T09:15:00","slug":"lanthan-eisen-oxid","status":"publish","type":"product","link":"https:\/\/ulpmat.com\/de\/produkt\/lanthan-eisen-oxid\/","title":{"rendered":"Lanthan-Eisen-Oxid"},"content":{"rendered":"<h2><span style=\"font-size: 14pt;\">Lanthan-Eisen-Oxid-Sputter-Target \u00dcbersicht<\/span><\/h2>\n<p><strong><span style=\"color: #3366ff;\"><a style=\"color: #3366ff;\" href=\"https:\/\/ulpmat.com\/de\/search\/?type=element&#038;keyword=La%2CFe%2CO\">Lanthan-Eisenoxid<\/a><\/span><\/strong> ist ein multifunktionales Oxid-Target mit Perowskit-Struktur, das in Forschung und Industrie weit verbreitet ist, z. B. in den Bereichen Katalyse, Elektrokatalyse, Gassensorik, Optoelektronik, Ferroelektrik und Magnetfilme. Wir bieten 99,9 % reine Lanthaneisenoxid-Targets an, die durch Pr\u00e4zisionssinter- und Verdichtungsprozesse verarbeitet werden, um eine hervorragende Schichtkonsistenz, Dichte und chemische Stabilit\u00e4t zu gew\u00e4hrleisten, die den komplexen Prozessanforderungen gerecht werden.<\/p>\n<p>Wir k\u00f6nnen Lanthan-Eisenoxid-Targets in verschiedenen Formen und Gr\u00f6\u00dfen liefern, die auch entsprechend Ihren spezifischen Anlagenparametern und Forschungsanforderungen angepasst werden k\u00f6nnen. Gleichzeitig bieten wir umfassende technische Unterst\u00fctzung und einen Kundendienst, der Ihnen hilft, die Leistung Ihrer Materialien zu maximieren.<\/p>\n<h2><span style=\"font-size: 14pt;\">Produkt-Highlights<\/span><\/h2>\n<p>Reinheit: 99,9%, geringer Gehalt an Verunreinigungen, ausgezeichnete Stabilit\u00e4t<br \/>\nKeramik-Target mit hoher Dichte, geeignet f\u00fcr Verfahren wie Magnetron-Sputtern und Pulsed Laser Deposition (PLD)<br \/>\nUnterst\u00fctzt kundenspezifische Spezifikationen und Sinterparameter<br \/>\nTargetbindungsservice ist verf\u00fcgbar<br \/>\nPerowskit-Struktur mit ausgezeichnetem Elektronentransport und Redox-Aktivit\u00e4t<\/p>\n<h2><span style=\"font-size: 14pt;\">Anwendungen von Lanthan-Eisenoxid-Sputter-Targets<\/span><\/h2>\n<p>Gassensoren und katalytische Filme: LaFeO3 zeigt eine hervorragende Reaktion und Selektivit\u00e4t bei der Gasdetektion bei hohen Temperaturen und bei der Umwelt\u00fcberwachung.<br \/>\nElektrokatalyse und Brennstoffzellen: Als Kathodenmaterial zeigt es eine gute katalytische Leistung bei der Sauerstoffreduktion und ist f\u00fcr Festoxid-Brennstoffzellen (SOFC) geeignet.<br \/>\nMagnetische und multiferroische Materialforschung: Es kann zur Herstellung von Funktionsschichten mit antiferromagnetischen oder ferroelektrischen Eigenschaften verwendet werden.<br \/>\nOptoelektronik und Sensoren: Aufgrund seiner Lichtabsorptions- und Ladungstransporteigenschaften bietet es breite Perspektiven f\u00fcr die Photokatalyse und optoelektronische Ger\u00e4te.<\/p>\n<h2><span style=\"font-size: 14pt;\">Berichte<\/span><\/h2>\n<p>Wir stellen Analysezertifikate (COA), Sicherheitsdatenbl\u00e4tter (MSDS) und andere relevante Berichte f\u00fcr jede Charge von Waren zur Verf\u00fcgung. Dar\u00fcber hinaus unterst\u00fctzen wir auch Pr\u00fcfungen durch Dritte, um die Qualit\u00e4tssicherung zu verbessern.<\/p>\n<h2><span style=\"font-size: 14pt;\">Warum sollten Sie uns w\u00e4hlen?<\/span><\/h2>\n<p>Wir bieten <strong>hochreine Lanthaneisenoxid-Sputtertargets<\/strong> mit ausgezeichneter Dichte, gleichm\u00e4\u00dfiger Mikrostruktur und zuverl\u00e4ssiger Leistung bei der D\u00fcnnschichtabscheidung. Als professioneller Anbieter bieten wir kundenspezifische Anpassungen, strenge Qualit\u00e4tskontrollen, wettbewerbsf\u00e4hige Preise und eine sichere weltweite Lieferung, um stabile Ergebnisse f\u00fcr Ihre Forschungs- und Industrieanwendungen zu gew\u00e4hrleisten.<\/p>\n","protected":false},"excerpt":{"rendered":"<p>Lanthan-Eisen-Oxid-Sputter-Target \u00dcbersicht Lanthan-Eisenoxid ist ein multifunktionales Oxid-Target mit Perowskit-Struktur, das in Forschung und Industrie weit verbreitet ist, z. B. in den Bereichen Katalyse, Elektrokatalyse, Gassensorik, Optoelektronik, Ferroelektrik und Magnetfilme. Wir bieten 99,9 % reine Lanthaneisenoxid-Targets an, die durch Pr\u00e4zisionssinter- und Verdichtungsprozesse verarbeitet werden, um eine hervorragende Schichtkonsistenz, Dichte und chemische Stabilit\u00e4t zu gew\u00e4hrleisten, die den [&hellip;]<\/p>\n","protected":false},"featured_media":5595,"template":"","meta":{"_acf_changed":false},"product_brand":[132],"product_cat":[451],"product_tag":[441],"class_list":{"0":"post-12027","1":"product","2":"type-product","3":"status-publish","4":"has-post-thumbnail","6":"product_brand-ulpmat","7":"product_cat-keramisches-sputtering-target","8":"product_tag-materialien-der-seltenen-erden","10":"first","11":"instock","12":"shipping-taxable","13":"product-type-variable"},"acf":[],"_links":{"self":[{"href":"https:\/\/ulpmat.com\/de\/wp-json\/wp\/v2\/product\/12027","targetHints":{"allow":["GET"]}}],"collection":[{"href":"https:\/\/ulpmat.com\/de\/wp-json\/wp\/v2\/product"}],"about":[{"href":"https:\/\/ulpmat.com\/de\/wp-json\/wp\/v2\/types\/product"}],"wp:featuredmedia":[{"embeddable":true,"href":"https:\/\/ulpmat.com\/de\/wp-json\/wp\/v2\/media\/5595"}],"wp:attachment":[{"href":"https:\/\/ulpmat.com\/de\/wp-json\/wp\/v2\/media?parent=12027"}],"wp:term":[{"taxonomy":"product_brand","embeddable":true,"href":"https:\/\/ulpmat.com\/de\/wp-json\/wp\/v2\/product_brand?post=12027"},{"taxonomy":"product_cat","embeddable":true,"href":"https:\/\/ulpmat.com\/de\/wp-json\/wp\/v2\/product_cat?post=12027"},{"taxonomy":"product_tag","embeddable":true,"href":"https:\/\/ulpmat.com\/de\/wp-json\/wp\/v2\/product_tag?post=12027"}],"curies":[{"name":"wp","href":"https:\/\/api.w.org\/{rel}","templated":true}]}}