{"id":11987,"date":"2025-07-18T17:15:01","date_gmt":"2025-07-18T09:15:01","guid":{"rendered":"https:\/\/ulpmat.com\/product\/lanthan-nickel-legierung-2\/"},"modified":"2025-07-18T17:15:01","modified_gmt":"2025-07-18T09:15:01","slug":"lanthan-nickel-legierung-2","status":"publish","type":"product","link":"https:\/\/ulpmat.com\/de\/produkt\/lanthan-nickel-legierung-2\/","title":{"rendered":"Lanthan-Nickel-Legierung"},"content":{"rendered":"<h2><span style=\"font-size: 14pt;\">Lanthan-Nickel-Legierung \u00dcbersicht<\/span><\/h2>\n<p><strong><span style=\"color: #3366ff;\"><a style=\"color: #3366ff;\" href=\"https:\/\/ulpmat.com\/de\/search\/?type=element&#038;keyword=La%2CNi\">Lanthan-Nickel-Legierung (LaNi5)<\/a><\/span><\/strong> granulate sind hochleistungsf\u00e4hige Legierungsmaterialien, die f\u00fcr die Wasserstoffspeicherung und als Funktionsmaterialien entwickelt wurden. Aufgrund ihrer reinen Zusammensetzung, stabilen Struktur, hervorragenden Wasserstoffspeicherkapazit\u00e4t und guten chemischen Stabilit\u00e4t werden sie in vielen High-End-Bereichen wie Energie, Katalyse und Legierungsherstellung eingesetzt.<\/p>\n<p>Wir bieten qualitativ hochwertiges Lanthan-Nickel-Legierungsgranulat an, das je nach Kundenwunsch in verschiedenen Gr\u00f6\u00dfen hergestellt werden kann. Unsere Produkte werden streng kontrolliert, um eine stabile und zuverl\u00e4ssige Materialleistung zu gew\u00e4hrleisten. Gleichzeitig bieten wir einen umfassenden technischen Kundendienst an, um den Kunden bei der L\u00f6sung von Problemen zu helfen, die w\u00e4hrend des Gebrauchs auftreten.<\/p>\n<h2><span style=\"font-size: 14pt;\">Produkt-Highlights<\/span><\/h2>\n<p>Die Gr\u00f6\u00dfe kann je nach Kundenwunsch angepasst werden<br \/>\nGeeignet f\u00fcr Wasserstoffspeichermaterialien, Katalysatoren und Legierungsvorbereitung<br \/>\nAnpassbare Verpackung<\/p>\n<h2><span style=\"font-size: 14pt;\">Anwendungen von Lanthan-Nickel-Legierungsgranulat<\/span><\/h2>\n<p>Materialien zur Wasserstoffspeicherung: Aufgrund seiner hervorragenden Wasserstoffabsorptions- und -desorptionseigenschaften wird es h\u00e4ufig in Metallhydrid-Wasserstoffspeichersystemen eingesetzt.<br \/>\nKatalysatortr\u00e4ger: Bietet eine gute Aktivit\u00e4t und Stabilit\u00e4t bei katalytischen Reaktionen.<br \/>\nHerstellung von Legierungen: Als Schl\u00fcsselrohstoff f\u00fcr die Herstellung von Funktionslegierungen erf\u00fcllt es verschiedene Anwendungsanforderungen.<\/p>\n<h2><span style=\"font-size: 14pt;\">Berichte<\/span><\/h2>\n<p>Wir stellen detaillierte Analysezertifikate (COA), Sicherheitsdatenbl\u00e4tter (MSDS) und zugeh\u00f6rige technische Berichte f\u00fcr jede Produktcharge zur Verf\u00fcgung. Wir unterst\u00fctzen auch Pr\u00fcfungen durch Dritte, um sicherzustellen, dass die Produktqualit\u00e4t den h\u00f6chsten Standards entspricht.<\/p>\n<h2><span style=\"font-size: 14pt;\">Warum sollten Sie uns w\u00e4hlen?<\/span><\/h2>\n<p>Als zuverl\u00e4ssiger Lieferant von hochwertigen Lanthan-Nickel-Legierungen (LaNi5) bieten wir eine hervorragende Wasserstoffspeicherleistung, eine stabile Zusammensetzung, eine gleichbleibende Qualit\u00e4t und eine zuverl\u00e4ssige Lieferung, unterst\u00fctzt durch professionellen technischen Support, um sowohl Forschungs- als auch industrielle Energieanwendungen zu erf\u00fcllen.<\/p>\n","protected":false},"excerpt":{"rendered":"<p>Lanthan-Nickel-Legierung \u00dcbersicht Lanthan-Nickel-Legierung (LaNi5) granulate sind hochleistungsf\u00e4hige Legierungsmaterialien, die f\u00fcr die Wasserstoffspeicherung und als Funktionsmaterialien entwickelt wurden. Aufgrund ihrer reinen Zusammensetzung, stabilen Struktur, hervorragenden Wasserstoffspeicherkapazit\u00e4t und guten chemischen Stabilit\u00e4t werden sie in vielen High-End-Bereichen wie Energie, Katalyse und Legierungsherstellung eingesetzt. Wir bieten qualitativ hochwertiges Lanthan-Nickel-Legierungsgranulat an, das je nach Kundenwunsch in verschiedenen Gr\u00f6\u00dfen hergestellt werden [&hellip;]<\/p>\n","protected":false},"featured_media":5607,"template":"","meta":{"_acf_changed":false},"product_brand":[132],"product_cat":[299],"product_tag":[441],"class_list":{"0":"post-11987","1":"product","2":"type-product","3":"status-publish","4":"has-post-thumbnail","6":"product_brand-ulpmat","7":"product_cat-verdampfen-von-materialien","8":"product_tag-materialien-der-seltenen-erden","10":"first","11":"instock","12":"shipping-taxable","13":"product-type-variable"},"acf":[],"_links":{"self":[{"href":"https:\/\/ulpmat.com\/de\/wp-json\/wp\/v2\/product\/11987","targetHints":{"allow":["GET"]}}],"collection":[{"href":"https:\/\/ulpmat.com\/de\/wp-json\/wp\/v2\/product"}],"about":[{"href":"https:\/\/ulpmat.com\/de\/wp-json\/wp\/v2\/types\/product"}],"wp:featuredmedia":[{"embeddable":true,"href":"https:\/\/ulpmat.com\/de\/wp-json\/wp\/v2\/media\/5607"}],"wp:attachment":[{"href":"https:\/\/ulpmat.com\/de\/wp-json\/wp\/v2\/media?parent=11987"}],"wp:term":[{"taxonomy":"product_brand","embeddable":true,"href":"https:\/\/ulpmat.com\/de\/wp-json\/wp\/v2\/product_brand?post=11987"},{"taxonomy":"product_cat","embeddable":true,"href":"https:\/\/ulpmat.com\/de\/wp-json\/wp\/v2\/product_cat?post=11987"},{"taxonomy":"product_tag","embeddable":true,"href":"https:\/\/ulpmat.com\/de\/wp-json\/wp\/v2\/product_tag?post=11987"}],"curies":[{"name":"wp","href":"https:\/\/api.w.org\/{rel}","templated":true}]}}